
{"id":55,"date":"2024-11-05T11:05:51","date_gmt":"2024-11-05T11:05:51","guid":{"rendered":"https:\/\/residence-paris-asnieres.ms2.decms.eu\/?page_id=55"},"modified":"2024-11-05T11:28:03","modified_gmt":"2024-11-05T11:28:03","slug":"apartamento-19-m%c2%b2-2-pers","status":"publish","type":"page","link":"https:\/\/www.residence-paris-asnieres.com\/es\/apartamentos\/apartamento-19-m%c2%b2-2-pers\/","title":{"rendered":"Apartamento 19 m\u00b2 &#8211; 2 pers."},"content":{"rendered":"<p style=\"text-align: center;\"><strong>Superficie<\/strong>: 19 m\u00b2<br \/>\n<strong>Camas<\/strong>: 1 x Cama doble<br \/>\n<strong>Personas<\/strong>: 1 o 2 personas<\/p>\n<p>Un estudio para una o dos personas se compone de :<\/p>\n<ul>\n<li>una entrada,<\/li>\n<li>una sala de ba\u00f1o WC privada con secador, espejo de aumento, ropa de ba\u00f1o, kit de bienvenida,<\/li>\n<li>un sal\u00f3n,<\/li>\n<li>una cocina equipada (placas el\u00e9ctricas, frigor\u00edfico, horno microondas, cafetera Nespresso, hervidor el\u00e9ctrico, tostador, armarios, utensilios, vajilla \u2026)<\/li>\n<li>No fumador \u2013 Televisi\u00f3n con pantalla plana cadenas tem\u00e1ticas &#8211; Internet por wifi<\/li>\n<\/ul>\n","protected":false},"excerpt":{"rendered":"<p>Superficie: 19 m\u00b2 Camas: 1 x Cama doble Personas: 1 o 2 personas Un estudio para una o dos personas se compone de : una entrada, una sala de ba\u00f1o WC privada con secador, espejo de aumento, ropa de ba\u00f1o, kit de bienvenida, un sal\u00f3n, una cocina equipada (placas el\u00e9ctricas, frigor\u00edfico, horno microondas, cafetera Nespresso, [&hellip;]<\/p>\n","protected":false},"author":13,"featured_media":0,"parent":37,"menu_order":220,"comment_status":"closed","ping_status":"closed","template":"template-single-room.php","meta":{"footnotes":""},"yoast_head":"<!-- This site is optimized with the Yoast SEO plugin v22.3 - https:\/\/yoast.com\/wordpress\/plugins\/seo\/ -->\n<title>Apartamento 19 m\u00b2 - 2 pers. - R\u00e9sidence Paris Asni\u00e8res<\/title>\n<meta name=\"description\" content=\"Superficie: 19 m\u00b2 Camas: 1 x Cama doble Personas: 1 o 2 personas Un estudio para una o dos personas se compone de :   una entrada,  una sala de ba\u00f1o WC privada con secador, espejo de aumento, ropa de ba\u00f1o, kit de bienvenida,  un sal\u00f3n,  una cocina equipada (placas el\u00e9ctricas, frigor\u00edfico, horno microondas, cafetera Nespresso, hervidor el\u00e9ctrico, tostador, armarios, utensilios, vajilla \u2026)  No fumador \u2013 Televisi\u00f3n con pantalla plana cadenas tem\u00e1ticas - Internet por wifi .\" \/>\n<meta name=\"robots\" content=\"index, follow, max-snippet:-1, max-image-preview:large, max-video-preview:-1\" \/>\n<link rel=\"canonical\" href=\"https:\/\/www.residence-paris-asnieres.com\/es\/apartamentos\/apartamento-19-m%c2%b2-2-pers\/\" \/>\n<meta property=\"og:locale\" content=\"es_ES\" \/>\n<meta property=\"og:type\" content=\"article\" \/>\n<meta property=\"og:title\" content=\"Apartamento 19 m\u00b2 - 2 pers. - R\u00e9sidence Paris Asni\u00e8res\" \/>\n<meta property=\"og:description\" content=\"Superficie: 19 m\u00b2 Camas: 1 x Cama doble Personas: 1 o 2 personas Un estudio para una o dos personas se compone de :   una entrada,  una sala de ba\u00f1o WC privada con secador, espejo de aumento, ropa de ba\u00f1o, kit de bienvenida,  un sal\u00f3n,  una cocina equipada (placas el\u00e9ctricas, frigor\u00edfico, horno microondas, cafetera Nespresso, hervidor el\u00e9ctrico, tostador, armarios, utensilios, vajilla \u2026)  No fumador \u2013 Televisi\u00f3n con pantalla plana cadenas tem\u00e1ticas - Internet por wifi .\" \/>\n<meta property=\"og:url\" content=\"https:\/\/www.residence-paris-asnieres.com\/es\/apartamentos\/apartamento-19-m%c2%b2-2-pers\/\" \/>\n<meta property=\"og:site_name\" content=\"R\u00e9sidence Paris Asni\u00e8res\" \/>\n<meta property=\"article:modified_time\" content=\"2024-11-05T11:28:03+00:00\" \/>\n<meta property=\"og:image\" content=\"https:\/\/www.residence-paris-asnieres.com\/wp-content\/uploads\/sites\/178\/2024\/11\/residence_asnieres_home_slide01-1.jpg\" \/>\n\t<meta property=\"og:image:width\" content=\"2200\" \/>\n\t<meta property=\"og:image:height\" content=\"1200\" \/>\n\t<meta property=\"og:image:type\" content=\"image\/jpeg\" \/>\n<meta name=\"twitter:card\" content=\"summary_large_image\" \/>\n<meta name=\"twitter:label1\" content=\"Tiempo de lectura\" \/>\n\t<meta name=\"twitter:data1\" content=\"1 minuto\" \/>\n<script type=\"application\/ld+json\" class=\"yoast-schema-graph\">{\"@context\":\"https:\/\/schema.org\",\"@graph\":[{\"@type\":\"WebPage\",\"@id\":\"https:\/\/www.residence-paris-asnieres.com\/es\/apartamentos\/apartamento-19-m%c2%b2-2-pers\/\",\"url\":\"https:\/\/www.residence-paris-asnieres.com\/es\/apartamentos\/apartamento-19-m%c2%b2-2-pers\/\",\"name\":\"Apartamento 19 m\u00b2 - 2 pers. - R\u00e9sidence Paris Asni\u00e8res\",\"isPartOf\":{\"@id\":\"https:\/\/www.residence-paris-asnieres.com\/es\/#website\"},\"datePublished\":\"2024-11-05T11:05:51+00:00\",\"dateModified\":\"2024-11-05T11:28:03+00:00\",\"description\":\"Superficie: 19 m\u00b2 Camas: 1 x Cama doble Personas: 1 o 2 personas Un estudio para una o dos personas se compone de : \u2022 una entrada, \u2022 una sala de ba\u00f1o WC privada con secador, espejo de aumento, ropa de ba\u00f1o, kit de bienvenida, \u2022 un sal\u00f3n, \u2022 una cocina equipada (placas el\u00e9ctricas, frigor\u00edfico, horno microondas, cafetera Nespresso, hervidor el\u00e9ctrico, tostador, armarios, utensilios, vajilla \u2026) \u2022 No fumador \u2013 Televisi\u00f3n con pantalla plana cadenas tem\u00e1ticas - Internet por wifi .\",\"breadcrumb\":{\"@id\":\"https:\/\/www.residence-paris-asnieres.com\/es\/apartamentos\/apartamento-19-m%c2%b2-2-pers\/#breadcrumb\"},\"inLanguage\":\"es\",\"potentialAction\":[{\"@type\":\"ReadAction\",\"target\":[\"https:\/\/www.residence-paris-asnieres.com\/es\/apartamentos\/apartamento-19-m%c2%b2-2-pers\/\"]}]},{\"@type\":\"BreadcrumbList\",\"@id\":\"https:\/\/www.residence-paris-asnieres.com\/es\/apartamentos\/apartamento-19-m%c2%b2-2-pers\/#breadcrumb\",\"itemListElement\":[{\"@type\":\"ListItem\",\"position\":1,\"name\":\"Home\",\"item\":\"https:\/\/www.residence-paris-asnieres.com\/es\/\"},{\"@type\":\"ListItem\",\"position\":2,\"name\":\"Apartamentos\",\"item\":\"https:\/\/www.residence-paris-asnieres.com\/es\/appartements\/\"},{\"@type\":\"ListItem\",\"position\":3,\"name\":\"Apartamento 19 m\u00b2 &#8211; 2 pers.\"}]},{\"@type\":\"WebSite\",\"@id\":\"https:\/\/www.residence-paris-asnieres.com\/es\/#website\",\"url\":\"https:\/\/www.residence-paris-asnieres.com\/es\/\",\"name\":\"R\u00e9sidence Paris Asni\u00e8res\",\"description\":\"\",\"publisher\":{\"@id\":\"https:\/\/www.residence-paris-asnieres.com\/es\/#organization\"},\"potentialAction\":[{\"@type\":\"SearchAction\",\"target\":{\"@type\":\"EntryPoint\",\"urlTemplate\":\"https:\/\/www.residence-paris-asnieres.com\/es\/?s={search_term_string}\"},\"query-input\":\"required name=search_term_string\"}],\"inLanguage\":\"es\"},{\"@type\":\"Organization\",\"@id\":\"https:\/\/www.residence-paris-asnieres.com\/es\/#organization\",\"name\":\"R\u00e9sidence Paris Asni\u00e8res\",\"url\":\"https:\/\/www.residence-paris-asnieres.com\/es\/\",\"logo\":{\"@type\":\"ImageObject\",\"inLanguage\":\"es\",\"@id\":\"https:\/\/www.residence-paris-asnieres.com\/es\/#\/schema\/logo\/image\/\",\"url\":\"https:\/\/residence-paris-asnieres.ms2.decms.eu\/wp-content\/uploads\/sites\/178\/2024\/11\/logo-RESIDENCE_PARIS_ASNIERES-21.png\",\"contentUrl\":\"https:\/\/residence-paris-asnieres.ms2.decms.eu\/wp-content\/uploads\/sites\/178\/2024\/11\/logo-RESIDENCE_PARIS_ASNIERES-21.png\",\"width\":346,\"height\":77,\"caption\":\"R\u00e9sidence Paris Asni\u00e8res\"},\"image\":{\"@id\":\"https:\/\/www.residence-paris-asnieres.com\/es\/#\/schema\/logo\/image\/\"}}]}<\/script>\n<!-- \/ Yoast SEO plugin. -->","yoast_head_json":{"title":"Apartamento 19 m\u00b2 - 2 pers. - R\u00e9sidence Paris Asni\u00e8res","description":"Superficie: 19 m\u00b2 Camas: 1 x Cama doble Personas: 1 o 2 personas Un estudio para una o dos personas se compone de :   una entrada,  una sala de ba\u00f1o WC privada con secador, espejo de aumento, ropa de ba\u00f1o, kit de bienvenida,  un sal\u00f3n,  una cocina equipada (placas el\u00e9ctricas, frigor\u00edfico, horno microondas, cafetera Nespresso, hervidor el\u00e9ctrico, tostador, armarios, utensilios, vajilla \u2026)  No fumador \u2013 Televisi\u00f3n con pantalla plana cadenas tem\u00e1ticas - Internet por wifi .","robots":{"index":"index","follow":"follow","max-snippet":"max-snippet:-1","max-image-preview":"max-image-preview:large","max-video-preview":"max-video-preview:-1"},"canonical":"https:\/\/www.residence-paris-asnieres.com\/es\/apartamentos\/apartamento-19-m%c2%b2-2-pers\/","og_locale":"es_ES","og_type":"article","og_title":"Apartamento 19 m\u00b2 - 2 pers. - R\u00e9sidence Paris Asni\u00e8res","og_description":"Superficie: 19 m\u00b2 Camas: 1 x Cama doble Personas: 1 o 2 personas Un estudio para una o dos personas se compone de :   una entrada,  una sala de ba\u00f1o WC privada con secador, espejo de aumento, ropa de ba\u00f1o, kit de bienvenida,  un sal\u00f3n,  una cocina equipada (placas el\u00e9ctricas, frigor\u00edfico, horno microondas, cafetera Nespresso, hervidor el\u00e9ctrico, tostador, armarios, utensilios, vajilla \u2026)  No fumador \u2013 Televisi\u00f3n con pantalla plana cadenas tem\u00e1ticas - Internet por wifi .","og_url":"https:\/\/www.residence-paris-asnieres.com\/es\/apartamentos\/apartamento-19-m%c2%b2-2-pers\/","og_site_name":"R\u00e9sidence Paris Asni\u00e8res","article_modified_time":"2024-11-05T11:28:03+00:00","og_image":[{"width":2200,"height":1200,"url":"https:\/\/www.residence-paris-asnieres.com\/wp-content\/uploads\/sites\/178\/2024\/11\/residence_asnieres_home_slide01-1.jpg","type":"image\/jpeg"}],"twitter_card":"summary_large_image","twitter_misc":{"Tiempo de lectura":"1 minuto"},"schema":{"@context":"https:\/\/schema.org","@graph":[{"@type":"WebPage","@id":"https:\/\/www.residence-paris-asnieres.com\/es\/apartamentos\/apartamento-19-m%c2%b2-2-pers\/","url":"https:\/\/www.residence-paris-asnieres.com\/es\/apartamentos\/apartamento-19-m%c2%b2-2-pers\/","name":"Apartamento 19 m\u00b2 - 2 pers. - R\u00e9sidence Paris Asni\u00e8res","isPartOf":{"@id":"https:\/\/www.residence-paris-asnieres.com\/es\/#website"},"datePublished":"2024-11-05T11:05:51+00:00","dateModified":"2024-11-05T11:28:03+00:00","description":"Superficie: 19 m\u00b2 Camas: 1 x Cama doble Personas: 1 o 2 personas Un estudio para una o dos personas se compone de : \u2022 una entrada, \u2022 una sala de ba\u00f1o WC privada con secador, espejo de aumento, ropa de ba\u00f1o, kit de bienvenida, \u2022 un sal\u00f3n, \u2022 una cocina equipada (placas el\u00e9ctricas, frigor\u00edfico, horno microondas, cafetera Nespresso, hervidor el\u00e9ctrico, tostador, armarios, utensilios, vajilla \u2026) \u2022 No fumador \u2013 Televisi\u00f3n con pantalla plana cadenas tem\u00e1ticas - Internet por wifi .","breadcrumb":{"@id":"https:\/\/www.residence-paris-asnieres.com\/es\/apartamentos\/apartamento-19-m%c2%b2-2-pers\/#breadcrumb"},"inLanguage":"es","potentialAction":[{"@type":"ReadAction","target":["https:\/\/www.residence-paris-asnieres.com\/es\/apartamentos\/apartamento-19-m%c2%b2-2-pers\/"]}]},{"@type":"BreadcrumbList","@id":"https:\/\/www.residence-paris-asnieres.com\/es\/apartamentos\/apartamento-19-m%c2%b2-2-pers\/#breadcrumb","itemListElement":[{"@type":"ListItem","position":1,"name":"Home","item":"https:\/\/www.residence-paris-asnieres.com\/es\/"},{"@type":"ListItem","position":2,"name":"Apartamentos","item":"https:\/\/www.residence-paris-asnieres.com\/es\/appartements\/"},{"@type":"ListItem","position":3,"name":"Apartamento 19 m\u00b2 &#8211; 2 pers."}]},{"@type":"WebSite","@id":"https:\/\/www.residence-paris-asnieres.com\/es\/#website","url":"https:\/\/www.residence-paris-asnieres.com\/es\/","name":"R\u00e9sidence Paris Asni\u00e8res","description":"","publisher":{"@id":"https:\/\/www.residence-paris-asnieres.com\/es\/#organization"},"potentialAction":[{"@type":"SearchAction","target":{"@type":"EntryPoint","urlTemplate":"https:\/\/www.residence-paris-asnieres.com\/es\/?s={search_term_string}"},"query-input":"required name=search_term_string"}],"inLanguage":"es"},{"@type":"Organization","@id":"https:\/\/www.residence-paris-asnieres.com\/es\/#organization","name":"R\u00e9sidence Paris Asni\u00e8res","url":"https:\/\/www.residence-paris-asnieres.com\/es\/","logo":{"@type":"ImageObject","inLanguage":"es","@id":"https:\/\/www.residence-paris-asnieres.com\/es\/#\/schema\/logo\/image\/","url":"https:\/\/residence-paris-asnieres.ms2.decms.eu\/wp-content\/uploads\/sites\/178\/2024\/11\/logo-RESIDENCE_PARIS_ASNIERES-21.png","contentUrl":"https:\/\/residence-paris-asnieres.ms2.decms.eu\/wp-content\/uploads\/sites\/178\/2024\/11\/logo-RESIDENCE_PARIS_ASNIERES-21.png","width":346,"height":77,"caption":"R\u00e9sidence Paris Asni\u00e8res"},"image":{"@id":"https:\/\/www.residence-paris-asnieres.com\/es\/#\/schema\/logo\/image\/"}}]}},"acf":[],"_links":{"self":[{"href":"https:\/\/www.residence-paris-asnieres.com\/es\/wp-json\/wp\/v2\/pages\/55"}],"collection":[{"href":"https:\/\/www.residence-paris-asnieres.com\/es\/wp-json\/wp\/v2\/pages"}],"about":[{"href":"https:\/\/www.residence-paris-asnieres.com\/es\/wp-json\/wp\/v2\/types\/page"}],"author":[{"embeddable":true,"href":"https:\/\/www.residence-paris-asnieres.com\/es\/wp-json\/wp\/v2\/users\/13"}],"replies":[{"embeddable":true,"href":"https:\/\/www.residence-paris-asnieres.com\/es\/wp-json\/wp\/v2\/comments?post=55"}],"version-history":[{"count":0,"href":"https:\/\/www.residence-paris-asnieres.com\/es\/wp-json\/wp\/v2\/pages\/55\/revisions"}],"up":[{"embeddable":true,"href":"https:\/\/www.residence-paris-asnieres.com\/es\/wp-json\/wp\/v2\/pages\/37"}],"wp:attachment":[{"href":"https:\/\/www.residence-paris-asnieres.com\/es\/wp-json\/wp\/v2\/media?parent=55"}],"curies":[{"name":"wp","href":"https:\/\/api.w.org\/{rel}","templated":true}]}}