
{"id":5,"date":"2024-10-23T16:01:48","date_gmt":"2024-10-23T16:01:48","guid":{"rendered":"https:\/\/residence-paris-asnieres.ms2.decms.eu\/?page_id=5"},"modified":"2024-11-08T16:06:29","modified_gmt":"2024-11-08T16:06:29","slug":"residence-paris-asnieres","status":"publish","type":"page","link":"https:\/\/www.residence-paris-asnieres.com\/es\/","title":{"rendered":"Residencia Paris Asni\u00e8res"},"content":{"rendered":"<p>Nuestro apartahotel, situado en el centro de la ciudad de Asni\u00e8res-sur-Seine, consta de 50 apartamentos amueblados con servicios hoteleros: conexi\u00f3n gratuita a Internet, cocina americana equipada, kit de limpieza, kit de ba\u00f1o, kit dulce, kit salado, desayuno buffet ecol\u00f3gico, acceso gratuito al gimnasio, espacio de coworking, m\u00e1quinas expendedoras de vajilla ecol\u00f3gica, lavander\u00eda, tintorer\u00eda\u2026 \u00a1Puedes vivir all\u00ed como si estuvieras en casa!<\/p>\n<p style=\"text-align: left;\"><strong>Informaci\u00f3n<\/strong>: A la llegada, se solicitar\u00e1 un documento de identidad y la tarjeta de cr\u00e9dito utilizada para hacer la reserva.<\/p>\n","protected":false},"excerpt":{"rendered":"<p>Nuestro apartahotel, situado en el centro de la ciudad de Asni\u00e8res-sur-Seine, consta de 50 apartamentos amueblados con servicios hoteleros: conexi\u00f3n gratuita a Internet, cocina americana equipada, kit de limpieza, kit de ba\u00f1o, kit dulce, kit salado, desayuno buffet ecol\u00f3gico, acceso gratuito al gimnasio, espacio de coworking, m\u00e1quinas expendedoras de vajilla ecol\u00f3gica, lavander\u00eda, tintorer\u00eda\u2026 \u00a1Puedes vivir [&hellip;]<\/p>\n","protected":false},"author":13,"featured_media":0,"parent":0,"menu_order":10,"comment_status":"closed","ping_status":"closed","template":"","meta":{"footnotes":""},"yoast_head":"<!-- This site is optimized with the Yoast SEO plugin v22.3 - https:\/\/yoast.com\/wordpress\/plugins\/seo\/ -->\n<title>Residencia Paris Asni\u00e8res - R\u00e9sidence Paris Asni\u00e8res<\/title>\n<meta name=\"description\" content=\"Nuestro apartahotel, situado en el centro de la ciudad de Asni\u00e8res-sur-Seine, consta de 50 apartamentos amueblados con servicios hoteleros: conexi\u00f3n gratuita a Internet, cocina americana equipada, kit de limpieza, kit de ba\u00f1o, kit dulce, kit salado, desayuno buffet ecol\u00f3gico, acceso gratuito al gimnasio, espacio de coworking, m\u00e1quinas expendedoras de vajilla ecol\u00f3gica, lavander\u00eda, tintorer\u00eda\u2026 \u00a1Puedes vivir all\u00ed como si estuvieras en casa! Informaci\u00f3n: A la llegada, se solicitar\u00e1 un documento de identidad y la tarjeta de cr\u00e9dito utilizada para hacer la reserva..\" \/>\n<meta name=\"robots\" content=\"index, follow, max-snippet:-1, max-image-preview:large, max-video-preview:-1\" \/>\n<link rel=\"canonical\" href=\"https:\/\/www.residence-paris-asnieres.com\/es\/\" \/>\n<meta property=\"og:locale\" content=\"es_ES\" \/>\n<meta property=\"og:type\" content=\"article\" \/>\n<meta property=\"og:title\" content=\"Residencia Paris Asni\u00e8res - R\u00e9sidence Paris Asni\u00e8res\" \/>\n<meta property=\"og:description\" content=\"Nuestro apartahotel, situado en el centro de la ciudad de Asni\u00e8res-sur-Seine, consta de 50 apartamentos amueblados con servicios hoteleros: conexi\u00f3n gratuita a Internet, cocina americana equipada, kit de limpieza, kit de ba\u00f1o, kit dulce, kit salado, desayuno buffet ecol\u00f3gico, acceso gratuito al gimnasio, espacio de coworking, m\u00e1quinas expendedoras de vajilla ecol\u00f3gica, lavander\u00eda, tintorer\u00eda\u2026 \u00a1Puedes vivir all\u00ed como si estuvieras en casa! Informaci\u00f3n: A la llegada, se solicitar\u00e1 un documento de identidad y la tarjeta de cr\u00e9dito utilizada para hacer la reserva..\" \/>\n<meta property=\"og:url\" content=\"https:\/\/www.residence-paris-asnieres.com\/es\/\" \/>\n<meta property=\"og:site_name\" content=\"R\u00e9sidence Paris Asni\u00e8res\" \/>\n<meta property=\"article:modified_time\" content=\"2024-11-08T16:06:29+00:00\" \/>\n<meta property=\"og:image\" content=\"https:\/\/www.residence-paris-asnieres.com\/wp-content\/uploads\/sites\/178\/2024\/11\/residence_asnieres_home_slide01-1.jpg\" \/>\n\t<meta property=\"og:image:width\" content=\"2200\" \/>\n\t<meta property=\"og:image:height\" content=\"1200\" \/>\n\t<meta property=\"og:image:type\" content=\"image\/jpeg\" \/>\n<meta name=\"twitter:card\" content=\"summary_large_image\" \/>\n<meta name=\"twitter:label1\" content=\"Tiempo de lectura\" \/>\n\t<meta name=\"twitter:data1\" content=\"1 minuto\" \/>\n<script type=\"application\/ld+json\" class=\"yoast-schema-graph\">{\"@context\":\"https:\/\/schema.org\",\"@graph\":[{\"@type\":\"WebPage\",\"@id\":\"https:\/\/www.residence-paris-asnieres.com\/es\/\",\"url\":\"https:\/\/www.residence-paris-asnieres.com\/es\/\",\"name\":\"Residencia Paris Asni\u00e8res - R\u00e9sidence Paris Asni\u00e8res\",\"isPartOf\":{\"@id\":\"https:\/\/www.residence-paris-asnieres.com\/es\/#website\"},\"datePublished\":\"2024-10-23T16:01:48+00:00\",\"dateModified\":\"2024-11-08T16:06:29+00:00\",\"description\":\"Nuestro apartahotel, situado en el centro de la ciudad de Asni\u00e8res-sur-Seine, consta de 50 apartamentos amueblados con servicios hoteleros: conexi\u00f3n gratuita a Internet, cocina americana equipada, kit de limpieza, kit de ba\u00f1o, kit dulce, kit salado, desayuno buffet ecol\u00f3gico, acceso gratuito al gimnasio, espacio de coworking, m\u00e1quinas expendedoras de vajilla ecol\u00f3gica, lavander\u00eda, tintorer\u00eda\u2026 \u00a1Puedes vivir all\u00ed como si estuvieras en casa! Informaci\u00f3n: A la llegada, se solicitar\u00e1 un documento de identidad y la tarjeta de cr\u00e9dito utilizada para hacer la reserva. .\",\"breadcrumb\":{\"@id\":\"https:\/\/www.residence-paris-asnieres.com\/es\/#breadcrumb\"},\"inLanguage\":\"es\",\"potentialAction\":[{\"@type\":\"ReadAction\",\"target\":[\"https:\/\/www.residence-paris-asnieres.com\/es\/\"]}]},{\"@type\":\"BreadcrumbList\",\"@id\":\"https:\/\/www.residence-paris-asnieres.com\/es\/#breadcrumb\",\"itemListElement\":[{\"@type\":\"ListItem\",\"position\":1,\"name\":\"Home\",\"item\":\"https:\/\/www.residence-paris-asnieres.com\/es\/\"},{\"@type\":\"ListItem\",\"position\":2,\"name\":\"Residencia Paris Asni\u00e8res\"}]},{\"@type\":\"WebSite\",\"@id\":\"https:\/\/www.residence-paris-asnieres.com\/es\/#website\",\"url\":\"https:\/\/www.residence-paris-asnieres.com\/es\/\",\"name\":\"R\u00e9sidence Paris Asni\u00e8res\",\"description\":\"\",\"publisher\":{\"@id\":\"https:\/\/www.residence-paris-asnieres.com\/es\/#organization\"},\"potentialAction\":[{\"@type\":\"SearchAction\",\"target\":{\"@type\":\"EntryPoint\",\"urlTemplate\":\"https:\/\/www.residence-paris-asnieres.com\/es\/?s={search_term_string}\"},\"query-input\":\"required name=search_term_string\"}],\"inLanguage\":\"es\"},{\"@type\":\"Organization\",\"@id\":\"https:\/\/www.residence-paris-asnieres.com\/es\/#organization\",\"name\":\"R\u00e9sidence Paris Asni\u00e8res\",\"url\":\"https:\/\/www.residence-paris-asnieres.com\/es\/\",\"logo\":{\"@type\":\"ImageObject\",\"inLanguage\":\"es\",\"@id\":\"https:\/\/www.residence-paris-asnieres.com\/es\/#\/schema\/logo\/image\/\",\"url\":\"https:\/\/residence-paris-asnieres.ms2.decms.eu\/wp-content\/uploads\/sites\/178\/2024\/11\/logo-RESIDENCE_PARIS_ASNIERES-21.png\",\"contentUrl\":\"https:\/\/residence-paris-asnieres.ms2.decms.eu\/wp-content\/uploads\/sites\/178\/2024\/11\/logo-RESIDENCE_PARIS_ASNIERES-21.png\",\"width\":346,\"height\":77,\"caption\":\"R\u00e9sidence Paris Asni\u00e8res\"},\"image\":{\"@id\":\"https:\/\/www.residence-paris-asnieres.com\/es\/#\/schema\/logo\/image\/\"}}]}<\/script>\n<!-- \/ Yoast SEO plugin. -->","yoast_head_json":{"title":"Residencia Paris Asni\u00e8res - R\u00e9sidence Paris Asni\u00e8res","description":"Nuestro apartahotel, situado en el centro de la ciudad de Asni\u00e8res-sur-Seine, consta de 50 apartamentos amueblados con servicios hoteleros: conexi\u00f3n gratuita a Internet, cocina americana equipada, kit de limpieza, kit de ba\u00f1o, kit dulce, kit salado, desayuno buffet ecol\u00f3gico, acceso gratuito al gimnasio, espacio de coworking, m\u00e1quinas expendedoras de vajilla ecol\u00f3gica, lavander\u00eda, tintorer\u00eda\u2026 \u00a1Puedes vivir all\u00ed como si estuvieras en casa! Informaci\u00f3n: A la llegada, se solicitar\u00e1 un documento de identidad y la tarjeta de cr\u00e9dito utilizada para hacer la reserva..","robots":{"index":"index","follow":"follow","max-snippet":"max-snippet:-1","max-image-preview":"max-image-preview:large","max-video-preview":"max-video-preview:-1"},"canonical":"https:\/\/www.residence-paris-asnieres.com\/es\/","og_locale":"es_ES","og_type":"article","og_title":"Residencia Paris Asni\u00e8res - R\u00e9sidence Paris Asni\u00e8res","og_description":"Nuestro apartahotel, situado en el centro de la ciudad de Asni\u00e8res-sur-Seine, consta de 50 apartamentos amueblados con servicios hoteleros: conexi\u00f3n gratuita a Internet, cocina americana equipada, kit de limpieza, kit de ba\u00f1o, kit dulce, kit salado, desayuno buffet ecol\u00f3gico, acceso gratuito al gimnasio, espacio de coworking, m\u00e1quinas expendedoras de vajilla ecol\u00f3gica, lavander\u00eda, tintorer\u00eda\u2026 \u00a1Puedes vivir all\u00ed como si estuvieras en casa! Informaci\u00f3n: A la llegada, se solicitar\u00e1 un documento de identidad y la tarjeta de cr\u00e9dito utilizada para hacer la reserva..","og_url":"https:\/\/www.residence-paris-asnieres.com\/es\/","og_site_name":"R\u00e9sidence Paris Asni\u00e8res","article_modified_time":"2024-11-08T16:06:29+00:00","og_image":[{"width":2200,"height":1200,"url":"https:\/\/www.residence-paris-asnieres.com\/wp-content\/uploads\/sites\/178\/2024\/11\/residence_asnieres_home_slide01-1.jpg","type":"image\/jpeg"}],"twitter_card":"summary_large_image","twitter_misc":{"Tiempo de lectura":"1 minuto"},"schema":{"@context":"https:\/\/schema.org","@graph":[{"@type":"WebPage","@id":"https:\/\/www.residence-paris-asnieres.com\/es\/","url":"https:\/\/www.residence-paris-asnieres.com\/es\/","name":"Residencia Paris Asni\u00e8res - R\u00e9sidence Paris Asni\u00e8res","isPartOf":{"@id":"https:\/\/www.residence-paris-asnieres.com\/es\/#website"},"datePublished":"2024-10-23T16:01:48+00:00","dateModified":"2024-11-08T16:06:29+00:00","description":"Nuestro apartahotel, situado en el centro de la ciudad de Asni\u00e8res-sur-Seine, consta de 50 apartamentos amueblados con servicios hoteleros: conexi\u00f3n gratuita a Internet, cocina americana equipada, kit de limpieza, kit de ba\u00f1o, kit dulce, kit salado, desayuno buffet ecol\u00f3gico, acceso gratuito al gimnasio, espacio de coworking, m\u00e1quinas expendedoras de vajilla ecol\u00f3gica, lavander\u00eda, tintorer\u00eda\u2026 \u00a1Puedes vivir all\u00ed como si estuvieras en casa! Informaci\u00f3n: A la llegada, se solicitar\u00e1 un documento de identidad y la tarjeta de cr\u00e9dito utilizada para hacer la reserva. .","breadcrumb":{"@id":"https:\/\/www.residence-paris-asnieres.com\/es\/#breadcrumb"},"inLanguage":"es","potentialAction":[{"@type":"ReadAction","target":["https:\/\/www.residence-paris-asnieres.com\/es\/"]}]},{"@type":"BreadcrumbList","@id":"https:\/\/www.residence-paris-asnieres.com\/es\/#breadcrumb","itemListElement":[{"@type":"ListItem","position":1,"name":"Home","item":"https:\/\/www.residence-paris-asnieres.com\/es\/"},{"@type":"ListItem","position":2,"name":"Residencia Paris Asni\u00e8res"}]},{"@type":"WebSite","@id":"https:\/\/www.residence-paris-asnieres.com\/es\/#website","url":"https:\/\/www.residence-paris-asnieres.com\/es\/","name":"R\u00e9sidence Paris Asni\u00e8res","description":"","publisher":{"@id":"https:\/\/www.residence-paris-asnieres.com\/es\/#organization"},"potentialAction":[{"@type":"SearchAction","target":{"@type":"EntryPoint","urlTemplate":"https:\/\/www.residence-paris-asnieres.com\/es\/?s={search_term_string}"},"query-input":"required name=search_term_string"}],"inLanguage":"es"},{"@type":"Organization","@id":"https:\/\/www.residence-paris-asnieres.com\/es\/#organization","name":"R\u00e9sidence Paris Asni\u00e8res","url":"https:\/\/www.residence-paris-asnieres.com\/es\/","logo":{"@type":"ImageObject","inLanguage":"es","@id":"https:\/\/www.residence-paris-asnieres.com\/es\/#\/schema\/logo\/image\/","url":"https:\/\/residence-paris-asnieres.ms2.decms.eu\/wp-content\/uploads\/sites\/178\/2024\/11\/logo-RESIDENCE_PARIS_ASNIERES-21.png","contentUrl":"https:\/\/residence-paris-asnieres.ms2.decms.eu\/wp-content\/uploads\/sites\/178\/2024\/11\/logo-RESIDENCE_PARIS_ASNIERES-21.png","width":346,"height":77,"caption":"R\u00e9sidence Paris Asni\u00e8res"},"image":{"@id":"https:\/\/www.residence-paris-asnieres.com\/es\/#\/schema\/logo\/image\/"}}]}},"acf":[],"_links":{"self":[{"href":"https:\/\/www.residence-paris-asnieres.com\/es\/wp-json\/wp\/v2\/pages\/5"}],"collection":[{"href":"https:\/\/www.residence-paris-asnieres.com\/es\/wp-json\/wp\/v2\/pages"}],"about":[{"href":"https:\/\/www.residence-paris-asnieres.com\/es\/wp-json\/wp\/v2\/types\/page"}],"author":[{"embeddable":true,"href":"https:\/\/www.residence-paris-asnieres.com\/es\/wp-json\/wp\/v2\/users\/13"}],"replies":[{"embeddable":true,"href":"https:\/\/www.residence-paris-asnieres.com\/es\/wp-json\/wp\/v2\/comments?post=5"}],"version-history":[{"count":0,"href":"https:\/\/www.residence-paris-asnieres.com\/es\/wp-json\/wp\/v2\/pages\/5\/revisions"}],"wp:attachment":[{"href":"https:\/\/www.residence-paris-asnieres.com\/es\/wp-json\/wp\/v2\/media?parent=5"}],"curies":[{"name":"wp","href":"https:\/\/api.w.org\/{rel}","templated":true}]}}