
{"id":382,"date":"2024-12-17T09:16:58","date_gmt":"2024-12-17T09:16:58","guid":{"rendered":"https:\/\/residence-paris-asnieres.ms2.decms.eu\/mentions-legales-et-protection-des-donnees\/"},"modified":"2025-05-13T15:38:48","modified_gmt":"2025-05-13T15:38:48","slug":"aviso-legal-y-politica-de-privacidad","status":"publish","type":"page","link":"https:\/\/www.residence-paris-asnieres.com\/es\/aviso-legal-y-politica-de-privacidad\/","title":{"rendered":"Aviso legal y pol\u00edtica de privacidad"},"content":{"rendered":"<h2><strong>1. Informations Editeurs<\/strong><\/h2>\n<p>Ce site est \u00e9dit\u00e9 par : COGITEL SAS, Soci\u00e9t\u00e9 par Actions Simplifi\u00e9e au capital de 85 500 euros, immatricul\u00e9e au Registre du Commerce et des Soci\u00e9t\u00e9s sous le N\u00b0 RCS NANTERRE 340 219 443 et dont le si\u00e8ge social est au 7, rue du G\u00e9n\u00e9ral Mangin ASNIERES-SUR-SEINE (92600) France.<\/p>\n<p>Le N\u00b0 d\u2019identification TVA intracommunautaire de COGITEL est :<br \/>\nFR 91 340 219 443.<\/p>\n<p>Directeur de la publication<br \/>\nNom LABOUREIX Xavier<br \/>\nTel : <a href=\"tel:+33 1 40 86 12 19\">+33 1 40 86 12 19<\/a><br \/>\nMail : <a href=\"mailto:jlaboureix@cogitel.net\">jlaboureix@cogitel.net<\/a><\/p>\n<p>R\u00e9alisation du site<br \/>\nLa Soci\u00e9t\u00e9 D-EDGE<br \/>\nADRESSE : 66, rue des Archives<br \/>\n\u00e0 PARIS (75003)<br \/>\nRCS PARIS N\u00b0 431 513 852<br \/>\nRegistre du Commerce et des Soci\u00e9t\u00e9s n\u00b0RCS<br \/>\nPARIS 431 513 852<br \/>\nCapital: 12 700 298.40\u20ac\u200b<\/p>\n<p>H\u00e9bergement<br \/>\nWPEngine, Inc. Irongate House,<br \/>\nAdresse : 22-30 Duke\u2019s Place Londres, EC3A 7LP,<br \/>\nRoyaume-Uni<br \/>\nT\u00e9l\u00e9phone : 08 00 50 53 049<\/p>\n<h2><strong>2. Informatique et Libert\u00e9s \/ Protection des donn\u00e9es<\/strong><\/h2>\n<p>L&#8217;utilisateur de ce site est notamment inform\u00e9 que les informations qu&#8217;il communique sur les formulaires pr\u00e9sents sur le site, sont n\u00e9cessaires pour r\u00e9pondre \u00e0 sa demande, et sont destin\u00e9es \u00e0 COGITEL et ses aparthotels, \u00e0 des fins de gestion administrative et commerciale.<br \/>\nConform\u00e9ment \u00e0 la loi n\u00b078-17 relative \u00e0 l&#8217;informatique, aux fichiers et aux libert\u00e9s, vous disposez d&#8217;un droit d&#8217;interrogation, d&#8217;acc\u00e8s, de rectification, d&#8217;opposition ainsi que du droit de d\u00e9finir des directives pour le traitement de vos donn\u00e9es apr\u00e8s votre mort que vous pouvez exercer en \u00e9crivant au d\u00e9partement en charge des donn\u00e9es personnelles par courrier \u00e9lectronique \u00e0 l\u2019adresse : <a href=\"mailto:info@residence-paris-asnieres.com\">info@residence-paris-asnieres.com<\/a> ou par courrier postal \u00e0 l\u2019adresse suivante :<\/p>\n<p>RESIDENCE PARIS ASNIERES<br \/>\nSoci\u00e9t\u00e9 COGITEL<br \/>\n7, rue du G\u00e9n\u00e9ral Mangin<br \/>\n92600 Asni\u00e8res sur Seine, France<\/p>\n<h2><strong>3. Droits d&#8217;auteur\/Copyright<\/strong><\/h2>\n<p>La pr\u00e9sentation et chacun des \u00e9l\u00e9ments, y compris le nom de domaine, les marques, logos, enseignes, dessins, illustrations, photographies, textes, graphiques et autres fichiers apparaissant sur le pr\u00e9sent site, sont prot\u00e9g\u00e9s par les lois en vigueur sur la propri\u00e9t\u00e9 intellectuelle, et appartiennent \u00e0 COGITEL SAS ou font l&#8217;objet d&#8217;une autorisation d&#8217;utilisation.<br \/>\nAucun \u00e9l\u00e9ment composant le site <a href=\"http:\/\/www.residence-paris-asnieres.com\" target=\"_blank\" rel=\"noopener\">www.residence-paris-asnieres.com<\/a> ne peut \u00eatre copi\u00e9, reproduit, modifi\u00e9, r\u00e9\u00e9dit\u00e9, charg\u00e9, d\u00e9natur\u00e9, transmis ou distribu\u00e9 de quelque mani\u00e8re que ce soit, sous quelque support que ce soit, de fa\u00e7on partielle ou int\u00e9grale, sans l&#8217;autorisation \u00e9crite et pr\u00e9alable de COGITEL SAS \u00e0 l&#8217;exception d&#8217;une stricte utilisation pour usage personnel, priv\u00e9 et non-commercial, sans modification des \u00e9l\u00e9ments pr\u00e9sents sur le site.<br \/>\nLa mention suivante doit notamment appara\u00eetre sur toute copie autoris\u00e9e de tout ou partie du contenu du Site: \u00abPropri\u00e9t\u00e9 de la Soci\u00e9t\u00e9 Cogitel SAS\u00bb. Les photographies figurant sur le Site ne sont pas contractuelles.<br \/>\nToute autre utilisation non express\u00e9ment autoris\u00e9e du site <a href=\"http:\/\/www.residence-paris-asnieres.com\">www.residence-paris-asnieres.com<\/a> ou de ses \u00e9l\u00e9ments constituerait une atteinte aux droits de Cogitel SAS passible notamment de contrefa\u00e7on sanctionn\u00e9e par les articles L 355-2 et suivants du Code de la Propri\u00e9t\u00e9 Intellectuelle.<\/p>\n<h2><strong>4. Droits de R\u00e9sidence Paris Asni\u00e8res en sa qualit\u00e9 de producteur de bases de donn\u00e9es<\/strong><\/h2>\n<p>Tout client, prospect ou partenaire dispose d&#8217;un droit personnel, non exclusif, incessible et intransmissible de consultation des informations contenues sur le site <a href=\"http:\/\/www.residence-paris-asnieres.com\">www.residence-paris-asnieres.com<\/a> pour ses propres besoins \u00e0 des fins de r\u00e9servation d&#8217;un aparthotel.<br \/>\nIl est autoris\u00e9 \u00e0 extraire et\/ou r\u00e9utiliser une partie du contenu de ce site \u00e0 des fins personnelles de consultation, sous r\u00e9serve que cette extraction et\/ou r\u00e9utilisation ne porte pas sur une partie, appr\u00e9ci\u00e9e qualitativement ou quantitativement, substantielle du contenu de ce site.<br \/>\nEn outre, est \u00e9galement interdite l&#8217;extraction et\/ou la r\u00e9utilisation r\u00e9p\u00e9t\u00e9e du contenu, m\u00eame non substantiel, de ce site.<br \/>\nToute reproduction totale ou partielle du site \u00e0 des fins autres est express\u00e9ment prohib\u00e9e par les articles L. 342-1 et L. 342-2 du Code de la propri\u00e9t\u00e9 intellectuelle. Est \u00e9galement interdite la communication au public de tout ou partie du contenu du site, sous quelque forme et \u00e0 destination de quelque public que ce soit.<br \/>\nEn particulier, l&#8217;utilisation \u00e0 des fins commerciales du contenu de ce site est express\u00e9ment interdite.<\/p>\n<h2><strong>5. Responsabilit\u00e9<\/strong><\/h2>\n<p>L&#8217;ensemble des informations accessibles via ce site sont fournies en l&#8217;\u00e9tat. COGITEL SAS ne donne aucune garantie, explicite ou implicite, et n&#8217;assume aucune responsabilit\u00e9 relative \u00e0 l&#8217;utilisation de ces informations.<br \/>\nL&#8217;utilisateur est seul responsable de l&#8217;utilisation de telles informations. COGITEL SAS se r\u00e9serve le droit de modifier \u00e0 tout moment les pr\u00e9sentes notamment en actualisant ce site.<br \/>\nL&#8217;utilisateur s&#8217;engage \u00e0 ne transmettre sur ce site aucune information pouvant entra\u00eener une responsabilit\u00e9 civile ou p\u00e9nale et s&#8217;engage \u00e0 ce titre \u00e0 ne pas divulguer via ce site des informations ill\u00e9gales, contraires \u00e0 l&#8217;ordre public ou diffamatoires.<br \/>\nCOGITEL SAS met tout en \u0153uvre pour offrir aux utilisateurs des informations et\/ou des outils disponibles et v\u00e9rifi\u00e9s, mais ne saurait \u00eatre tenue pour responsable des erreurs, d&#8217;une absence de disponibilit\u00e9 des informations et\/ou de la pr\u00e9sence de virus sur son site.<br \/>\nLes sites ext\u00e9rieurs \u00e0 COGITEL SAS ayant un lien hypertexte avec le pr\u00e9sent site ne sont pas sous contr\u00f4le de COGITEL SAS qui d\u00e9cline par cons\u00e9quent toute responsabilit\u00e9 quant \u00e0 leur contenu. L&#8217;utilisateur est seul responsable de leur utilisation.<\/p>\n<h2><strong>6. Lien hypertexte<\/strong><\/h2>\n<p>La cr\u00e9ation de liens hypertexte vers le site <a href=\"http:\/\/www.residence-paris-asnieres.com\">www.residence-paris-asnieres.com<\/a> est soumise \u00e0 l&#8217;accord pr\u00e9alable et \u00e9crit de COGITEL SAS.<\/p>\n<h2><strong>7. Messagerie<\/strong><\/h2>\n<p>Pour toute remarque sur le fonctionnement du site, vous pouvez envoyer un message en s\u00e9lectionnant dans la rubrique Contact sur le site <a href=\"http:\/\/www.residence-paris-asnieres.com\">www.residence-paris-asnieres.com .<\/a><\/p>\n<h2><strong>8. Important<\/strong><\/h2>\n<p>Les messages que vous nous ferez parvenir par l&#8217;interm\u00e9diaire d&#8217;Internet peuvent \u00eatre intercept\u00e9s sur le r\u00e9seau. Jusqu&#8217;\u00e0 ce qu&#8217;ils nous parviennent, leur confidentialit\u00e9 ne peut \u00eatre garantie.<\/p>\n","protected":false},"excerpt":{"rendered":"<p>1. Informations Editeurs Ce site est \u00e9dit\u00e9 par : COGITEL SAS, Soci\u00e9t\u00e9 par Actions Simplifi\u00e9e au capital de 85 500 euros, immatricul\u00e9e au Registre du Commerce et des Soci\u00e9t\u00e9s sous le N\u00b0 RCS NANTERRE 340 219 443 et dont le si\u00e8ge social est au 7, rue du G\u00e9n\u00e9ral Mangin ASNIERES-SUR-SEINE (92600) France. Le N\u00b0 d\u2019identification [&hellip;]<\/p>\n","protected":false},"author":16,"featured_media":0,"parent":0,"menu_order":160,"comment_status":"closed","ping_status":"closed","template":"","meta":{"footnotes":""},"yoast_head":"<!-- This site is optimized with the Yoast SEO plugin v22.3 - https:\/\/yoast.com\/wordpress\/plugins\/seo\/ -->\n<title>Aviso legal y pol\u00edtica de privacidad - R\u00e9sidence Paris Asni\u00e8res<\/title>\n<meta name=\"description\" content=\"1. Informations Editeurs Ce site est \u00e9dit\u00e9 par : COGITEL SAS, Soci\u00e9t\u00e9 par Actions Simplifi\u00e9e au capital de 85 500 euros, immatricul\u00e9e au Registre du Commerce et des Soci\u00e9t\u00e9s sous le N\u00b0 RCS NANTERRE 340 219 443 et dont le si\u00e8ge social est au 7, rue du G\u00e9n\u00e9ral Mangin ASNIERES-SUR-SEINE (92600) France.  Le N\u00b0 d\u2019identification TVA intracommunautaire de COGITEL est : FR 91 340 219 443.  Directeur de la publication Nom LABOUREIX Xavier Tel : +33 1 40 86 12 19 Mail : jlaboureix@cogitel.net  R\u00e9alisation du site La Soci\u00e9t\u00e9 D-EDGE ADRESSE : 66, rue des Archives \u00e0 PARIS (75003) RCS PARIS N\u00b0 431 513 852 Registre du Commerce et des Soci\u00e9t\u00e9s n\u00b0RCS PARIS 431 513 852 Capital: 12 700 298.40\u20ac\u200b  H\u00e9bergement WPEngine, Inc\" \/>\n<meta name=\"robots\" content=\"index, follow, max-snippet:-1, max-image-preview:large, max-video-preview:-1\" \/>\n<link rel=\"canonical\" href=\"https:\/\/www.residence-paris-asnieres.com\/es\/aviso-legal-y-politica-de-privacidad\/\" \/>\n<meta property=\"og:locale\" content=\"es_ES\" \/>\n<meta property=\"og:type\" content=\"article\" \/>\n<meta property=\"og:title\" content=\"Aviso legal y pol\u00edtica de privacidad - R\u00e9sidence Paris Asni\u00e8res\" \/>\n<meta property=\"og:description\" content=\"1. Informations Editeurs Ce site est \u00e9dit\u00e9 par : COGITEL SAS, Soci\u00e9t\u00e9 par Actions Simplifi\u00e9e au capital de 85 500 euros, immatricul\u00e9e au Registre du Commerce et des Soci\u00e9t\u00e9s sous le N\u00b0 RCS NANTERRE 340 219 443 et dont le si\u00e8ge social est au 7, rue du G\u00e9n\u00e9ral Mangin ASNIERES-SUR-SEINE (92600) France.  Le N\u00b0 d\u2019identification TVA intracommunautaire de COGITEL est : FR 91 340 219 443.  Directeur de la publication Nom LABOUREIX Xavier Tel : +33 1 40 86 12 19 Mail : jlaboureix@cogitel.net  R\u00e9alisation du site La Soci\u00e9t\u00e9 D-EDGE ADRESSE : 66, rue des Archives \u00e0 PARIS (75003) RCS PARIS N\u00b0 431 513 852 Registre du Commerce et des Soci\u00e9t\u00e9s n\u00b0RCS PARIS 431 513 852 Capital: 12 700 298.40\u20ac\u200b  H\u00e9bergement WPEngine, Inc\" \/>\n<meta property=\"og:url\" content=\"https:\/\/www.residence-paris-asnieres.com\/es\/aviso-legal-y-politica-de-privacidad\/\" \/>\n<meta property=\"og:site_name\" content=\"R\u00e9sidence Paris Asni\u00e8res\" \/>\n<meta property=\"article:modified_time\" content=\"2025-05-13T15:38:48+00:00\" \/>\n<meta property=\"og:image\" content=\"https:\/\/www.residence-paris-asnieres.com\/wp-content\/uploads\/sites\/178\/2024\/11\/residence_asnieres_home_slide01-1.jpg\" \/>\n\t<meta property=\"og:image:width\" content=\"2200\" \/>\n\t<meta property=\"og:image:height\" content=\"1200\" \/>\n\t<meta property=\"og:image:type\" content=\"image\/jpeg\" \/>\n<meta name=\"twitter:card\" content=\"summary_large_image\" \/>\n<meta name=\"twitter:label1\" content=\"Tiempo de lectura\" \/>\n\t<meta name=\"twitter:data1\" content=\"5 minutos\" \/>\n<script type=\"application\/ld+json\" class=\"yoast-schema-graph\">{\"@context\":\"https:\/\/schema.org\",\"@graph\":[{\"@type\":\"WebPage\",\"@id\":\"https:\/\/www.residence-paris-asnieres.com\/es\/aviso-legal-y-politica-de-privacidad\/\",\"url\":\"https:\/\/www.residence-paris-asnieres.com\/es\/aviso-legal-y-politica-de-privacidad\/\",\"name\":\"Aviso legal y pol\u00edtica de privacidad - R\u00e9sidence Paris Asni\u00e8res\",\"isPartOf\":{\"@id\":\"https:\/\/www.residence-paris-asnieres.com\/es\/#website\"},\"datePublished\":\"2024-12-17T09:16:58+00:00\",\"dateModified\":\"2025-05-13T15:38:48+00:00\",\"description\":\"1. Informations Editeurs Ce site est \u00e9dit\u00e9 par : COGITEL SAS, Soci\u00e9t\u00e9 par Actions Simplifi\u00e9e au capital de 85 500 euros, immatricul\u00e9e au Registre du Commerce et des Soci\u00e9t\u00e9s sous le N\u00b0 RCS NANTERRE 340 219 443 et dont le si\u00e8ge social est au 7, rue du G\u00e9n\u00e9ral Mangin ASNIERES-SUR-SEINE (92600) France. Le N\u00b0 d\u2019identification TVA intracommunautaire de COGITEL est : FR 91 340 219 443. Directeur de la publication Nom LABOUREIX Xavier Tel : +33 1 40 86 12 19 Mail : jlaboureix@cogitel.net R\u00e9alisation du site La Soci\u00e9t\u00e9 D-EDGE ADRESSE : 66, rue des Archives \u00e0 PARIS (75003) RCS PARIS N\u00b0 431 513 852 Registre du Commerce et des Soci\u00e9t\u00e9s n\u00b0RCS PARIS 431 513 852 Capital: 12 700 298.40\u20ac\u200b H\u00e9bergement WPEngine, Inc\",\"breadcrumb\":{\"@id\":\"https:\/\/www.residence-paris-asnieres.com\/es\/aviso-legal-y-politica-de-privacidad\/#breadcrumb\"},\"inLanguage\":\"es\",\"potentialAction\":[{\"@type\":\"ReadAction\",\"target\":[\"https:\/\/www.residence-paris-asnieres.com\/es\/aviso-legal-y-politica-de-privacidad\/\"]}]},{\"@type\":\"BreadcrumbList\",\"@id\":\"https:\/\/www.residence-paris-asnieres.com\/es\/aviso-legal-y-politica-de-privacidad\/#breadcrumb\",\"itemListElement\":[{\"@type\":\"ListItem\",\"position\":1,\"name\":\"Home\",\"item\":\"https:\/\/www.residence-paris-asnieres.com\/es\/\"},{\"@type\":\"ListItem\",\"position\":2,\"name\":\"Aviso legal y pol\u00edtica de privacidad\"}]},{\"@type\":\"WebSite\",\"@id\":\"https:\/\/www.residence-paris-asnieres.com\/es\/#website\",\"url\":\"https:\/\/www.residence-paris-asnieres.com\/es\/\",\"name\":\"R\u00e9sidence Paris Asni\u00e8res\",\"description\":\"\",\"publisher\":{\"@id\":\"https:\/\/www.residence-paris-asnieres.com\/es\/#organization\"},\"potentialAction\":[{\"@type\":\"SearchAction\",\"target\":{\"@type\":\"EntryPoint\",\"urlTemplate\":\"https:\/\/www.residence-paris-asnieres.com\/es\/?s={search_term_string}\"},\"query-input\":\"required name=search_term_string\"}],\"inLanguage\":\"es\"},{\"@type\":\"Organization\",\"@id\":\"https:\/\/www.residence-paris-asnieres.com\/es\/#organization\",\"name\":\"R\u00e9sidence Paris Asni\u00e8res\",\"url\":\"https:\/\/www.residence-paris-asnieres.com\/es\/\",\"logo\":{\"@type\":\"ImageObject\",\"inLanguage\":\"es\",\"@id\":\"https:\/\/www.residence-paris-asnieres.com\/es\/#\/schema\/logo\/image\/\",\"url\":\"https:\/\/residence-paris-asnieres.ms2.decms.eu\/wp-content\/uploads\/sites\/178\/2024\/11\/logo-RESIDENCE_PARIS_ASNIERES-21.png\",\"contentUrl\":\"https:\/\/residence-paris-asnieres.ms2.decms.eu\/wp-content\/uploads\/sites\/178\/2024\/11\/logo-RESIDENCE_PARIS_ASNIERES-21.png\",\"width\":346,\"height\":77,\"caption\":\"R\u00e9sidence Paris Asni\u00e8res\"},\"image\":{\"@id\":\"https:\/\/www.residence-paris-asnieres.com\/es\/#\/schema\/logo\/image\/\"}}]}<\/script>\n<!-- \/ Yoast SEO plugin. -->","yoast_head_json":{"title":"Aviso legal y pol\u00edtica de privacidad - R\u00e9sidence Paris Asni\u00e8res","description":"1. Informations Editeurs Ce site est \u00e9dit\u00e9 par : COGITEL SAS, Soci\u00e9t\u00e9 par Actions Simplifi\u00e9e au capital de 85 500 euros, immatricul\u00e9e au Registre du Commerce et des Soci\u00e9t\u00e9s sous le N\u00b0 RCS NANTERRE 340 219 443 et dont le si\u00e8ge social est au 7, rue du G\u00e9n\u00e9ral Mangin ASNIERES-SUR-SEINE (92600) France.  Le N\u00b0 d\u2019identification TVA intracommunautaire de COGITEL est : FR 91 340 219 443.  Directeur de la publication Nom LABOUREIX Xavier Tel : +33 1 40 86 12 19 Mail : jlaboureix@cogitel.net  R\u00e9alisation du site La Soci\u00e9t\u00e9 D-EDGE ADRESSE : 66, rue des Archives \u00e0 PARIS (75003) RCS PARIS N\u00b0 431 513 852 Registre du Commerce et des Soci\u00e9t\u00e9s n\u00b0RCS PARIS 431 513 852 Capital: 12 700 298.40\u20ac\u200b  H\u00e9bergement WPEngine, Inc","robots":{"index":"index","follow":"follow","max-snippet":"max-snippet:-1","max-image-preview":"max-image-preview:large","max-video-preview":"max-video-preview:-1"},"canonical":"https:\/\/www.residence-paris-asnieres.com\/es\/aviso-legal-y-politica-de-privacidad\/","og_locale":"es_ES","og_type":"article","og_title":"Aviso legal y pol\u00edtica de privacidad - R\u00e9sidence Paris Asni\u00e8res","og_description":"1. Informations Editeurs Ce site est \u00e9dit\u00e9 par : COGITEL SAS, Soci\u00e9t\u00e9 par Actions Simplifi\u00e9e au capital de 85 500 euros, immatricul\u00e9e au Registre du Commerce et des Soci\u00e9t\u00e9s sous le N\u00b0 RCS NANTERRE 340 219 443 et dont le si\u00e8ge social est au 7, rue du G\u00e9n\u00e9ral Mangin ASNIERES-SUR-SEINE (92600) France.  Le N\u00b0 d\u2019identification TVA intracommunautaire de COGITEL est : FR 91 340 219 443.  Directeur de la publication Nom LABOUREIX Xavier Tel : +33 1 40 86 12 19 Mail : jlaboureix@cogitel.net  R\u00e9alisation du site La Soci\u00e9t\u00e9 D-EDGE ADRESSE : 66, rue des Archives \u00e0 PARIS (75003) RCS PARIS N\u00b0 431 513 852 Registre du Commerce et des Soci\u00e9t\u00e9s n\u00b0RCS PARIS 431 513 852 Capital: 12 700 298.40\u20ac\u200b  H\u00e9bergement WPEngine, Inc","og_url":"https:\/\/www.residence-paris-asnieres.com\/es\/aviso-legal-y-politica-de-privacidad\/","og_site_name":"R\u00e9sidence Paris Asni\u00e8res","article_modified_time":"2025-05-13T15:38:48+00:00","og_image":[{"width":2200,"height":1200,"url":"https:\/\/www.residence-paris-asnieres.com\/wp-content\/uploads\/sites\/178\/2024\/11\/residence_asnieres_home_slide01-1.jpg","type":"image\/jpeg"}],"twitter_card":"summary_large_image","twitter_misc":{"Tiempo de lectura":"5 minutos"},"schema":{"@context":"https:\/\/schema.org","@graph":[{"@type":"WebPage","@id":"https:\/\/www.residence-paris-asnieres.com\/es\/aviso-legal-y-politica-de-privacidad\/","url":"https:\/\/www.residence-paris-asnieres.com\/es\/aviso-legal-y-politica-de-privacidad\/","name":"Aviso legal y pol\u00edtica de privacidad - R\u00e9sidence Paris Asni\u00e8res","isPartOf":{"@id":"https:\/\/www.residence-paris-asnieres.com\/es\/#website"},"datePublished":"2024-12-17T09:16:58+00:00","dateModified":"2025-05-13T15:38:48+00:00","description":"1. Informations Editeurs Ce site est \u00e9dit\u00e9 par : COGITEL SAS, Soci\u00e9t\u00e9 par Actions Simplifi\u00e9e au capital de 85 500 euros, immatricul\u00e9e au Registre du Commerce et des Soci\u00e9t\u00e9s sous le N\u00b0 RCS NANTERRE 340 219 443 et dont le si\u00e8ge social est au 7, rue du G\u00e9n\u00e9ral Mangin ASNIERES-SUR-SEINE (92600) France. Le N\u00b0 d\u2019identification TVA intracommunautaire de COGITEL est : FR 91 340 219 443. Directeur de la publication Nom LABOUREIX Xavier Tel : +33 1 40 86 12 19 Mail : jlaboureix@cogitel.net R\u00e9alisation du site La Soci\u00e9t\u00e9 D-EDGE ADRESSE : 66, rue des Archives \u00e0 PARIS (75003) RCS PARIS N\u00b0 431 513 852 Registre du Commerce et des Soci\u00e9t\u00e9s n\u00b0RCS PARIS 431 513 852 Capital: 12 700 298.40\u20ac\u200b H\u00e9bergement WPEngine, Inc","breadcrumb":{"@id":"https:\/\/www.residence-paris-asnieres.com\/es\/aviso-legal-y-politica-de-privacidad\/#breadcrumb"},"inLanguage":"es","potentialAction":[{"@type":"ReadAction","target":["https:\/\/www.residence-paris-asnieres.com\/es\/aviso-legal-y-politica-de-privacidad\/"]}]},{"@type":"BreadcrumbList","@id":"https:\/\/www.residence-paris-asnieres.com\/es\/aviso-legal-y-politica-de-privacidad\/#breadcrumb","itemListElement":[{"@type":"ListItem","position":1,"name":"Home","item":"https:\/\/www.residence-paris-asnieres.com\/es\/"},{"@type":"ListItem","position":2,"name":"Aviso legal y pol\u00edtica de privacidad"}]},{"@type":"WebSite","@id":"https:\/\/www.residence-paris-asnieres.com\/es\/#website","url":"https:\/\/www.residence-paris-asnieres.com\/es\/","name":"R\u00e9sidence Paris Asni\u00e8res","description":"","publisher":{"@id":"https:\/\/www.residence-paris-asnieres.com\/es\/#organization"},"potentialAction":[{"@type":"SearchAction","target":{"@type":"EntryPoint","urlTemplate":"https:\/\/www.residence-paris-asnieres.com\/es\/?s={search_term_string}"},"query-input":"required name=search_term_string"}],"inLanguage":"es"},{"@type":"Organization","@id":"https:\/\/www.residence-paris-asnieres.com\/es\/#organization","name":"R\u00e9sidence Paris Asni\u00e8res","url":"https:\/\/www.residence-paris-asnieres.com\/es\/","logo":{"@type":"ImageObject","inLanguage":"es","@id":"https:\/\/www.residence-paris-asnieres.com\/es\/#\/schema\/logo\/image\/","url":"https:\/\/residence-paris-asnieres.ms2.decms.eu\/wp-content\/uploads\/sites\/178\/2024\/11\/logo-RESIDENCE_PARIS_ASNIERES-21.png","contentUrl":"https:\/\/residence-paris-asnieres.ms2.decms.eu\/wp-content\/uploads\/sites\/178\/2024\/11\/logo-RESIDENCE_PARIS_ASNIERES-21.png","width":346,"height":77,"caption":"R\u00e9sidence Paris Asni\u00e8res"},"image":{"@id":"https:\/\/www.residence-paris-asnieres.com\/es\/#\/schema\/logo\/image\/"}}]}},"acf":[],"_links":{"self":[{"href":"https:\/\/www.residence-paris-asnieres.com\/es\/wp-json\/wp\/v2\/pages\/382"}],"collection":[{"href":"https:\/\/www.residence-paris-asnieres.com\/es\/wp-json\/wp\/v2\/pages"}],"about":[{"href":"https:\/\/www.residence-paris-asnieres.com\/es\/wp-json\/wp\/v2\/types\/page"}],"author":[{"embeddable":true,"href":"https:\/\/www.residence-paris-asnieres.com\/es\/wp-json\/wp\/v2\/users\/16"}],"replies":[{"embeddable":true,"href":"https:\/\/www.residence-paris-asnieres.com\/es\/wp-json\/wp\/v2\/comments?post=382"}],"version-history":[{"count":0,"href":"https:\/\/www.residence-paris-asnieres.com\/es\/wp-json\/wp\/v2\/pages\/382\/revisions"}],"wp:attachment":[{"href":"https:\/\/www.residence-paris-asnieres.com\/es\/wp-json\/wp\/v2\/media?parent=382"}],"curies":[{"name":"wp","href":"https:\/\/api.w.org\/{rel}","templated":true}]}}