
{"id":37,"date":"2024-11-04T16:40:55","date_gmt":"2024-11-04T16:40:55","guid":{"rendered":"https:\/\/residence-paris-asnieres.ms2.decms.eu\/?page_id=37"},"modified":"2025-02-26T13:23:42","modified_gmt":"2025-02-26T13:23:42","slug":"apartamentos","status":"publish","type":"page","link":"https:\/\/www.residence-paris-asnieres.com\/es\/apartamentos\/","title":{"rendered":"Apartamentos"},"content":{"rendered":"<p style=\"text-align: left;\">La\u00a0<strong>R\u00e9sidence Paris Asni\u00e8res, <\/strong>situado en el centro de la ciudad de Asni\u00e8res-sur-Seine, consta de 50 apartamentos amueblados con servicios hoteleros: conexi\u00f3n gratuita a Internet, cocina americana equipada, kit de limpieza, kit de ba\u00f1o, kit dulce, kit salado, desayuno buffet ecol\u00f3gico, acceso gratuito al gimnasio, espacio de coworking, m\u00e1quinas expendedoras de vajilla ecol\u00f3gica, lavander\u00eda, tintorer\u00eda\u2026<\/p>\n<p style=\"text-align: left;\">\u00a1Puedes vivir all\u00ed como si estuvieras en casa!<\/p>\n<p><strong>Nuestro apartahotel,\u00a0<\/strong>se compone de apartamentos amueblados repartidos en dos edificios con ascensores. El edificio A, de 4 plantas, da a la rue du G\u00e9n\u00e9ral Mangin y posee un peque\u00f1o jard\u00edn y balcones. Los apartamentos del edificio B, de 6 plantas, tienen vista sobre un gran patio verde con cesped y flores.<\/p>\n<h2 style=\"text-align: left;\"><strong>Comodidades de los apartamentos:<\/strong><\/h2>\n<p style=\"text-align: left;\">Todos los apartamentos han tenido atenci\u00f3n peculiar sobre la decoraci\u00f3n, la elecci\u00f3n de las pinturas y muebles para ofrecerles un espacio agradable y relajante. Todos los apartamentos se dividen en:<\/p>\n<ul style=\"text-align: left;\">\n<li>una entrada con armario-guardarropa,<\/li>\n<li>un cuarto de ba\u00f1o con ba\u00f1era, algunos con duchas, secador y espejo de aumento,<\/li>\n<li>una cocina equipada con placas el\u00e9ctricas, frigor\u00edfico, horno microondas, cafetera Nespresso, hervidor el\u00e9ctrico, tostador, armarios, utensilios, vajilla \u2026<\/li>\n<li>una habitaci\u00f3n que dispone de una gran ventana (y, en ocasiones, de un balc\u00f3n), seg\u00fan las categor\u00edas, de una cama doble y de un sof\u00e1 cama, o de dos camas individuales, TV\u2026<\/li>\n<\/ul>\n<p style=\"text-align: left;\">Nosotros te proporcionamos las s\u00e1banas, funda de almohadas, toallas, alfombra de ba\u00f1o y pa\u00f1os de cocina, que ser\u00e1n cambiados en cada limpieza del apartamento. Asimismo, encontrar\u00e1s la cama hecha a tu llegada y despu\u00e9s de cada limpieza.<\/p>\n<p><strong>Informaci\u00f3n:<\/strong> A la llegada, se solicitar\u00e1 un documento de identidad y la tarjeta de cr\u00e9dito utilizada para hacer la reserva.<\/p>\n","protected":false},"excerpt":{"rendered":"<p>La\u00a0R\u00e9sidence Paris Asni\u00e8res, situado en el centro de la ciudad de Asni\u00e8res-sur-Seine, consta de 50 apartamentos amueblados con servicios hoteleros: conexi\u00f3n gratuita a Internet, cocina americana equipada, kit de limpieza, kit de ba\u00f1o, kit dulce, kit salado, desayuno buffet ecol\u00f3gico, acceso gratuito al gimnasio, espacio de coworking, m\u00e1quinas expendedoras de vajilla ecol\u00f3gica, lavander\u00eda, tintorer\u00eda\u2026 \u00a1Puedes [&hellip;]<\/p>\n","protected":false},"author":13,"featured_media":0,"parent":0,"menu_order":20,"comment_status":"closed","ping_status":"closed","template":"template-rooms.php","meta":{"footnotes":""},"class_list":["post-37","page","type-page","status-publish","hentry"],"yoast_head":"<!-- This site is optimized with the Yoast SEO plugin v27.3 - https:\/\/yoast.com\/product\/yoast-seo-wordpress\/ -->\n<title>Apartamentos - R\u00e9sidence Paris Asni\u00e8res<\/title>\n<meta name=\"description\" content=\"La\u00a0R\u00e9sidence Paris Asni\u00e8res, situado en el centro de la ciudad de Asni\u00e8res-sur-Seine, consta de 50 apartamentos amueblados con servicios hoteleros: conexi\u00f3n gratuita a Internet, cocina americana equipada, kit de limpieza, kit de ba\u00f1o, kit dulce, kit salado, desayuno buffet ecol\u00f3gico, acceso gratuito al gimnasio, espacio de coworking, m\u00e1quinas expendedoras de vajilla ecol\u00f3gica, lavander\u00eda, tintorer\u00eda\u2026 \u00a1Puedes vivir all\u00ed como si estuvieras en casa! Nuestro apartahotel,\u00a0se compone de apartamentos amueblados repartidos en dos edificios con ascensores. El edificio A, de 4 plantas, da a la rue du G\u00e9n\u00e9ral Mangin y posee un peque\u00f1o jard\u00edn y balcones\" \/>\n<meta name=\"robots\" content=\"index, follow, max-snippet:-1, max-image-preview:large, max-video-preview:-1\" \/>\n<link rel=\"canonical\" href=\"https:\/\/www.residence-paris-asnieres.com\/es\/apartamentos\/\" \/>\n<meta property=\"og:locale\" content=\"es_ES\" \/>\n<meta property=\"og:type\" content=\"article\" \/>\n<meta property=\"og:title\" content=\"Apartamentos - R\u00e9sidence Paris Asni\u00e8res\" \/>\n<meta property=\"og:description\" content=\"La\u00a0R\u00e9sidence Paris Asni\u00e8res, situado en el centro de la ciudad de Asni\u00e8res-sur-Seine, consta de 50 apartamentos amueblados con servicios hoteleros: conexi\u00f3n gratuita a Internet, cocina americana equipada, kit de limpieza, kit de ba\u00f1o, kit dulce, kit salado, desayuno buffet ecol\u00f3gico, acceso gratuito al gimnasio, espacio de coworking, m\u00e1quinas expendedoras de vajilla ecol\u00f3gica, lavander\u00eda, tintorer\u00eda\u2026 \u00a1Puedes vivir all\u00ed como si estuvieras en casa! Nuestro apartahotel,\u00a0se compone de apartamentos amueblados repartidos en dos edificios con ascensores. El edificio A, de 4 plantas, da a la rue du G\u00e9n\u00e9ral Mangin y posee un peque\u00f1o jard\u00edn y balcones\" \/>\n<meta property=\"og:url\" content=\"https:\/\/www.residence-paris-asnieres.com\/es\/apartamentos\/\" \/>\n<meta property=\"og:site_name\" content=\"R\u00e9sidence Paris Asni\u00e8res\" \/>\n<meta property=\"article:modified_time\" content=\"2025-02-26T13:23:42+00:00\" \/>\n<meta property=\"og:image\" content=\"https:\/\/www.residence-paris-asnieres.com\/wp-content\/uploads\/sites\/178\/2024\/11\/residence_asnieres_home_slide01-1.jpg\" \/>\n\t<meta property=\"og:image:width\" content=\"2200\" \/>\n\t<meta property=\"og:image:height\" content=\"1200\" \/>\n\t<meta property=\"og:image:type\" content=\"image\/jpeg\" \/>\n<meta name=\"twitter:card\" content=\"summary_large_image\" \/>\n<meta name=\"twitter:label1\" content=\"Tiempo de lectura\" \/>\n\t<meta name=\"twitter:data1\" content=\"2 minutos\" \/>\n<script type=\"application\/ld+json\" class=\"yoast-schema-graph\">{\"@context\":\"https:\\\/\\\/schema.org\",\"@graph\":[{\"@type\":\"WebPage\",\"@id\":\"https:\\\/\\\/www.residence-paris-asnieres.com\\\/es\\\/apartamentos\\\/\",\"url\":\"https:\\\/\\\/www.residence-paris-asnieres.com\\\/es\\\/apartamentos\\\/\",\"name\":\"Apartamentos - R\u00e9sidence Paris Asni\u00e8res\",\"isPartOf\":{\"@id\":\"https:\\\/\\\/www.residence-paris-asnieres.com\\\/es\\\/#website\"},\"datePublished\":\"2024-11-04T16:40:55+00:00\",\"dateModified\":\"2025-02-26T13:23:42+00:00\",\"description\":\"La\u00a0R\u00e9sidence Paris Asni\u00e8res, situado en el centro de la ciudad de Asni\u00e8res-sur-Seine, consta de 50 apartamentos amueblados con servicios hoteleros: conexi\u00f3n gratuita a Internet, cocina americana equipada, kit de limpieza, kit de ba\u00f1o, kit dulce, kit salado, desayuno buffet ecol\u00f3gico, acceso gratuito al gimnasio, espacio de coworking, m\u00e1quinas expendedoras de vajilla ecol\u00f3gica, lavander\u00eda, tintorer\u00eda\u2026 \u00a1Puedes vivir all\u00ed como si estuvieras en casa! Nuestro apartahotel,\u00a0se compone de apartamentos amueblados repartidos en dos edificios con ascensores. El edificio A, de 4 plantas, da a la rue du G\u00e9n\u00e9ral Mangin y posee un peque\u00f1o jard\u00edn y balcones\",\"breadcrumb\":{\"@id\":\"https:\\\/\\\/www.residence-paris-asnieres.com\\\/es\\\/apartamentos\\\/#breadcrumb\"},\"inLanguage\":\"es\",\"potentialAction\":[{\"@type\":\"ReadAction\",\"target\":[\"https:\\\/\\\/www.residence-paris-asnieres.com\\\/es\\\/apartamentos\\\/\"]}]},{\"@type\":\"BreadcrumbList\",\"@id\":\"https:\\\/\\\/www.residence-paris-asnieres.com\\\/es\\\/apartamentos\\\/#breadcrumb\",\"itemListElement\":[{\"@type\":\"ListItem\",\"position\":1,\"name\":\"Home\",\"item\":\"https:\\\/\\\/www.residence-paris-asnieres.com\\\/es\\\/\"},{\"@type\":\"ListItem\",\"position\":2,\"name\":\"Apartamentos\"}]},{\"@type\":\"WebSite\",\"@id\":\"https:\\\/\\\/www.residence-paris-asnieres.com\\\/es\\\/#website\",\"url\":\"https:\\\/\\\/www.residence-paris-asnieres.com\\\/es\\\/\",\"name\":\"R\u00e9sidence Paris Asni\u00e8res\",\"description\":\"\",\"publisher\":{\"@id\":\"https:\\\/\\\/www.residence-paris-asnieres.com\\\/es\\\/#organization\"},\"potentialAction\":[{\"@type\":\"SearchAction\",\"target\":{\"@type\":\"EntryPoint\",\"urlTemplate\":\"https:\\\/\\\/www.residence-paris-asnieres.com\\\/es\\\/?s={search_term_string}\"},\"query-input\":{\"@type\":\"PropertyValueSpecification\",\"valueRequired\":true,\"valueName\":\"search_term_string\"}}],\"inLanguage\":\"es\"},{\"@type\":\"Organization\",\"@id\":\"https:\\\/\\\/www.residence-paris-asnieres.com\\\/es\\\/#organization\",\"name\":\"R\u00e9sidence Paris Asni\u00e8res\",\"url\":\"https:\\\/\\\/www.residence-paris-asnieres.com\\\/es\\\/\",\"logo\":{\"@type\":\"ImageObject\",\"inLanguage\":\"es\",\"@id\":\"https:\\\/\\\/www.residence-paris-asnieres.com\\\/es\\\/#\\\/schema\\\/logo\\\/image\\\/\",\"url\":\"https:\\\/\\\/residence-paris-asnieres.ms2.decms.eu\\\/wp-content\\\/uploads\\\/sites\\\/178\\\/2024\\\/11\\\/logo-RESIDENCE_PARIS_ASNIERES-21.png\",\"contentUrl\":\"https:\\\/\\\/residence-paris-asnieres.ms2.decms.eu\\\/wp-content\\\/uploads\\\/sites\\\/178\\\/2024\\\/11\\\/logo-RESIDENCE_PARIS_ASNIERES-21.png\",\"width\":346,\"height\":77,\"caption\":\"R\u00e9sidence Paris Asni\u00e8res\"},\"image\":{\"@id\":\"https:\\\/\\\/www.residence-paris-asnieres.com\\\/es\\\/#\\\/schema\\\/logo\\\/image\\\/\"}}]}<\/script>\n<!-- \/ Yoast SEO plugin. -->","yoast_head_json":{"title":"Apartamentos - R\u00e9sidence Paris Asni\u00e8res","description":"La\u00a0R\u00e9sidence Paris Asni\u00e8res, situado en el centro de la ciudad de Asni\u00e8res-sur-Seine, consta de 50 apartamentos amueblados con servicios hoteleros: conexi\u00f3n gratuita a Internet, cocina americana equipada, kit de limpieza, kit de ba\u00f1o, kit dulce, kit salado, desayuno buffet ecol\u00f3gico, acceso gratuito al gimnasio, espacio de coworking, m\u00e1quinas expendedoras de vajilla ecol\u00f3gica, lavander\u00eda, tintorer\u00eda\u2026 \u00a1Puedes vivir all\u00ed como si estuvieras en casa! Nuestro apartahotel,\u00a0se compone de apartamentos amueblados repartidos en dos edificios con ascensores. El edificio A, de 4 plantas, da a la rue du G\u00e9n\u00e9ral Mangin y posee un peque\u00f1o jard\u00edn y balcones","robots":{"index":"index","follow":"follow","max-snippet":"max-snippet:-1","max-image-preview":"max-image-preview:large","max-video-preview":"max-video-preview:-1"},"canonical":"https:\/\/www.residence-paris-asnieres.com\/es\/apartamentos\/","og_locale":"es_ES","og_type":"article","og_title":"Apartamentos - R\u00e9sidence Paris Asni\u00e8res","og_description":"La\u00a0R\u00e9sidence Paris Asni\u00e8res, situado en el centro de la ciudad de Asni\u00e8res-sur-Seine, consta de 50 apartamentos amueblados con servicios hoteleros: conexi\u00f3n gratuita a Internet, cocina americana equipada, kit de limpieza, kit de ba\u00f1o, kit dulce, kit salado, desayuno buffet ecol\u00f3gico, acceso gratuito al gimnasio, espacio de coworking, m\u00e1quinas expendedoras de vajilla ecol\u00f3gica, lavander\u00eda, tintorer\u00eda\u2026 \u00a1Puedes vivir all\u00ed como si estuvieras en casa! Nuestro apartahotel,\u00a0se compone de apartamentos amueblados repartidos en dos edificios con ascensores. El edificio A, de 4 plantas, da a la rue du G\u00e9n\u00e9ral Mangin y posee un peque\u00f1o jard\u00edn y balcones","og_url":"https:\/\/www.residence-paris-asnieres.com\/es\/apartamentos\/","og_site_name":"R\u00e9sidence Paris Asni\u00e8res","article_modified_time":"2025-02-26T13:23:42+00:00","og_image":[{"width":2200,"height":1200,"url":"https:\/\/www.residence-paris-asnieres.com\/wp-content\/uploads\/sites\/178\/2024\/11\/residence_asnieres_home_slide01-1.jpg","type":"image\/jpeg"}],"twitter_card":"summary_large_image","twitter_misc":{"Tiempo de lectura":"2 minutos"},"schema":{"@context":"https:\/\/schema.org","@graph":[{"@type":"WebPage","@id":"https:\/\/www.residence-paris-asnieres.com\/es\/apartamentos\/","url":"https:\/\/www.residence-paris-asnieres.com\/es\/apartamentos\/","name":"Apartamentos - R\u00e9sidence Paris Asni\u00e8res","isPartOf":{"@id":"https:\/\/www.residence-paris-asnieres.com\/es\/#website"},"datePublished":"2024-11-04T16:40:55+00:00","dateModified":"2025-02-26T13:23:42+00:00","description":"La\u00a0R\u00e9sidence Paris Asni\u00e8res, situado en el centro de la ciudad de Asni\u00e8res-sur-Seine, consta de 50 apartamentos amueblados con servicios hoteleros: conexi\u00f3n gratuita a Internet, cocina americana equipada, kit de limpieza, kit de ba\u00f1o, kit dulce, kit salado, desayuno buffet ecol\u00f3gico, acceso gratuito al gimnasio, espacio de coworking, m\u00e1quinas expendedoras de vajilla ecol\u00f3gica, lavander\u00eda, tintorer\u00eda\u2026 \u00a1Puedes vivir all\u00ed como si estuvieras en casa! Nuestro apartahotel,\u00a0se compone de apartamentos amueblados repartidos en dos edificios con ascensores. El edificio A, de 4 plantas, da a la rue du G\u00e9n\u00e9ral Mangin y posee un peque\u00f1o jard\u00edn y balcones","breadcrumb":{"@id":"https:\/\/www.residence-paris-asnieres.com\/es\/apartamentos\/#breadcrumb"},"inLanguage":"es","potentialAction":[{"@type":"ReadAction","target":["https:\/\/www.residence-paris-asnieres.com\/es\/apartamentos\/"]}]},{"@type":"BreadcrumbList","@id":"https:\/\/www.residence-paris-asnieres.com\/es\/apartamentos\/#breadcrumb","itemListElement":[{"@type":"ListItem","position":1,"name":"Home","item":"https:\/\/www.residence-paris-asnieres.com\/es\/"},{"@type":"ListItem","position":2,"name":"Apartamentos"}]},{"@type":"WebSite","@id":"https:\/\/www.residence-paris-asnieres.com\/es\/#website","url":"https:\/\/www.residence-paris-asnieres.com\/es\/","name":"R\u00e9sidence Paris Asni\u00e8res","description":"","publisher":{"@id":"https:\/\/www.residence-paris-asnieres.com\/es\/#organization"},"potentialAction":[{"@type":"SearchAction","target":{"@type":"EntryPoint","urlTemplate":"https:\/\/www.residence-paris-asnieres.com\/es\/?s={search_term_string}"},"query-input":{"@type":"PropertyValueSpecification","valueRequired":true,"valueName":"search_term_string"}}],"inLanguage":"es"},{"@type":"Organization","@id":"https:\/\/www.residence-paris-asnieres.com\/es\/#organization","name":"R\u00e9sidence Paris Asni\u00e8res","url":"https:\/\/www.residence-paris-asnieres.com\/es\/","logo":{"@type":"ImageObject","inLanguage":"es","@id":"https:\/\/www.residence-paris-asnieres.com\/es\/#\/schema\/logo\/image\/","url":"https:\/\/residence-paris-asnieres.ms2.decms.eu\/wp-content\/uploads\/sites\/178\/2024\/11\/logo-RESIDENCE_PARIS_ASNIERES-21.png","contentUrl":"https:\/\/residence-paris-asnieres.ms2.decms.eu\/wp-content\/uploads\/sites\/178\/2024\/11\/logo-RESIDENCE_PARIS_ASNIERES-21.png","width":346,"height":77,"caption":"R\u00e9sidence Paris Asni\u00e8res"},"image":{"@id":"https:\/\/www.residence-paris-asnieres.com\/es\/#\/schema\/logo\/image\/"}}]}},"acf":[],"_links":{"self":[{"href":"https:\/\/www.residence-paris-asnieres.com\/es\/wp-json\/wp\/v2\/pages\/37","targetHints":{"allow":["GET"]}}],"collection":[{"href":"https:\/\/www.residence-paris-asnieres.com\/es\/wp-json\/wp\/v2\/pages"}],"about":[{"href":"https:\/\/www.residence-paris-asnieres.com\/es\/wp-json\/wp\/v2\/types\/page"}],"author":[{"embeddable":true,"href":"https:\/\/www.residence-paris-asnieres.com\/es\/wp-json\/wp\/v2\/users\/13"}],"replies":[{"embeddable":true,"href":"https:\/\/www.residence-paris-asnieres.com\/es\/wp-json\/wp\/v2\/comments?post=37"}],"version-history":[{"count":0,"href":"https:\/\/www.residence-paris-asnieres.com\/es\/wp-json\/wp\/v2\/pages\/37\/revisions"}],"wp:attachment":[{"href":"https:\/\/www.residence-paris-asnieres.com\/es\/wp-json\/wp\/v2\/media?parent=37"}],"curies":[{"name":"wp","href":"https:\/\/api.w.org\/{rel}","templated":true}]}}