
{"id":368,"date":"2024-11-08T14:50:16","date_gmt":"2024-11-08T14:50:16","guid":{"rendered":"https:\/\/residence-paris-asnieres.ms2.decms.eu\/teletravail\/"},"modified":"2025-02-24T13:38:47","modified_gmt":"2025-02-24T13:38:47","slug":"teletrabajo","status":"publish","type":"page","link":"https:\/\/www.residence-paris-asnieres.com\/es\/teletrabajo\/","title":{"rendered":"Teletrabajo"},"content":{"rendered":"<h3 style=\"text-align: center;\"><b>El teletrabajo, es posible a la R\u00e9sidence Paris Asni\u00e8res.<\/b><\/h3>\n<p style=\"text-align: center;\"><span style=\"font-weight: 400;\">\u00a1Se puede alquilar un despacho individual o la sala de reuni\u00f3n solo para un dia!<\/span><\/p>\n","protected":false},"excerpt":{"rendered":"<p>El teletrabajo, es posible a la R\u00e9sidence Paris Asni\u00e8res. \u00a1Se puede alquilar un despacho individual o la sala de reuni\u00f3n solo para un dia!<\/p>\n","protected":false},"author":13,"featured_media":0,"parent":0,"menu_order":50,"comment_status":"closed","ping_status":"closed","template":"","meta":{"footnotes":""},"yoast_head":"<!-- This site is optimized with the Yoast SEO plugin v22.3 - https:\/\/yoast.com\/wordpress\/plugins\/seo\/ -->\n<title>Teletrabajo - R\u00e9sidence Paris Asni\u00e8res<\/title>\n<meta name=\"description\" content=\"El teletrabajo, es posible a la R\u00e9sidence Paris Asni\u00e8res. \u00a1Se puede alquilar un despacho individual o la sala de reuni\u00f3n solo para un dia!.\" \/>\n<meta name=\"robots\" content=\"index, follow, max-snippet:-1, max-image-preview:large, max-video-preview:-1\" \/>\n<link rel=\"canonical\" href=\"https:\/\/www.residence-paris-asnieres.com\/es\/teletrabajo\/\" \/>\n<meta property=\"og:locale\" content=\"es_ES\" \/>\n<meta property=\"og:type\" content=\"article\" \/>\n<meta property=\"og:title\" content=\"Teletrabajo - R\u00e9sidence Paris Asni\u00e8res\" \/>\n<meta property=\"og:description\" content=\"El teletrabajo, es posible a la R\u00e9sidence Paris Asni\u00e8res. \u00a1Se puede alquilar un despacho individual o la sala de reuni\u00f3n solo para un dia!.\" \/>\n<meta property=\"og:url\" content=\"https:\/\/www.residence-paris-asnieres.com\/es\/teletrabajo\/\" \/>\n<meta property=\"og:site_name\" content=\"R\u00e9sidence Paris Asni\u00e8res\" \/>\n<meta property=\"article:modified_time\" content=\"2025-02-24T13:38:47+00:00\" \/>\n<meta property=\"og:image\" content=\"https:\/\/www.residence-paris-asnieres.com\/wp-content\/uploads\/sites\/178\/2024\/11\/residence_asnieres_home_slide01-1.jpg\" \/>\n\t<meta property=\"og:image:width\" content=\"2200\" \/>\n\t<meta property=\"og:image:height\" content=\"1200\" \/>\n\t<meta property=\"og:image:type\" content=\"image\/jpeg\" \/>\n<meta name=\"twitter:card\" content=\"summary_large_image\" \/>\n<meta name=\"twitter:label1\" content=\"Tiempo de lectura\" \/>\n\t<meta name=\"twitter:data1\" content=\"1 minuto\" \/>\n<script type=\"application\/ld+json\" class=\"yoast-schema-graph\">{\"@context\":\"https:\/\/schema.org\",\"@graph\":[{\"@type\":\"WebPage\",\"@id\":\"https:\/\/www.residence-paris-asnieres.com\/es\/teletrabajo\/\",\"url\":\"https:\/\/www.residence-paris-asnieres.com\/es\/teletrabajo\/\",\"name\":\"Teletrabajo - R\u00e9sidence Paris Asni\u00e8res\",\"isPartOf\":{\"@id\":\"https:\/\/www.residence-paris-asnieres.com\/es\/#website\"},\"datePublished\":\"2024-11-08T14:50:16+00:00\",\"dateModified\":\"2025-02-24T13:38:47+00:00\",\"description\":\"El teletrabajo, es posible a la R\u00e9sidence Paris Asni\u00e8res. \u00a1Se puede alquilar un despacho individual o la sala de reuni\u00f3n solo para un dia! .\",\"breadcrumb\":{\"@id\":\"https:\/\/www.residence-paris-asnieres.com\/es\/teletrabajo\/#breadcrumb\"},\"inLanguage\":\"es\",\"potentialAction\":[{\"@type\":\"ReadAction\",\"target\":[\"https:\/\/www.residence-paris-asnieres.com\/es\/teletrabajo\/\"]}]},{\"@type\":\"BreadcrumbList\",\"@id\":\"https:\/\/www.residence-paris-asnieres.com\/es\/teletrabajo\/#breadcrumb\",\"itemListElement\":[{\"@type\":\"ListItem\",\"position\":1,\"name\":\"Home\",\"item\":\"https:\/\/www.residence-paris-asnieres.com\/es\/\"},{\"@type\":\"ListItem\",\"position\":2,\"name\":\"Teletrabajo\"}]},{\"@type\":\"WebSite\",\"@id\":\"https:\/\/www.residence-paris-asnieres.com\/es\/#website\",\"url\":\"https:\/\/www.residence-paris-asnieres.com\/es\/\",\"name\":\"R\u00e9sidence Paris Asni\u00e8res\",\"description\":\"\",\"publisher\":{\"@id\":\"https:\/\/www.residence-paris-asnieres.com\/es\/#organization\"},\"potentialAction\":[{\"@type\":\"SearchAction\",\"target\":{\"@type\":\"EntryPoint\",\"urlTemplate\":\"https:\/\/www.residence-paris-asnieres.com\/es\/?s={search_term_string}\"},\"query-input\":\"required name=search_term_string\"}],\"inLanguage\":\"es\"},{\"@type\":\"Organization\",\"@id\":\"https:\/\/www.residence-paris-asnieres.com\/es\/#organization\",\"name\":\"R\u00e9sidence Paris Asni\u00e8res\",\"url\":\"https:\/\/www.residence-paris-asnieres.com\/es\/\",\"logo\":{\"@type\":\"ImageObject\",\"inLanguage\":\"es\",\"@id\":\"https:\/\/www.residence-paris-asnieres.com\/es\/#\/schema\/logo\/image\/\",\"url\":\"https:\/\/residence-paris-asnieres.ms2.decms.eu\/wp-content\/uploads\/sites\/178\/2024\/11\/logo-RESIDENCE_PARIS_ASNIERES-21.png\",\"contentUrl\":\"https:\/\/residence-paris-asnieres.ms2.decms.eu\/wp-content\/uploads\/sites\/178\/2024\/11\/logo-RESIDENCE_PARIS_ASNIERES-21.png\",\"width\":346,\"height\":77,\"caption\":\"R\u00e9sidence Paris Asni\u00e8res\"},\"image\":{\"@id\":\"https:\/\/www.residence-paris-asnieres.com\/es\/#\/schema\/logo\/image\/\"}}]}<\/script>\n<!-- \/ Yoast SEO plugin. -->","yoast_head_json":{"title":"Teletrabajo - R\u00e9sidence Paris Asni\u00e8res","description":"El teletrabajo, es posible a la R\u00e9sidence Paris Asni\u00e8res. \u00a1Se puede alquilar un despacho individual o la sala de reuni\u00f3n solo para un dia!.","robots":{"index":"index","follow":"follow","max-snippet":"max-snippet:-1","max-image-preview":"max-image-preview:large","max-video-preview":"max-video-preview:-1"},"canonical":"https:\/\/www.residence-paris-asnieres.com\/es\/teletrabajo\/","og_locale":"es_ES","og_type":"article","og_title":"Teletrabajo - R\u00e9sidence Paris Asni\u00e8res","og_description":"El teletrabajo, es posible a la R\u00e9sidence Paris Asni\u00e8res. \u00a1Se puede alquilar un despacho individual o la sala de reuni\u00f3n solo para un dia!.","og_url":"https:\/\/www.residence-paris-asnieres.com\/es\/teletrabajo\/","og_site_name":"R\u00e9sidence Paris Asni\u00e8res","article_modified_time":"2025-02-24T13:38:47+00:00","og_image":[{"width":2200,"height":1200,"url":"https:\/\/www.residence-paris-asnieres.com\/wp-content\/uploads\/sites\/178\/2024\/11\/residence_asnieres_home_slide01-1.jpg","type":"image\/jpeg"}],"twitter_card":"summary_large_image","twitter_misc":{"Tiempo de lectura":"1 minuto"},"schema":{"@context":"https:\/\/schema.org","@graph":[{"@type":"WebPage","@id":"https:\/\/www.residence-paris-asnieres.com\/es\/teletrabajo\/","url":"https:\/\/www.residence-paris-asnieres.com\/es\/teletrabajo\/","name":"Teletrabajo - R\u00e9sidence Paris Asni\u00e8res","isPartOf":{"@id":"https:\/\/www.residence-paris-asnieres.com\/es\/#website"},"datePublished":"2024-11-08T14:50:16+00:00","dateModified":"2025-02-24T13:38:47+00:00","description":"El teletrabajo, es posible a la R\u00e9sidence Paris Asni\u00e8res. \u00a1Se puede alquilar un despacho individual o la sala de reuni\u00f3n solo para un dia! .","breadcrumb":{"@id":"https:\/\/www.residence-paris-asnieres.com\/es\/teletrabajo\/#breadcrumb"},"inLanguage":"es","potentialAction":[{"@type":"ReadAction","target":["https:\/\/www.residence-paris-asnieres.com\/es\/teletrabajo\/"]}]},{"@type":"BreadcrumbList","@id":"https:\/\/www.residence-paris-asnieres.com\/es\/teletrabajo\/#breadcrumb","itemListElement":[{"@type":"ListItem","position":1,"name":"Home","item":"https:\/\/www.residence-paris-asnieres.com\/es\/"},{"@type":"ListItem","position":2,"name":"Teletrabajo"}]},{"@type":"WebSite","@id":"https:\/\/www.residence-paris-asnieres.com\/es\/#website","url":"https:\/\/www.residence-paris-asnieres.com\/es\/","name":"R\u00e9sidence Paris Asni\u00e8res","description":"","publisher":{"@id":"https:\/\/www.residence-paris-asnieres.com\/es\/#organization"},"potentialAction":[{"@type":"SearchAction","target":{"@type":"EntryPoint","urlTemplate":"https:\/\/www.residence-paris-asnieres.com\/es\/?s={search_term_string}"},"query-input":"required name=search_term_string"}],"inLanguage":"es"},{"@type":"Organization","@id":"https:\/\/www.residence-paris-asnieres.com\/es\/#organization","name":"R\u00e9sidence Paris Asni\u00e8res","url":"https:\/\/www.residence-paris-asnieres.com\/es\/","logo":{"@type":"ImageObject","inLanguage":"es","@id":"https:\/\/www.residence-paris-asnieres.com\/es\/#\/schema\/logo\/image\/","url":"https:\/\/residence-paris-asnieres.ms2.decms.eu\/wp-content\/uploads\/sites\/178\/2024\/11\/logo-RESIDENCE_PARIS_ASNIERES-21.png","contentUrl":"https:\/\/residence-paris-asnieres.ms2.decms.eu\/wp-content\/uploads\/sites\/178\/2024\/11\/logo-RESIDENCE_PARIS_ASNIERES-21.png","width":346,"height":77,"caption":"R\u00e9sidence Paris Asni\u00e8res"},"image":{"@id":"https:\/\/www.residence-paris-asnieres.com\/es\/#\/schema\/logo\/image\/"}}]}},"acf":[],"_links":{"self":[{"href":"https:\/\/www.residence-paris-asnieres.com\/es\/wp-json\/wp\/v2\/pages\/368"}],"collection":[{"href":"https:\/\/www.residence-paris-asnieres.com\/es\/wp-json\/wp\/v2\/pages"}],"about":[{"href":"https:\/\/www.residence-paris-asnieres.com\/es\/wp-json\/wp\/v2\/types\/page"}],"author":[{"embeddable":true,"href":"https:\/\/www.residence-paris-asnieres.com\/es\/wp-json\/wp\/v2\/users\/13"}],"replies":[{"embeddable":true,"href":"https:\/\/www.residence-paris-asnieres.com\/es\/wp-json\/wp\/v2\/comments?post=368"}],"version-history":[{"count":0,"href":"https:\/\/www.residence-paris-asnieres.com\/es\/wp-json\/wp\/v2\/pages\/368\/revisions"}],"wp:attachment":[{"href":"https:\/\/www.residence-paris-asnieres.com\/es\/wp-json\/wp\/v2\/media?parent=368"}],"curies":[{"name":"wp","href":"https:\/\/api.w.org\/{rel}","templated":true}]}}