
{"id":220,"date":"2024-11-08T10:22:07","date_gmt":"2024-11-08T10:22:07","guid":{"rendered":"https:\/\/residence-paris-asnieres.ms2.decms.eu\/?page_id=220"},"modified":"2025-02-26T15:01:47","modified_gmt":"2025-02-26T15:01:47","slug":"actividades-de-ocio","status":"publish","type":"page","link":"https:\/\/www.residence-paris-asnieres.com\/es\/actividades-de-ocio\/","title":{"rendered":"Actividades de ocio"},"content":{"rendered":"<h2>Paris<\/h2>\n<p>Gracias a su privilegiada situaci\u00f3n a las puertas de Par\u00eds y a 8 minutos en tren del centro de Par\u00eds, el aparthotel R\u00e9sidence Paris Asni\u00e8res le permitir\u00e1 disfrutar de las ilimitadas posibilidades tur\u00edsticas y culturales de la capital.<\/p>\n<p>Podr\u00e1 descubrir Par\u00eds y sus monumentos, sus exposiciones, sus grandes almacenes y, sobre todo, la intensidad y la riqueza de la vida parisina.<\/p>\n<p>Desde algunos apartamentos de nuestro apparthotel, se puede aprovechar de una vista magnifica sobre la Torre Eiffel y los techos de Paris.<\/p>\n<h2><\/h2>\n<h2>Asni\u00e8res-sur-Seine<\/h2>\n<p><strong>\u00a0<\/strong><strong>Ciudad deportiva<\/strong><\/p>\n<p>La ciudad de Asni\u00e8res dispone de un gran n\u00famero de instalaciones deportivas : diez gimnasios, seis estadios, un centro de tiro y dos clubs de tenis.<\/p>\n<p>Una piscina y una pista de patinaje ol\u00edmpica agrupadas en un gran complejo deportivo, el Centre des Courtilles, situado en el norte de la ciudad. Podr\u00e1s encontrar las direcciones y los horarios de todas estas instalaciones en la p\u00e1gina web de la ciudad de Asni\u00e8res en la secci\u00f3n \u00ab sport \u00bb.<\/p>\n<p>&nbsp;<\/p>\n<p><strong>Curiosidades de Asni\u00e8res-sur-Seine<\/strong><\/p>\n<p>La ciudad de Asni\u00e8res posee un rico patrimonio hist\u00f3rico. Se puede visitar su castillo, el cual es muy representativo de la arquitectura del siglo XVIII. El ayuntamiento es un bello ejemplo de la arquitectura republicana de pompa, que se desarroll\u00f3 a partir de 1895.<\/p>\n<p>Entre otras curiosidades de Asni\u00e8res sur Seine, podr\u00e1 visitar el museo Vuitton. Louis Vuitton se instal\u00f3 en Asni\u00e8res en 1860 donde construy\u00f3 una casa y sus primeros talleres, momento en el que naci\u00f3 la famosa casa Vuitton. Tambi\u00e9n se puede visitar el sorprendente cementerio de perros, conocido por ser el m\u00e1s antiguo cementerio de animales del mundo.<\/p>\n<p>&nbsp;<\/p>\n<p><strong>Asni\u00e8res-sur-Seine, ciudad cultural<\/strong><\/p>\n<p>Asni\u00e8res cuenta con dos teatros, ambos con gran diversidad de espect\u00e1culos para todos los gustos : obras de teatro, ballets, conciertos \u2026<\/p>\n<p><strong>Le Th\u00e9atre Armande B\u00e9jart: <\/strong>16, place de l\u2019H\u00f4tel de Ville \/ Tel : <a href=\"tel:+33 1 41 11 14 58\">+33 1 41 11 14 58<\/a><br \/>\n<strong>Le Studio Th\u00e9\u00e2tre: <\/strong>3, rue Edmond Fantin \/ Tel : <a href=\"tel:+33 1 47 90 95 33\">+33 1 47 90 95 33<\/a><br \/>\n<strong>El cine l\u2019Alcazar<\/strong> dispone de cuatro salas con m\u00e1s de 120 sesiones por semana, pel\u00edculas en exclusiva as\u00ed como pel\u00edculas de arte y ensayo &#8211; 1, rue de la station \/ Programas : <a href=\"tel:+33 8 92 68 81 13\">+33 8 92 68 81 13<\/a><\/p>\n","protected":false},"excerpt":{"rendered":"<p>Paris Gracias a su privilegiada situaci\u00f3n a las puertas de Par\u00eds y a 8 minutos en tren del centro de Par\u00eds, el aparthotel R\u00e9sidence Paris Asni\u00e8res le permitir\u00e1 disfrutar de las ilimitadas posibilidades tur\u00edsticas y culturales de la capital. Podr\u00e1 descubrir Par\u00eds y sus monumentos, sus exposiciones, sus grandes almacenes y, sobre todo, la intensidad [&hellip;]<\/p>\n","protected":false},"author":13,"featured_media":0,"parent":0,"menu_order":60,"comment_status":"closed","ping_status":"closed","template":"template-surroundings.php","meta":{"footnotes":""},"yoast_head":"<!-- This site is optimized with the Yoast SEO plugin v22.3 - https:\/\/yoast.com\/wordpress\/plugins\/seo\/ -->\n<title>Actividades de ocio - R\u00e9sidence Paris Asni\u00e8res<\/title>\n<meta name=\"description\" content=\"Paris Gracias a su privilegiada situaci\u00f3n a las puertas de Par\u00eds y a 8 minutos en tren del centro de Par\u00eds, el aparthotel R\u00e9sidence Paris Asni\u00e8res le permitir\u00e1 disfrutar de las ilimitadas posibilidades tur\u00edsticas y culturales de la capital.  Podr\u00e1 descubrir Par\u00eds y sus monumentos, sus exposiciones, sus grandes almacenes y, sobre todo, la intensidad y la riqueza de la vida parisina.  Desde algunos apartamentos de nuestro apparthotel, se puede aprovechar de una vista magnifica sobre la Torre Eiffel y los techos de Paris.  Asni\u00e8res-sur-Seine \u00a0Ciudad deportiva  La ciudad de Asni\u00e8res dispone de un gran n\u00famero de instalaciones deportivas : diez gimnasios, seis estadios, un centro de tiro y dos clubs de tenis.  Una piscina y una pista de patinaje ol\u00edmpica agrupadas en un gran complejo deportivo, el Centre des Courtilles, situado en el norte de la ciudad. Podr\u00e1s encontrar las direcciones y los horarios de todas estas instalaciones en la p\u00e1gina web de la ciudad de Asni\u00e8res en la secci\u00f3n \u00ab sport \u00bb.  &nbsp;  Curiosidades de Asni\u00e8res-sur-Seine  La ciudad de Asni\u00e8res posee un rico patrimonio hist\u00f3rico\" \/>\n<meta name=\"robots\" content=\"index, follow, max-snippet:-1, max-image-preview:large, max-video-preview:-1\" \/>\n<link rel=\"canonical\" href=\"https:\/\/www.residence-paris-asnieres.com\/es\/actividades-de-ocio\/\" \/>\n<meta property=\"og:locale\" content=\"es_ES\" \/>\n<meta property=\"og:type\" content=\"article\" \/>\n<meta property=\"og:title\" content=\"Actividades de ocio - R\u00e9sidence Paris Asni\u00e8res\" \/>\n<meta property=\"og:description\" content=\"Paris Gracias a su privilegiada situaci\u00f3n a las puertas de Par\u00eds y a 8 minutos en tren del centro de Par\u00eds, el aparthotel R\u00e9sidence Paris Asni\u00e8res le permitir\u00e1 disfrutar de las ilimitadas posibilidades tur\u00edsticas y culturales de la capital.  Podr\u00e1 descubrir Par\u00eds y sus monumentos, sus exposiciones, sus grandes almacenes y, sobre todo, la intensidad y la riqueza de la vida parisina.  Desde algunos apartamentos de nuestro apparthotel, se puede aprovechar de una vista magnifica sobre la Torre Eiffel y los techos de Paris.  Asni\u00e8res-sur-Seine \u00a0Ciudad deportiva  La ciudad de Asni\u00e8res dispone de un gran n\u00famero de instalaciones deportivas : diez gimnasios, seis estadios, un centro de tiro y dos clubs de tenis.  Una piscina y una pista de patinaje ol\u00edmpica agrupadas en un gran complejo deportivo, el Centre des Courtilles, situado en el norte de la ciudad. Podr\u00e1s encontrar las direcciones y los horarios de todas estas instalaciones en la p\u00e1gina web de la ciudad de Asni\u00e8res en la secci\u00f3n \u00ab sport \u00bb.  &nbsp;  Curiosidades de Asni\u00e8res-sur-Seine  La ciudad de Asni\u00e8res posee un rico patrimonio hist\u00f3rico\" \/>\n<meta property=\"og:url\" content=\"https:\/\/www.residence-paris-asnieres.com\/es\/actividades-de-ocio\/\" \/>\n<meta property=\"og:site_name\" content=\"R\u00e9sidence Paris Asni\u00e8res\" \/>\n<meta property=\"article:modified_time\" content=\"2025-02-26T15:01:47+00:00\" \/>\n<meta property=\"og:image\" content=\"https:\/\/www.residence-paris-asnieres.com\/wp-content\/uploads\/sites\/178\/2024\/11\/residence_asnieres_home_slide01-1.jpg\" \/>\n\t<meta property=\"og:image:width\" content=\"2200\" \/>\n\t<meta property=\"og:image:height\" content=\"1200\" \/>\n\t<meta property=\"og:image:type\" content=\"image\/jpeg\" \/>\n<meta name=\"twitter:card\" content=\"summary_large_image\" \/>\n<meta name=\"twitter:label1\" content=\"Tiempo de lectura\" \/>\n\t<meta name=\"twitter:data1\" content=\"3 minutos\" \/>\n<script type=\"application\/ld+json\" class=\"yoast-schema-graph\">{\"@context\":\"https:\/\/schema.org\",\"@graph\":[{\"@type\":\"WebPage\",\"@id\":\"https:\/\/www.residence-paris-asnieres.com\/es\/actividades-de-ocio\/\",\"url\":\"https:\/\/www.residence-paris-asnieres.com\/es\/actividades-de-ocio\/\",\"name\":\"Actividades de ocio - R\u00e9sidence Paris Asni\u00e8res\",\"isPartOf\":{\"@id\":\"https:\/\/www.residence-paris-asnieres.com\/es\/#website\"},\"datePublished\":\"2024-11-08T10:22:07+00:00\",\"dateModified\":\"2025-02-26T15:01:47+00:00\",\"description\":\"Paris Gracias a su privilegiada situaci\u00f3n a las puertas de Par\u00eds y a 8 minutos en tren del centro de Par\u00eds, el aparthotel R\u00e9sidence Paris Asni\u00e8res le permitir\u00e1 disfrutar de las ilimitadas posibilidades tur\u00edsticas y culturales de la capital. Podr\u00e1 descubrir Par\u00eds y sus monumentos, sus exposiciones, sus grandes almacenes y, sobre todo, la intensidad y la riqueza de la vida parisina. Desde algunos apartamentos de nuestro apparthotel, se puede aprovechar de una vista magnifica sobre la Torre Eiffel y los techos de Paris. Asni\u00e8res-sur-Seine \u00a0Ciudad deportiva La ciudad de Asni\u00e8res dispone de un gran n\u00famero de instalaciones deportivas : diez gimnasios, seis estadios, un centro de tiro y dos clubs de tenis. Una piscina y una pista de patinaje ol\u00edmpica agrupadas en un gran complejo deportivo, el Centre des Courtilles, situado en el norte de la ciudad. Podr\u00e1s encontrar las direcciones y los horarios de todas estas instalaciones en la p\u00e1gina web de la ciudad de Asni\u00e8res en la secci\u00f3n \u00ab sport \u00bb. &nbsp; Curiosidades de Asni\u00e8res-sur-Seine La ciudad de Asni\u00e8res posee un rico patrimonio hist\u00f3rico\",\"breadcrumb\":{\"@id\":\"https:\/\/www.residence-paris-asnieres.com\/es\/actividades-de-ocio\/#breadcrumb\"},\"inLanguage\":\"es\",\"potentialAction\":[{\"@type\":\"ReadAction\",\"target\":[\"https:\/\/www.residence-paris-asnieres.com\/es\/actividades-de-ocio\/\"]}]},{\"@type\":\"BreadcrumbList\",\"@id\":\"https:\/\/www.residence-paris-asnieres.com\/es\/actividades-de-ocio\/#breadcrumb\",\"itemListElement\":[{\"@type\":\"ListItem\",\"position\":1,\"name\":\"Home\",\"item\":\"https:\/\/www.residence-paris-asnieres.com\/es\/\"},{\"@type\":\"ListItem\",\"position\":2,\"name\":\"Actividades de ocio\"}]},{\"@type\":\"WebSite\",\"@id\":\"https:\/\/www.residence-paris-asnieres.com\/es\/#website\",\"url\":\"https:\/\/www.residence-paris-asnieres.com\/es\/\",\"name\":\"R\u00e9sidence Paris Asni\u00e8res\",\"description\":\"\",\"publisher\":{\"@id\":\"https:\/\/www.residence-paris-asnieres.com\/es\/#organization\"},\"potentialAction\":[{\"@type\":\"SearchAction\",\"target\":{\"@type\":\"EntryPoint\",\"urlTemplate\":\"https:\/\/www.residence-paris-asnieres.com\/es\/?s={search_term_string}\"},\"query-input\":\"required name=search_term_string\"}],\"inLanguage\":\"es\"},{\"@type\":\"Organization\",\"@id\":\"https:\/\/www.residence-paris-asnieres.com\/es\/#organization\",\"name\":\"R\u00e9sidence Paris Asni\u00e8res\",\"url\":\"https:\/\/www.residence-paris-asnieres.com\/es\/\",\"logo\":{\"@type\":\"ImageObject\",\"inLanguage\":\"es\",\"@id\":\"https:\/\/www.residence-paris-asnieres.com\/es\/#\/schema\/logo\/image\/\",\"url\":\"https:\/\/residence-paris-asnieres.ms2.decms.eu\/wp-content\/uploads\/sites\/178\/2024\/11\/logo-RESIDENCE_PARIS_ASNIERES-21.png\",\"contentUrl\":\"https:\/\/residence-paris-asnieres.ms2.decms.eu\/wp-content\/uploads\/sites\/178\/2024\/11\/logo-RESIDENCE_PARIS_ASNIERES-21.png\",\"width\":346,\"height\":77,\"caption\":\"R\u00e9sidence Paris Asni\u00e8res\"},\"image\":{\"@id\":\"https:\/\/www.residence-paris-asnieres.com\/es\/#\/schema\/logo\/image\/\"}}]}<\/script>\n<!-- \/ Yoast SEO plugin. -->","yoast_head_json":{"title":"Actividades de ocio - R\u00e9sidence Paris Asni\u00e8res","description":"Paris Gracias a su privilegiada situaci\u00f3n a las puertas de Par\u00eds y a 8 minutos en tren del centro de Par\u00eds, el aparthotel R\u00e9sidence Paris Asni\u00e8res le permitir\u00e1 disfrutar de las ilimitadas posibilidades tur\u00edsticas y culturales de la capital.  Podr\u00e1 descubrir Par\u00eds y sus monumentos, sus exposiciones, sus grandes almacenes y, sobre todo, la intensidad y la riqueza de la vida parisina.  Desde algunos apartamentos de nuestro apparthotel, se puede aprovechar de una vista magnifica sobre la Torre Eiffel y los techos de Paris.  Asni\u00e8res-sur-Seine \u00a0Ciudad deportiva  La ciudad de Asni\u00e8res dispone de un gran n\u00famero de instalaciones deportivas : diez gimnasios, seis estadios, un centro de tiro y dos clubs de tenis.  Una piscina y una pista de patinaje ol\u00edmpica agrupadas en un gran complejo deportivo, el Centre des Courtilles, situado en el norte de la ciudad. Podr\u00e1s encontrar las direcciones y los horarios de todas estas instalaciones en la p\u00e1gina web de la ciudad de Asni\u00e8res en la secci\u00f3n \u00ab sport \u00bb.  &nbsp;  Curiosidades de Asni\u00e8res-sur-Seine  La ciudad de Asni\u00e8res posee un rico patrimonio hist\u00f3rico","robots":{"index":"index","follow":"follow","max-snippet":"max-snippet:-1","max-image-preview":"max-image-preview:large","max-video-preview":"max-video-preview:-1"},"canonical":"https:\/\/www.residence-paris-asnieres.com\/es\/actividades-de-ocio\/","og_locale":"es_ES","og_type":"article","og_title":"Actividades de ocio - R\u00e9sidence Paris Asni\u00e8res","og_description":"Paris Gracias a su privilegiada situaci\u00f3n a las puertas de Par\u00eds y a 8 minutos en tren del centro de Par\u00eds, el aparthotel R\u00e9sidence Paris Asni\u00e8res le permitir\u00e1 disfrutar de las ilimitadas posibilidades tur\u00edsticas y culturales de la capital.  Podr\u00e1 descubrir Par\u00eds y sus monumentos, sus exposiciones, sus grandes almacenes y, sobre todo, la intensidad y la riqueza de la vida parisina.  Desde algunos apartamentos de nuestro apparthotel, se puede aprovechar de una vista magnifica sobre la Torre Eiffel y los techos de Paris.  Asni\u00e8res-sur-Seine \u00a0Ciudad deportiva  La ciudad de Asni\u00e8res dispone de un gran n\u00famero de instalaciones deportivas : diez gimnasios, seis estadios, un centro de tiro y dos clubs de tenis.  Una piscina y una pista de patinaje ol\u00edmpica agrupadas en un gran complejo deportivo, el Centre des Courtilles, situado en el norte de la ciudad. Podr\u00e1s encontrar las direcciones y los horarios de todas estas instalaciones en la p\u00e1gina web de la ciudad de Asni\u00e8res en la secci\u00f3n \u00ab sport \u00bb.  &nbsp;  Curiosidades de Asni\u00e8res-sur-Seine  La ciudad de Asni\u00e8res posee un rico patrimonio hist\u00f3rico","og_url":"https:\/\/www.residence-paris-asnieres.com\/es\/actividades-de-ocio\/","og_site_name":"R\u00e9sidence Paris Asni\u00e8res","article_modified_time":"2025-02-26T15:01:47+00:00","og_image":[{"width":2200,"height":1200,"url":"https:\/\/www.residence-paris-asnieres.com\/wp-content\/uploads\/sites\/178\/2024\/11\/residence_asnieres_home_slide01-1.jpg","type":"image\/jpeg"}],"twitter_card":"summary_large_image","twitter_misc":{"Tiempo de lectura":"3 minutos"},"schema":{"@context":"https:\/\/schema.org","@graph":[{"@type":"WebPage","@id":"https:\/\/www.residence-paris-asnieres.com\/es\/actividades-de-ocio\/","url":"https:\/\/www.residence-paris-asnieres.com\/es\/actividades-de-ocio\/","name":"Actividades de ocio - R\u00e9sidence Paris Asni\u00e8res","isPartOf":{"@id":"https:\/\/www.residence-paris-asnieres.com\/es\/#website"},"datePublished":"2024-11-08T10:22:07+00:00","dateModified":"2025-02-26T15:01:47+00:00","description":"Paris Gracias a su privilegiada situaci\u00f3n a las puertas de Par\u00eds y a 8 minutos en tren del centro de Par\u00eds, el aparthotel R\u00e9sidence Paris Asni\u00e8res le permitir\u00e1 disfrutar de las ilimitadas posibilidades tur\u00edsticas y culturales de la capital. Podr\u00e1 descubrir Par\u00eds y sus monumentos, sus exposiciones, sus grandes almacenes y, sobre todo, la intensidad y la riqueza de la vida parisina. Desde algunos apartamentos de nuestro apparthotel, se puede aprovechar de una vista magnifica sobre la Torre Eiffel y los techos de Paris. Asni\u00e8res-sur-Seine \u00a0Ciudad deportiva La ciudad de Asni\u00e8res dispone de un gran n\u00famero de instalaciones deportivas : diez gimnasios, seis estadios, un centro de tiro y dos clubs de tenis. Una piscina y una pista de patinaje ol\u00edmpica agrupadas en un gran complejo deportivo, el Centre des Courtilles, situado en el norte de la ciudad. Podr\u00e1s encontrar las direcciones y los horarios de todas estas instalaciones en la p\u00e1gina web de la ciudad de Asni\u00e8res en la secci\u00f3n \u00ab sport \u00bb. &nbsp; Curiosidades de Asni\u00e8res-sur-Seine La ciudad de Asni\u00e8res posee un rico patrimonio hist\u00f3rico","breadcrumb":{"@id":"https:\/\/www.residence-paris-asnieres.com\/es\/actividades-de-ocio\/#breadcrumb"},"inLanguage":"es","potentialAction":[{"@type":"ReadAction","target":["https:\/\/www.residence-paris-asnieres.com\/es\/actividades-de-ocio\/"]}]},{"@type":"BreadcrumbList","@id":"https:\/\/www.residence-paris-asnieres.com\/es\/actividades-de-ocio\/#breadcrumb","itemListElement":[{"@type":"ListItem","position":1,"name":"Home","item":"https:\/\/www.residence-paris-asnieres.com\/es\/"},{"@type":"ListItem","position":2,"name":"Actividades de ocio"}]},{"@type":"WebSite","@id":"https:\/\/www.residence-paris-asnieres.com\/es\/#website","url":"https:\/\/www.residence-paris-asnieres.com\/es\/","name":"R\u00e9sidence Paris Asni\u00e8res","description":"","publisher":{"@id":"https:\/\/www.residence-paris-asnieres.com\/es\/#organization"},"potentialAction":[{"@type":"SearchAction","target":{"@type":"EntryPoint","urlTemplate":"https:\/\/www.residence-paris-asnieres.com\/es\/?s={search_term_string}"},"query-input":"required name=search_term_string"}],"inLanguage":"es"},{"@type":"Organization","@id":"https:\/\/www.residence-paris-asnieres.com\/es\/#organization","name":"R\u00e9sidence Paris Asni\u00e8res","url":"https:\/\/www.residence-paris-asnieres.com\/es\/","logo":{"@type":"ImageObject","inLanguage":"es","@id":"https:\/\/www.residence-paris-asnieres.com\/es\/#\/schema\/logo\/image\/","url":"https:\/\/residence-paris-asnieres.ms2.decms.eu\/wp-content\/uploads\/sites\/178\/2024\/11\/logo-RESIDENCE_PARIS_ASNIERES-21.png","contentUrl":"https:\/\/residence-paris-asnieres.ms2.decms.eu\/wp-content\/uploads\/sites\/178\/2024\/11\/logo-RESIDENCE_PARIS_ASNIERES-21.png","width":346,"height":77,"caption":"R\u00e9sidence Paris Asni\u00e8res"},"image":{"@id":"https:\/\/www.residence-paris-asnieres.com\/es\/#\/schema\/logo\/image\/"}}]}},"acf":[],"_links":{"self":[{"href":"https:\/\/www.residence-paris-asnieres.com\/es\/wp-json\/wp\/v2\/pages\/220"}],"collection":[{"href":"https:\/\/www.residence-paris-asnieres.com\/es\/wp-json\/wp\/v2\/pages"}],"about":[{"href":"https:\/\/www.residence-paris-asnieres.com\/es\/wp-json\/wp\/v2\/types\/page"}],"author":[{"embeddable":true,"href":"https:\/\/www.residence-paris-asnieres.com\/es\/wp-json\/wp\/v2\/users\/13"}],"replies":[{"embeddable":true,"href":"https:\/\/www.residence-paris-asnieres.com\/es\/wp-json\/wp\/v2\/comments?post=220"}],"version-history":[{"count":0,"href":"https:\/\/www.residence-paris-asnieres.com\/es\/wp-json\/wp\/v2\/pages\/220\/revisions"}],"wp:attachment":[{"href":"https:\/\/www.residence-paris-asnieres.com\/es\/wp-json\/wp\/v2\/media?parent=220"}],"curies":[{"name":"wp","href":"https:\/\/api.w.org\/{rel}","templated":true}]}}