
{"id":157,"date":"2024-11-08T09:46:30","date_gmt":"2024-11-08T09:46:30","guid":{"rendered":"https:\/\/residence-paris-asnieres.ms2.decms.eu\/?page_id=157"},"modified":"2025-02-26T15:06:21","modified_gmt":"2025-02-26T15:06:21","slug":"empresas-y-ce","status":"publish","type":"page","link":"https:\/\/www.residence-paris-asnieres.com\/es\/empresas-y-ce\/","title":{"rendered":"Empresas y CE"},"content":{"rendered":"<h2><strong>Empresas<\/strong><\/h2>\n<p>Desde varios a\u00f1os recibimos en nuestro aparthotel, los colaboradores de muchas empresas que nos han acordado su confianza y que siguen siendo fieles.<\/p>\n<p>Escuchando desde m\u00e1s de 20 a\u00f1os, nuestro equipo ha adquirido experiencia para ayudarte a encontrar soluciones de alojamiento adaptadas para tus colaboradores en caso de una mutaci\u00f3n, una formaci\u00f3n o una misi\u00f3n.<\/p>\n<p>Nuestras ventajas:<\/p>\n<ul>\n<li>Tarifas especiales disponibles para las empresas,<\/li>\n<li>Contractos \u201cBUSINESS\u201d garantizando tarifas personalizadas y constantes todo el a\u00f1o<\/li>\n<li>Reserva simplificada y prioritaria,<\/li>\n<li>La flexibilidad en la gesti\u00f3n del tiempo de las estancias de sus colaboradores,<\/li>\n<li>Capacidad de respuesta en el seguimiento de sus peticiones.<\/li>\n<\/ul>\n<h2><strong>Comit\u00e9 de empresas<\/strong><\/h2>\n<p><strong>\u00a0<\/strong>Nuestro aparthotel propone a los comit\u00e9s de empresas estancias a precios muy competitivos:<\/p>\n<ul>\n<li>Reserva prioritaria<\/li>\n<li>Reserva simplificada<\/li>\n<\/ul>\n<p>Deseas beneficiar de esta oferta, gracias por contactarnos:<\/p>\n<ul>\n<li>Por tel\u00e9fono al <strong><a href=\"tel:+ 33 1 40 86 12 19\">+ 33 1 40 86 12 19<\/a><\/strong><\/li>\n<li>Por email a <a href=\"mailto:info@residence-paris-asnieres.com\">info@residence-paris-asnieres.com<\/a><\/li>\n<\/ul>\n","protected":false},"excerpt":{"rendered":"<p>Empresas Desde varios a\u00f1os recibimos en nuestro aparthotel, los colaboradores de muchas empresas que nos han acordado su confianza y que siguen siendo fieles. Escuchando desde m\u00e1s de 20 a\u00f1os, nuestro equipo ha adquirido experiencia para ayudarte a encontrar soluciones de alojamiento adaptadas para tus colaboradores en caso de una mutaci\u00f3n, una formaci\u00f3n o una [&hellip;]<\/p>\n","protected":false},"author":13,"featured_media":0,"parent":0,"menu_order":70,"comment_status":"closed","ping_status":"closed","template":"","meta":{"footnotes":""},"yoast_head":"<!-- This site is optimized with the Yoast SEO plugin v22.3 - https:\/\/yoast.com\/wordpress\/plugins\/seo\/ -->\n<title>Empresas y CE - R\u00e9sidence Paris Asni\u00e8res<\/title>\n<meta name=\"description\" content=\"Empresas Desde varios a\u00f1os recibimos en nuestro aparthotel, los colaboradores de muchas empresas que nos han acordado su confianza y que siguen siendo fieles.  Escuchando desde m\u00e1s de 20 a\u00f1os, nuestro equipo ha adquirido experiencia para ayudarte a encontrar soluciones de alojamiento adaptadas para tus colaboradores en caso de una mutaci\u00f3n, una formaci\u00f3n o una misi\u00f3n.  Nuestras ventajas:   Tarifas especiales disponibles para las empresas,  Contractos \u201cBUSINESS\u201d garantizando tarifas personalizadas y constantes todo el a\u00f1o  Reserva simplificada y prioritaria,  La flexibilidad en la gesti\u00f3n del tiempo de las estancias de sus colaboradores,  Capacidad de respuesta en el seguimiento de sus peticiones.  Comit\u00e9 de empresas \u00a0Nuestro aparthotel propone a los comit\u00e9s de empresas estancias a precios muy competitivos:   Reserva prioritaria  Reserva simplificada  Deseas beneficiar de esta oferta, gracias por contactarnos:   Por tel\u00e9fono al + 33 1 40 86 12 19  Por email a info@residence-paris-asnieres.com .\" \/>\n<meta name=\"robots\" content=\"index, follow, max-snippet:-1, max-image-preview:large, max-video-preview:-1\" \/>\n<link rel=\"canonical\" href=\"https:\/\/www.residence-paris-asnieres.com\/es\/empresas-y-ce\/\" \/>\n<meta property=\"og:locale\" content=\"es_ES\" \/>\n<meta property=\"og:type\" content=\"article\" \/>\n<meta property=\"og:title\" content=\"Empresas y CE - R\u00e9sidence Paris Asni\u00e8res\" \/>\n<meta property=\"og:description\" content=\"Empresas Desde varios a\u00f1os recibimos en nuestro aparthotel, los colaboradores de muchas empresas que nos han acordado su confianza y que siguen siendo fieles.  Escuchando desde m\u00e1s de 20 a\u00f1os, nuestro equipo ha adquirido experiencia para ayudarte a encontrar soluciones de alojamiento adaptadas para tus colaboradores en caso de una mutaci\u00f3n, una formaci\u00f3n o una misi\u00f3n.  Nuestras ventajas:   Tarifas especiales disponibles para las empresas,  Contractos \u201cBUSINESS\u201d garantizando tarifas personalizadas y constantes todo el a\u00f1o  Reserva simplificada y prioritaria,  La flexibilidad en la gesti\u00f3n del tiempo de las estancias de sus colaboradores,  Capacidad de respuesta en el seguimiento de sus peticiones.  Comit\u00e9 de empresas \u00a0Nuestro aparthotel propone a los comit\u00e9s de empresas estancias a precios muy competitivos:   Reserva prioritaria  Reserva simplificada  Deseas beneficiar de esta oferta, gracias por contactarnos:   Por tel\u00e9fono al + 33 1 40 86 12 19  Por email a info@residence-paris-asnieres.com .\" \/>\n<meta property=\"og:url\" content=\"https:\/\/www.residence-paris-asnieres.com\/es\/empresas-y-ce\/\" \/>\n<meta property=\"og:site_name\" content=\"R\u00e9sidence Paris Asni\u00e8res\" \/>\n<meta property=\"article:modified_time\" content=\"2025-02-26T15:06:21+00:00\" \/>\n<meta property=\"og:image\" content=\"https:\/\/www.residence-paris-asnieres.com\/wp-content\/uploads\/sites\/178\/2024\/11\/residence_asnieres_home_slide01-1.jpg\" \/>\n\t<meta property=\"og:image:width\" content=\"2200\" \/>\n\t<meta property=\"og:image:height\" content=\"1200\" \/>\n\t<meta property=\"og:image:type\" content=\"image\/jpeg\" \/>\n<meta name=\"twitter:card\" content=\"summary_large_image\" \/>\n<meta name=\"twitter:label1\" content=\"Tiempo de lectura\" \/>\n\t<meta name=\"twitter:data1\" content=\"1 minuto\" \/>\n<script type=\"application\/ld+json\" class=\"yoast-schema-graph\">{\"@context\":\"https:\/\/schema.org\",\"@graph\":[{\"@type\":\"WebPage\",\"@id\":\"https:\/\/www.residence-paris-asnieres.com\/es\/empresas-y-ce\/\",\"url\":\"https:\/\/www.residence-paris-asnieres.com\/es\/empresas-y-ce\/\",\"name\":\"Empresas y CE - R\u00e9sidence Paris Asni\u00e8res\",\"isPartOf\":{\"@id\":\"https:\/\/www.residence-paris-asnieres.com\/es\/#website\"},\"datePublished\":\"2024-11-08T09:46:30+00:00\",\"dateModified\":\"2025-02-26T15:06:21+00:00\",\"description\":\"Empresas Desde varios a\u00f1os recibimos en nuestro aparthotel, los colaboradores de muchas empresas que nos han acordado su confianza y que siguen siendo fieles. Escuchando desde m\u00e1s de 20 a\u00f1os, nuestro equipo ha adquirido experiencia para ayudarte a encontrar soluciones de alojamiento adaptadas para tus colaboradores en caso de una mutaci\u00f3n, una formaci\u00f3n o una misi\u00f3n. Nuestras ventajas: \u2022 Tarifas especiales disponibles para las empresas, \u2022 Contractos \u201cBUSINESS\u201d garantizando tarifas personalizadas y constantes todo el a\u00f1o \u2022 Reserva simplificada y prioritaria, \u2022 La flexibilidad en la gesti\u00f3n del tiempo de las estancias de sus colaboradores, \u2022 Capacidad de respuesta en el seguimiento de sus peticiones. Comit\u00e9 de empresas \u00a0Nuestro aparthotel propone a los comit\u00e9s de empresas estancias a precios muy competitivos: \u2022 Reserva prioritaria \u2022 Reserva simplificada Deseas beneficiar de esta oferta, gracias por contactarnos: \u2022 Por tel\u00e9fono al + 33 1 40 86 12 19 \u2022 Por email a info@residence-paris-asnieres.com .\",\"breadcrumb\":{\"@id\":\"https:\/\/www.residence-paris-asnieres.com\/es\/empresas-y-ce\/#breadcrumb\"},\"inLanguage\":\"es\",\"potentialAction\":[{\"@type\":\"ReadAction\",\"target\":[\"https:\/\/www.residence-paris-asnieres.com\/es\/empresas-y-ce\/\"]}]},{\"@type\":\"BreadcrumbList\",\"@id\":\"https:\/\/www.residence-paris-asnieres.com\/es\/empresas-y-ce\/#breadcrumb\",\"itemListElement\":[{\"@type\":\"ListItem\",\"position\":1,\"name\":\"Home\",\"item\":\"https:\/\/www.residence-paris-asnieres.com\/es\/\"},{\"@type\":\"ListItem\",\"position\":2,\"name\":\"Empresas y CE\"}]},{\"@type\":\"WebSite\",\"@id\":\"https:\/\/www.residence-paris-asnieres.com\/es\/#website\",\"url\":\"https:\/\/www.residence-paris-asnieres.com\/es\/\",\"name\":\"R\u00e9sidence Paris Asni\u00e8res\",\"description\":\"\",\"publisher\":{\"@id\":\"https:\/\/www.residence-paris-asnieres.com\/es\/#organization\"},\"potentialAction\":[{\"@type\":\"SearchAction\",\"target\":{\"@type\":\"EntryPoint\",\"urlTemplate\":\"https:\/\/www.residence-paris-asnieres.com\/es\/?s={search_term_string}\"},\"query-input\":\"required name=search_term_string\"}],\"inLanguage\":\"es\"},{\"@type\":\"Organization\",\"@id\":\"https:\/\/www.residence-paris-asnieres.com\/es\/#organization\",\"name\":\"R\u00e9sidence Paris Asni\u00e8res\",\"url\":\"https:\/\/www.residence-paris-asnieres.com\/es\/\",\"logo\":{\"@type\":\"ImageObject\",\"inLanguage\":\"es\",\"@id\":\"https:\/\/www.residence-paris-asnieres.com\/es\/#\/schema\/logo\/image\/\",\"url\":\"https:\/\/residence-paris-asnieres.ms2.decms.eu\/wp-content\/uploads\/sites\/178\/2024\/11\/logo-RESIDENCE_PARIS_ASNIERES-21.png\",\"contentUrl\":\"https:\/\/residence-paris-asnieres.ms2.decms.eu\/wp-content\/uploads\/sites\/178\/2024\/11\/logo-RESIDENCE_PARIS_ASNIERES-21.png\",\"width\":346,\"height\":77,\"caption\":\"R\u00e9sidence Paris Asni\u00e8res\"},\"image\":{\"@id\":\"https:\/\/www.residence-paris-asnieres.com\/es\/#\/schema\/logo\/image\/\"}}]}<\/script>\n<!-- \/ Yoast SEO plugin. -->","yoast_head_json":{"title":"Empresas y CE - R\u00e9sidence Paris Asni\u00e8res","description":"Empresas Desde varios a\u00f1os recibimos en nuestro aparthotel, los colaboradores de muchas empresas que nos han acordado su confianza y que siguen siendo fieles.  Escuchando desde m\u00e1s de 20 a\u00f1os, nuestro equipo ha adquirido experiencia para ayudarte a encontrar soluciones de alojamiento adaptadas para tus colaboradores en caso de una mutaci\u00f3n, una formaci\u00f3n o una misi\u00f3n.  Nuestras ventajas:   Tarifas especiales disponibles para las empresas,  Contractos \u201cBUSINESS\u201d garantizando tarifas personalizadas y constantes todo el a\u00f1o  Reserva simplificada y prioritaria,  La flexibilidad en la gesti\u00f3n del tiempo de las estancias de sus colaboradores,  Capacidad de respuesta en el seguimiento de sus peticiones.  Comit\u00e9 de empresas \u00a0Nuestro aparthotel propone a los comit\u00e9s de empresas estancias a precios muy competitivos:   Reserva prioritaria  Reserva simplificada  Deseas beneficiar de esta oferta, gracias por contactarnos:   Por tel\u00e9fono al + 33 1 40 86 12 19  Por email a info@residence-paris-asnieres.com .","robots":{"index":"index","follow":"follow","max-snippet":"max-snippet:-1","max-image-preview":"max-image-preview:large","max-video-preview":"max-video-preview:-1"},"canonical":"https:\/\/www.residence-paris-asnieres.com\/es\/empresas-y-ce\/","og_locale":"es_ES","og_type":"article","og_title":"Empresas y CE - R\u00e9sidence Paris Asni\u00e8res","og_description":"Empresas Desde varios a\u00f1os recibimos en nuestro aparthotel, los colaboradores de muchas empresas que nos han acordado su confianza y que siguen siendo fieles.  Escuchando desde m\u00e1s de 20 a\u00f1os, nuestro equipo ha adquirido experiencia para ayudarte a encontrar soluciones de alojamiento adaptadas para tus colaboradores en caso de una mutaci\u00f3n, una formaci\u00f3n o una misi\u00f3n.  Nuestras ventajas:   Tarifas especiales disponibles para las empresas,  Contractos \u201cBUSINESS\u201d garantizando tarifas personalizadas y constantes todo el a\u00f1o  Reserva simplificada y prioritaria,  La flexibilidad en la gesti\u00f3n del tiempo de las estancias de sus colaboradores,  Capacidad de respuesta en el seguimiento de sus peticiones.  Comit\u00e9 de empresas \u00a0Nuestro aparthotel propone a los comit\u00e9s de empresas estancias a precios muy competitivos:   Reserva prioritaria  Reserva simplificada  Deseas beneficiar de esta oferta, gracias por contactarnos:   Por tel\u00e9fono al + 33 1 40 86 12 19  Por email a info@residence-paris-asnieres.com .","og_url":"https:\/\/www.residence-paris-asnieres.com\/es\/empresas-y-ce\/","og_site_name":"R\u00e9sidence Paris Asni\u00e8res","article_modified_time":"2025-02-26T15:06:21+00:00","og_image":[{"width":2200,"height":1200,"url":"https:\/\/www.residence-paris-asnieres.com\/wp-content\/uploads\/sites\/178\/2024\/11\/residence_asnieres_home_slide01-1.jpg","type":"image\/jpeg"}],"twitter_card":"summary_large_image","twitter_misc":{"Tiempo de lectura":"1 minuto"},"schema":{"@context":"https:\/\/schema.org","@graph":[{"@type":"WebPage","@id":"https:\/\/www.residence-paris-asnieres.com\/es\/empresas-y-ce\/","url":"https:\/\/www.residence-paris-asnieres.com\/es\/empresas-y-ce\/","name":"Empresas y CE - R\u00e9sidence Paris Asni\u00e8res","isPartOf":{"@id":"https:\/\/www.residence-paris-asnieres.com\/es\/#website"},"datePublished":"2024-11-08T09:46:30+00:00","dateModified":"2025-02-26T15:06:21+00:00","description":"Empresas Desde varios a\u00f1os recibimos en nuestro aparthotel, los colaboradores de muchas empresas que nos han acordado su confianza y que siguen siendo fieles. Escuchando desde m\u00e1s de 20 a\u00f1os, nuestro equipo ha adquirido experiencia para ayudarte a encontrar soluciones de alojamiento adaptadas para tus colaboradores en caso de una mutaci\u00f3n, una formaci\u00f3n o una misi\u00f3n. Nuestras ventajas: \u2022 Tarifas especiales disponibles para las empresas, \u2022 Contractos \u201cBUSINESS\u201d garantizando tarifas personalizadas y constantes todo el a\u00f1o \u2022 Reserva simplificada y prioritaria, \u2022 La flexibilidad en la gesti\u00f3n del tiempo de las estancias de sus colaboradores, \u2022 Capacidad de respuesta en el seguimiento de sus peticiones. Comit\u00e9 de empresas \u00a0Nuestro aparthotel propone a los comit\u00e9s de empresas estancias a precios muy competitivos: \u2022 Reserva prioritaria \u2022 Reserva simplificada Deseas beneficiar de esta oferta, gracias por contactarnos: \u2022 Por tel\u00e9fono al + 33 1 40 86 12 19 \u2022 Por email a info@residence-paris-asnieres.com .","breadcrumb":{"@id":"https:\/\/www.residence-paris-asnieres.com\/es\/empresas-y-ce\/#breadcrumb"},"inLanguage":"es","potentialAction":[{"@type":"ReadAction","target":["https:\/\/www.residence-paris-asnieres.com\/es\/empresas-y-ce\/"]}]},{"@type":"BreadcrumbList","@id":"https:\/\/www.residence-paris-asnieres.com\/es\/empresas-y-ce\/#breadcrumb","itemListElement":[{"@type":"ListItem","position":1,"name":"Home","item":"https:\/\/www.residence-paris-asnieres.com\/es\/"},{"@type":"ListItem","position":2,"name":"Empresas y CE"}]},{"@type":"WebSite","@id":"https:\/\/www.residence-paris-asnieres.com\/es\/#website","url":"https:\/\/www.residence-paris-asnieres.com\/es\/","name":"R\u00e9sidence Paris Asni\u00e8res","description":"","publisher":{"@id":"https:\/\/www.residence-paris-asnieres.com\/es\/#organization"},"potentialAction":[{"@type":"SearchAction","target":{"@type":"EntryPoint","urlTemplate":"https:\/\/www.residence-paris-asnieres.com\/es\/?s={search_term_string}"},"query-input":"required name=search_term_string"}],"inLanguage":"es"},{"@type":"Organization","@id":"https:\/\/www.residence-paris-asnieres.com\/es\/#organization","name":"R\u00e9sidence Paris Asni\u00e8res","url":"https:\/\/www.residence-paris-asnieres.com\/es\/","logo":{"@type":"ImageObject","inLanguage":"es","@id":"https:\/\/www.residence-paris-asnieres.com\/es\/#\/schema\/logo\/image\/","url":"https:\/\/residence-paris-asnieres.ms2.decms.eu\/wp-content\/uploads\/sites\/178\/2024\/11\/logo-RESIDENCE_PARIS_ASNIERES-21.png","contentUrl":"https:\/\/residence-paris-asnieres.ms2.decms.eu\/wp-content\/uploads\/sites\/178\/2024\/11\/logo-RESIDENCE_PARIS_ASNIERES-21.png","width":346,"height":77,"caption":"R\u00e9sidence Paris Asni\u00e8res"},"image":{"@id":"https:\/\/www.residence-paris-asnieres.com\/es\/#\/schema\/logo\/image\/"}}]}},"acf":[],"_links":{"self":[{"href":"https:\/\/www.residence-paris-asnieres.com\/es\/wp-json\/wp\/v2\/pages\/157"}],"collection":[{"href":"https:\/\/www.residence-paris-asnieres.com\/es\/wp-json\/wp\/v2\/pages"}],"about":[{"href":"https:\/\/www.residence-paris-asnieres.com\/es\/wp-json\/wp\/v2\/types\/page"}],"author":[{"embeddable":true,"href":"https:\/\/www.residence-paris-asnieres.com\/es\/wp-json\/wp\/v2\/users\/13"}],"replies":[{"embeddable":true,"href":"https:\/\/www.residence-paris-asnieres.com\/es\/wp-json\/wp\/v2\/comments?post=157"}],"version-history":[{"count":0,"href":"https:\/\/www.residence-paris-asnieres.com\/es\/wp-json\/wp\/v2\/pages\/157\/revisions"}],"wp:attachment":[{"href":"https:\/\/www.residence-paris-asnieres.com\/es\/wp-json\/wp\/v2\/media?parent=157"}],"curies":[{"name":"wp","href":"https:\/\/api.w.org\/{rel}","templated":true}]}}