
{"id":103,"date":"2024-11-05T14:24:11","date_gmt":"2024-11-05T14:24:11","guid":{"rendered":"https:\/\/residence-paris-asnieres.ms2.decms.eu\/?page_id=103"},"modified":"2025-03-17T13:38:21","modified_gmt":"2025-03-17T13:38:21","slug":"servicios","status":"publish","type":"page","link":"https:\/\/www.residence-paris-asnieres.com\/es\/servicios\/","title":{"rendered":"Servicios"},"content":{"rendered":"<h2>Los servicios siguientes est\u00e1n incluidos en nuestras tarifas<\/h2>\n<p><strong>Limpieza :\u00a0<\/strong><\/p>\n<ul>\n<li>Para estancias de 7 noches consecutivas o m\u00e1s, la limpieza semanal est\u00e1 incluida con la renovaci\u00f3n de la ropa de cama\u00a0(sin reposici\u00f3n de kits de bienvenida).<\/li>\n<li>Para estancias de menos de 7 noches, un servicio de limpieza est\u00e1 disponible bajo petici\u00f3n en la recepci\u00f3n, con un coste adicional. Puede solicitar un cambio de ropa de cama y toallas o un servicio de limpieza completo por un cargo adicional de la siguiente manera:<\/li>\n<\/ul>\n<p>&#8211; Limpieza expr\u00e9s: 11 \u20ac\u00a0por habitaci\u00f3n y d\u00eda (cama hecha sin cambio de ropa de cama \u2013 reposici\u00f3n de toallas \u2013 succi\u00f3n \u2013 papeleras vac\u00edas \u2013 sin reposici\u00f3n de kits de bienvenida)<\/p>\n<p>&#8211; Limpieza adicional: 21 \u20ac\u00a0por habitaci\u00f3n y d\u00eda (cambio de ropa de cama- aspiradora y limpieza a vapor de suelos- desempolvado de muebles fuera de la cocina- desinfecci\u00f3n sanitaria- papeleras vac\u00edas \u2013 sin reposici\u00f3n de kits de bienvenida)<\/p>\n<p>&#8211; Limpieza completa: 40 \u20ac\u00a0por habitaci\u00f3n y d\u00eda (limpieza completa \u2013 cambio completo de s\u00e1banas \u2013 reposici\u00f3n de kits de bienvenida)<\/p>\n<p style=\"font-weight: 400;\"><strong>Acceso a internet ilimitado :<\/strong><\/p>\n<p style=\"font-weight: 400;\">Acceso libre a nuestro espacio de ocio y, al gimnasio y a la lavander\u00eda con plancha y tabla de planchar a disposici\u00f3n del cliente.<\/p>\n<h2><strong>Los servicios a la carta<\/strong><\/h2>\n<p>Les proponemos los siguientes servicios a la carta: desayuno biologico\u00a0 buffet, servicio de limpieza y kit de ropa de cama y toallas suplementario, servicio de lavander\u00eda con lavadoras y secadoras, espacio de coworking, distribuidores de platos biol\u00f3gicos, snacks y bebidas\u2026<\/p>\n<p>Los animales domesticos no pueden venir a nuestro apparthotel.<\/p>\n","protected":false},"excerpt":{"rendered":"<p>Los servicios siguientes est\u00e1n incluidos en nuestras tarifas Limpieza :\u00a0 Para estancias de 7 noches consecutivas o m\u00e1s, la limpieza semanal est\u00e1 incluida con la renovaci\u00f3n de la ropa de cama\u00a0(sin reposici\u00f3n de kits de bienvenida). Para estancias de menos de 7 noches, un servicio de limpieza est\u00e1 disponible bajo petici\u00f3n en la recepci\u00f3n, con [&hellip;]<\/p>\n","protected":false},"author":13,"featured_media":0,"parent":0,"menu_order":40,"comment_status":"closed","ping_status":"closed","template":"template-services.php","meta":{"footnotes":""},"class_list":["post-103","page","type-page","status-publish","hentry"],"yoast_head":"<!-- This site is optimized with the Yoast SEO plugin v27.3 - https:\/\/yoast.com\/product\/yoast-seo-wordpress\/ -->\n<title>Servicios - R\u00e9sidence Paris Asni\u00e8res<\/title>\n<meta name=\"description\" content=\"Los servicios siguientes est\u00e1n incluidos en nuestras tarifas Limpieza :\u00a0   Para estancias de 7 noches consecutivas o m\u00e1s, la limpieza semanal est\u00e1 incluida con la renovaci\u00f3n de la ropa de cama\u00a0(sin reposici\u00f3n de kits de bienvenida).  Para estancias de menos de 7 noches, un servicio de limpieza est\u00e1 disponible bajo petici\u00f3n en la recepci\u00f3n, con un coste adicional. Puede solicitar un cambio de ropa de cama y toallas o un servicio de limpieza completo por un cargo adicional de la siguiente manera:  - Limpieza expr\u00e9s: 11 \u20ac\u00a0por habitaci\u00f3n y d\u00eda (cama hecha sin cambio de ropa de cama \u2013 reposici\u00f3n de toallas \u2013 succi\u00f3n \u2013 papeleras vac\u00edas \u2013 sin reposici\u00f3n de kits de bienvenida)  - Limpieza adicional: 21 \u20ac\u00a0por habitaci\u00f3n y d\u00eda (cambio de ropa de cama- aspiradora y limpieza a vapor de suelos- desempolvado de muebles fuera de la cocina- desinfecci\u00f3n sanitaria- papeleras vac\u00edas \u2013 sin reposici\u00f3n de kits de bienvenida)  - Limpieza completa: 40 \u20ac\u00a0por habitaci\u00f3n y d\u00eda (limpieza completa \u2013 cambio completo de s\u00e1banas \u2013 reposici\u00f3n de kits de bienvenida) Acceso a internet ilimitado : Acceso libre a nuestro espacio de ocio y, al gimnasio y a la lavander\u00eda con plancha y tabla de planchar a disposici\u00f3n del cliente.  Los servicios a la carta Les proponemos los siguientes servicios a la carta: desayuno biologico\u00a0 buffet, servicio de limpieza y kit de ropa de cama y toallas suplementario, servicio de lavander\u00eda con lavadoras y secadoras, espacio de coworking, distribuidores de platos biol\u00f3gicos, snacks y bebidas\u2026  Los animales domesticos no pueden venir a nuestro apparthotel.\" \/>\n<meta name=\"robots\" content=\"index, follow, max-snippet:-1, max-image-preview:large, max-video-preview:-1\" \/>\n<link rel=\"canonical\" href=\"https:\/\/www.residence-paris-asnieres.com\/es\/servicios\/\" \/>\n<meta property=\"og:locale\" content=\"es_ES\" \/>\n<meta property=\"og:type\" content=\"article\" \/>\n<meta property=\"og:title\" content=\"Servicios - R\u00e9sidence Paris Asni\u00e8res\" \/>\n<meta property=\"og:description\" content=\"Los servicios siguientes est\u00e1n incluidos en nuestras tarifas Limpieza :\u00a0   Para estancias de 7 noches consecutivas o m\u00e1s, la limpieza semanal est\u00e1 incluida con la renovaci\u00f3n de la ropa de cama\u00a0(sin reposici\u00f3n de kits de bienvenida).  Para estancias de menos de 7 noches, un servicio de limpieza est\u00e1 disponible bajo petici\u00f3n en la recepci\u00f3n, con un coste adicional. Puede solicitar un cambio de ropa de cama y toallas o un servicio de limpieza completo por un cargo adicional de la siguiente manera:  - Limpieza expr\u00e9s: 11 \u20ac\u00a0por habitaci\u00f3n y d\u00eda (cama hecha sin cambio de ropa de cama \u2013 reposici\u00f3n de toallas \u2013 succi\u00f3n \u2013 papeleras vac\u00edas \u2013 sin reposici\u00f3n de kits de bienvenida)  - Limpieza adicional: 21 \u20ac\u00a0por habitaci\u00f3n y d\u00eda (cambio de ropa de cama- aspiradora y limpieza a vapor de suelos- desempolvado de muebles fuera de la cocina- desinfecci\u00f3n sanitaria- papeleras vac\u00edas \u2013 sin reposici\u00f3n de kits de bienvenida)  - Limpieza completa: 40 \u20ac\u00a0por habitaci\u00f3n y d\u00eda (limpieza completa \u2013 cambio completo de s\u00e1banas \u2013 reposici\u00f3n de kits de bienvenida) Acceso a internet ilimitado : Acceso libre a nuestro espacio de ocio y, al gimnasio y a la lavander\u00eda con plancha y tabla de planchar a disposici\u00f3n del cliente.  Los servicios a la carta Les proponemos los siguientes servicios a la carta: desayuno biologico\u00a0 buffet, servicio de limpieza y kit de ropa de cama y toallas suplementario, servicio de lavander\u00eda con lavadoras y secadoras, espacio de coworking, distribuidores de platos biol\u00f3gicos, snacks y bebidas\u2026  Los animales domesticos no pueden venir a nuestro apparthotel.\" \/>\n<meta property=\"og:url\" content=\"https:\/\/www.residence-paris-asnieres.com\/es\/servicios\/\" \/>\n<meta property=\"og:site_name\" content=\"R\u00e9sidence Paris Asni\u00e8res\" \/>\n<meta property=\"article:modified_time\" content=\"2025-03-17T13:38:21+00:00\" \/>\n<meta property=\"og:image\" content=\"https:\/\/www.residence-paris-asnieres.com\/wp-content\/uploads\/sites\/178\/2024\/11\/residence_asnieres_home_slide01-1.jpg\" \/>\n\t<meta property=\"og:image:width\" content=\"2200\" \/>\n\t<meta property=\"og:image:height\" content=\"1200\" \/>\n\t<meta property=\"og:image:type\" content=\"image\/jpeg\" \/>\n<meta name=\"twitter:card\" content=\"summary_large_image\" \/>\n<meta name=\"twitter:label1\" content=\"Tiempo de lectura\" \/>\n\t<meta name=\"twitter:data1\" content=\"2 minutos\" \/>\n<script type=\"application\/ld+json\" class=\"yoast-schema-graph\">{\"@context\":\"https:\\\/\\\/schema.org\",\"@graph\":[{\"@type\":\"WebPage\",\"@id\":\"https:\\\/\\\/www.residence-paris-asnieres.com\\\/es\\\/servicios\\\/\",\"url\":\"https:\\\/\\\/www.residence-paris-asnieres.com\\\/es\\\/servicios\\\/\",\"name\":\"Servicios - R\u00e9sidence Paris Asni\u00e8res\",\"isPartOf\":{\"@id\":\"https:\\\/\\\/www.residence-paris-asnieres.com\\\/es\\\/#website\"},\"datePublished\":\"2024-11-05T14:24:11+00:00\",\"dateModified\":\"2025-03-17T13:38:21+00:00\",\"description\":\"Los servicios siguientes est\u00e1n incluidos en nuestras tarifas Limpieza :\u00a0 \u2022 Para estancias de 7 noches consecutivas o m\u00e1s, la limpieza semanal est\u00e1 incluida con la renovaci\u00f3n de la ropa de cama\u00a0(sin reposici\u00f3n de kits de bienvenida). \u2022 Para estancias de menos de 7 noches, un servicio de limpieza est\u00e1 disponible bajo petici\u00f3n en la recepci\u00f3n, con un coste adicional. Puede solicitar un cambio de ropa de cama y toallas o un servicio de limpieza completo por un cargo adicional de la siguiente manera: - Limpieza expr\u00e9s: 11 \u20ac\u00a0por habitaci\u00f3n y d\u00eda (cama hecha sin cambio de ropa de cama \u2013 reposici\u00f3n de toallas \u2013 succi\u00f3n \u2013 papeleras vac\u00edas \u2013 sin reposici\u00f3n de kits de bienvenida) - Limpieza adicional: 21 \u20ac\u00a0por habitaci\u00f3n y d\u00eda (cambio de ropa de cama- aspiradora y limpieza a vapor de suelos- desempolvado de muebles fuera de la cocina- desinfecci\u00f3n sanitaria- papeleras vac\u00edas \u2013 sin reposici\u00f3n de kits de bienvenida) - Limpieza completa: 40 \u20ac\u00a0por habitaci\u00f3n y d\u00eda (limpieza completa \u2013 cambio completo de s\u00e1banas \u2013 reposici\u00f3n de kits de bienvenida) Acceso a internet ilimitado : Acceso libre a nuestro espacio de ocio y, al gimnasio y a la lavander\u00eda con plancha y tabla de planchar a disposici\u00f3n del cliente. Los servicios a la carta Les proponemos los siguientes servicios a la carta: desayuno biologico\u00a0 buffet, servicio de limpieza y kit de ropa de cama y toallas suplementario, servicio de lavander\u00eda con lavadoras y secadoras, espacio de coworking, distribuidores de platos biol\u00f3gicos, snacks y bebidas\u2026 Los animales domesticos no pueden venir a nuestro apparthotel.\",\"breadcrumb\":{\"@id\":\"https:\\\/\\\/www.residence-paris-asnieres.com\\\/es\\\/servicios\\\/#breadcrumb\"},\"inLanguage\":\"es\",\"potentialAction\":[{\"@type\":\"ReadAction\",\"target\":[\"https:\\\/\\\/www.residence-paris-asnieres.com\\\/es\\\/servicios\\\/\"]}]},{\"@type\":\"BreadcrumbList\",\"@id\":\"https:\\\/\\\/www.residence-paris-asnieres.com\\\/es\\\/servicios\\\/#breadcrumb\",\"itemListElement\":[{\"@type\":\"ListItem\",\"position\":1,\"name\":\"Home\",\"item\":\"https:\\\/\\\/www.residence-paris-asnieres.com\\\/es\\\/\"},{\"@type\":\"ListItem\",\"position\":2,\"name\":\"Servicios\"}]},{\"@type\":\"WebSite\",\"@id\":\"https:\\\/\\\/www.residence-paris-asnieres.com\\\/es\\\/#website\",\"url\":\"https:\\\/\\\/www.residence-paris-asnieres.com\\\/es\\\/\",\"name\":\"R\u00e9sidence Paris Asni\u00e8res\",\"description\":\"\",\"publisher\":{\"@id\":\"https:\\\/\\\/www.residence-paris-asnieres.com\\\/es\\\/#organization\"},\"potentialAction\":[{\"@type\":\"SearchAction\",\"target\":{\"@type\":\"EntryPoint\",\"urlTemplate\":\"https:\\\/\\\/www.residence-paris-asnieres.com\\\/es\\\/?s={search_term_string}\"},\"query-input\":{\"@type\":\"PropertyValueSpecification\",\"valueRequired\":true,\"valueName\":\"search_term_string\"}}],\"inLanguage\":\"es\"},{\"@type\":\"Organization\",\"@id\":\"https:\\\/\\\/www.residence-paris-asnieres.com\\\/es\\\/#organization\",\"name\":\"R\u00e9sidence Paris Asni\u00e8res\",\"url\":\"https:\\\/\\\/www.residence-paris-asnieres.com\\\/es\\\/\",\"logo\":{\"@type\":\"ImageObject\",\"inLanguage\":\"es\",\"@id\":\"https:\\\/\\\/www.residence-paris-asnieres.com\\\/es\\\/#\\\/schema\\\/logo\\\/image\\\/\",\"url\":\"https:\\\/\\\/residence-paris-asnieres.ms2.decms.eu\\\/wp-content\\\/uploads\\\/sites\\\/178\\\/2024\\\/11\\\/logo-RESIDENCE_PARIS_ASNIERES-21.png\",\"contentUrl\":\"https:\\\/\\\/residence-paris-asnieres.ms2.decms.eu\\\/wp-content\\\/uploads\\\/sites\\\/178\\\/2024\\\/11\\\/logo-RESIDENCE_PARIS_ASNIERES-21.png\",\"width\":346,\"height\":77,\"caption\":\"R\u00e9sidence Paris Asni\u00e8res\"},\"image\":{\"@id\":\"https:\\\/\\\/www.residence-paris-asnieres.com\\\/es\\\/#\\\/schema\\\/logo\\\/image\\\/\"}}]}<\/script>\n<!-- \/ Yoast SEO plugin. -->","yoast_head_json":{"title":"Servicios - R\u00e9sidence Paris Asni\u00e8res","description":"Los servicios siguientes est\u00e1n incluidos en nuestras tarifas Limpieza :\u00a0   Para estancias de 7 noches consecutivas o m\u00e1s, la limpieza semanal est\u00e1 incluida con la renovaci\u00f3n de la ropa de cama\u00a0(sin reposici\u00f3n de kits de bienvenida).  Para estancias de menos de 7 noches, un servicio de limpieza est\u00e1 disponible bajo petici\u00f3n en la recepci\u00f3n, con un coste adicional. Puede solicitar un cambio de ropa de cama y toallas o un servicio de limpieza completo por un cargo adicional de la siguiente manera:  - Limpieza expr\u00e9s: 11 \u20ac\u00a0por habitaci\u00f3n y d\u00eda (cama hecha sin cambio de ropa de cama \u2013 reposici\u00f3n de toallas \u2013 succi\u00f3n \u2013 papeleras vac\u00edas \u2013 sin reposici\u00f3n de kits de bienvenida)  - Limpieza adicional: 21 \u20ac\u00a0por habitaci\u00f3n y d\u00eda (cambio de ropa de cama- aspiradora y limpieza a vapor de suelos- desempolvado de muebles fuera de la cocina- desinfecci\u00f3n sanitaria- papeleras vac\u00edas \u2013 sin reposici\u00f3n de kits de bienvenida)  - Limpieza completa: 40 \u20ac\u00a0por habitaci\u00f3n y d\u00eda (limpieza completa \u2013 cambio completo de s\u00e1banas \u2013 reposici\u00f3n de kits de bienvenida) Acceso a internet ilimitado : Acceso libre a nuestro espacio de ocio y, al gimnasio y a la lavander\u00eda con plancha y tabla de planchar a disposici\u00f3n del cliente.  Los servicios a la carta Les proponemos los siguientes servicios a la carta: desayuno biologico\u00a0 buffet, servicio de limpieza y kit de ropa de cama y toallas suplementario, servicio de lavander\u00eda con lavadoras y secadoras, espacio de coworking, distribuidores de platos biol\u00f3gicos, snacks y bebidas\u2026  Los animales domesticos no pueden venir a nuestro apparthotel.","robots":{"index":"index","follow":"follow","max-snippet":"max-snippet:-1","max-image-preview":"max-image-preview:large","max-video-preview":"max-video-preview:-1"},"canonical":"https:\/\/www.residence-paris-asnieres.com\/es\/servicios\/","og_locale":"es_ES","og_type":"article","og_title":"Servicios - R\u00e9sidence Paris Asni\u00e8res","og_description":"Los servicios siguientes est\u00e1n incluidos en nuestras tarifas Limpieza :\u00a0   Para estancias de 7 noches consecutivas o m\u00e1s, la limpieza semanal est\u00e1 incluida con la renovaci\u00f3n de la ropa de cama\u00a0(sin reposici\u00f3n de kits de bienvenida).  Para estancias de menos de 7 noches, un servicio de limpieza est\u00e1 disponible bajo petici\u00f3n en la recepci\u00f3n, con un coste adicional. Puede solicitar un cambio de ropa de cama y toallas o un servicio de limpieza completo por un cargo adicional de la siguiente manera:  - Limpieza expr\u00e9s: 11 \u20ac\u00a0por habitaci\u00f3n y d\u00eda (cama hecha sin cambio de ropa de cama \u2013 reposici\u00f3n de toallas \u2013 succi\u00f3n \u2013 papeleras vac\u00edas \u2013 sin reposici\u00f3n de kits de bienvenida)  - Limpieza adicional: 21 \u20ac\u00a0por habitaci\u00f3n y d\u00eda (cambio de ropa de cama- aspiradora y limpieza a vapor de suelos- desempolvado de muebles fuera de la cocina- desinfecci\u00f3n sanitaria- papeleras vac\u00edas \u2013 sin reposici\u00f3n de kits de bienvenida)  - Limpieza completa: 40 \u20ac\u00a0por habitaci\u00f3n y d\u00eda (limpieza completa \u2013 cambio completo de s\u00e1banas \u2013 reposici\u00f3n de kits de bienvenida) Acceso a internet ilimitado : Acceso libre a nuestro espacio de ocio y, al gimnasio y a la lavander\u00eda con plancha y tabla de planchar a disposici\u00f3n del cliente.  Los servicios a la carta Les proponemos los siguientes servicios a la carta: desayuno biologico\u00a0 buffet, servicio de limpieza y kit de ropa de cama y toallas suplementario, servicio de lavander\u00eda con lavadoras y secadoras, espacio de coworking, distribuidores de platos biol\u00f3gicos, snacks y bebidas\u2026  Los animales domesticos no pueden venir a nuestro apparthotel.","og_url":"https:\/\/www.residence-paris-asnieres.com\/es\/servicios\/","og_site_name":"R\u00e9sidence Paris Asni\u00e8res","article_modified_time":"2025-03-17T13:38:21+00:00","og_image":[{"width":2200,"height":1200,"url":"https:\/\/www.residence-paris-asnieres.com\/wp-content\/uploads\/sites\/178\/2024\/11\/residence_asnieres_home_slide01-1.jpg","type":"image\/jpeg"}],"twitter_card":"summary_large_image","twitter_misc":{"Tiempo de lectura":"2 minutos"},"schema":{"@context":"https:\/\/schema.org","@graph":[{"@type":"WebPage","@id":"https:\/\/www.residence-paris-asnieres.com\/es\/servicios\/","url":"https:\/\/www.residence-paris-asnieres.com\/es\/servicios\/","name":"Servicios - R\u00e9sidence Paris Asni\u00e8res","isPartOf":{"@id":"https:\/\/www.residence-paris-asnieres.com\/es\/#website"},"datePublished":"2024-11-05T14:24:11+00:00","dateModified":"2025-03-17T13:38:21+00:00","description":"Los servicios siguientes est\u00e1n incluidos en nuestras tarifas Limpieza :\u00a0 \u2022 Para estancias de 7 noches consecutivas o m\u00e1s, la limpieza semanal est\u00e1 incluida con la renovaci\u00f3n de la ropa de cama\u00a0(sin reposici\u00f3n de kits de bienvenida). \u2022 Para estancias de menos de 7 noches, un servicio de limpieza est\u00e1 disponible bajo petici\u00f3n en la recepci\u00f3n, con un coste adicional. Puede solicitar un cambio de ropa de cama y toallas o un servicio de limpieza completo por un cargo adicional de la siguiente manera: - Limpieza expr\u00e9s: 11 \u20ac\u00a0por habitaci\u00f3n y d\u00eda (cama hecha sin cambio de ropa de cama \u2013 reposici\u00f3n de toallas \u2013 succi\u00f3n \u2013 papeleras vac\u00edas \u2013 sin reposici\u00f3n de kits de bienvenida) - Limpieza adicional: 21 \u20ac\u00a0por habitaci\u00f3n y d\u00eda (cambio de ropa de cama- aspiradora y limpieza a vapor de suelos- desempolvado de muebles fuera de la cocina- desinfecci\u00f3n sanitaria- papeleras vac\u00edas \u2013 sin reposici\u00f3n de kits de bienvenida) - Limpieza completa: 40 \u20ac\u00a0por habitaci\u00f3n y d\u00eda (limpieza completa \u2013 cambio completo de s\u00e1banas \u2013 reposici\u00f3n de kits de bienvenida) Acceso a internet ilimitado : Acceso libre a nuestro espacio de ocio y, al gimnasio y a la lavander\u00eda con plancha y tabla de planchar a disposici\u00f3n del cliente. Los servicios a la carta Les proponemos los siguientes servicios a la carta: desayuno biologico\u00a0 buffet, servicio de limpieza y kit de ropa de cama y toallas suplementario, servicio de lavander\u00eda con lavadoras y secadoras, espacio de coworking, distribuidores de platos biol\u00f3gicos, snacks y bebidas\u2026 Los animales domesticos no pueden venir a nuestro apparthotel.","breadcrumb":{"@id":"https:\/\/www.residence-paris-asnieres.com\/es\/servicios\/#breadcrumb"},"inLanguage":"es","potentialAction":[{"@type":"ReadAction","target":["https:\/\/www.residence-paris-asnieres.com\/es\/servicios\/"]}]},{"@type":"BreadcrumbList","@id":"https:\/\/www.residence-paris-asnieres.com\/es\/servicios\/#breadcrumb","itemListElement":[{"@type":"ListItem","position":1,"name":"Home","item":"https:\/\/www.residence-paris-asnieres.com\/es\/"},{"@type":"ListItem","position":2,"name":"Servicios"}]},{"@type":"WebSite","@id":"https:\/\/www.residence-paris-asnieres.com\/es\/#website","url":"https:\/\/www.residence-paris-asnieres.com\/es\/","name":"R\u00e9sidence Paris Asni\u00e8res","description":"","publisher":{"@id":"https:\/\/www.residence-paris-asnieres.com\/es\/#organization"},"potentialAction":[{"@type":"SearchAction","target":{"@type":"EntryPoint","urlTemplate":"https:\/\/www.residence-paris-asnieres.com\/es\/?s={search_term_string}"},"query-input":{"@type":"PropertyValueSpecification","valueRequired":true,"valueName":"search_term_string"}}],"inLanguage":"es"},{"@type":"Organization","@id":"https:\/\/www.residence-paris-asnieres.com\/es\/#organization","name":"R\u00e9sidence Paris Asni\u00e8res","url":"https:\/\/www.residence-paris-asnieres.com\/es\/","logo":{"@type":"ImageObject","inLanguage":"es","@id":"https:\/\/www.residence-paris-asnieres.com\/es\/#\/schema\/logo\/image\/","url":"https:\/\/residence-paris-asnieres.ms2.decms.eu\/wp-content\/uploads\/sites\/178\/2024\/11\/logo-RESIDENCE_PARIS_ASNIERES-21.png","contentUrl":"https:\/\/residence-paris-asnieres.ms2.decms.eu\/wp-content\/uploads\/sites\/178\/2024\/11\/logo-RESIDENCE_PARIS_ASNIERES-21.png","width":346,"height":77,"caption":"R\u00e9sidence Paris Asni\u00e8res"},"image":{"@id":"https:\/\/www.residence-paris-asnieres.com\/es\/#\/schema\/logo\/image\/"}}]}},"acf":[],"_links":{"self":[{"href":"https:\/\/www.residence-paris-asnieres.com\/es\/wp-json\/wp\/v2\/pages\/103","targetHints":{"allow":["GET"]}}],"collection":[{"href":"https:\/\/www.residence-paris-asnieres.com\/es\/wp-json\/wp\/v2\/pages"}],"about":[{"href":"https:\/\/www.residence-paris-asnieres.com\/es\/wp-json\/wp\/v2\/types\/page"}],"author":[{"embeddable":true,"href":"https:\/\/www.residence-paris-asnieres.com\/es\/wp-json\/wp\/v2\/users\/13"}],"replies":[{"embeddable":true,"href":"https:\/\/www.residence-paris-asnieres.com\/es\/wp-json\/wp\/v2\/comments?post=103"}],"version-history":[{"count":0,"href":"https:\/\/www.residence-paris-asnieres.com\/es\/wp-json\/wp\/v2\/pages\/103\/revisions"}],"wp:attachment":[{"href":"https:\/\/www.residence-paris-asnieres.com\/es\/wp-json\/wp\/v2\/media?parent=103"}],"curies":[{"name":"wp","href":"https:\/\/api.w.org\/{rel}","templated":true}]}}