
{"id":4,"date":"2024-10-23T16:01:48","date_gmt":"2024-10-23T16:01:48","guid":{"rendered":"https:\/\/residence-paris-asnieres.ms2.decms.eu\/?page_id=4"},"modified":"2024-11-08T16:06:42","modified_gmt":"2024-11-08T16:06:42","slug":"residence-paris-asnieres","status":"publish","type":"page","link":"https:\/\/www.residence-paris-asnieres.com\/en\/","title":{"rendered":"Residence Paris Asni\u00e8res"},"content":{"rendered":"<p>Our aparthotel, located in the city center of Asni\u00e8res sur Seine, consists of 50 furnished apartments with hotel services: free Internet connection, equipped kitchenette, cleaning kit, bathroom kit, sweet kit, savory kit, organic breakfast buffet, free access to the gym, coworking space, vending machines for organic dishes, laundry, dry cleaning\u2026 You can live there as if you were at home!<\/p>\n<p style=\"text-align: left;\"><strong>Information<\/strong>: Proof of identity and the credit card used to make the reservation will be required upon arrival.<\/p>\n","protected":false},"excerpt":{"rendered":"<p>Our aparthotel, located in the city center of Asni\u00e8res sur Seine, consists of 50 furnished apartments with hotel services: free Internet connection, equipped kitchenette, cleaning kit, bathroom kit, sweet kit, savory kit, organic breakfast buffet, free access to the gym, coworking space, vending machines for organic dishes, laundry, dry cleaning\u2026 You can live there as [&hellip;]<\/p>\n","protected":false},"author":13,"featured_media":0,"parent":0,"menu_order":10,"comment_status":"closed","ping_status":"closed","template":"","meta":{"footnotes":""},"yoast_head":"<!-- This site is optimized with the Yoast SEO plugin v22.3 - https:\/\/yoast.com\/wordpress\/plugins\/seo\/ -->\n<title>Residence Paris Asni\u00e8res - R\u00e9sidence Paris Asni\u00e8res<\/title>\n<meta name=\"description\" content=\"Our aparthotel, located in the city center of Asni\u00e8res sur Seine, consists of 50 furnished apartments with hotel services: free Internet connection, equipped kitchenette, cleaning kit, bathroom kit, sweet kit, savory kit, organic breakfast buffet, free access to the gym, coworking space, vending machines for organic dishes, laundry, dry cleaning\u2026 You can live there as if you were at home! Information: Proof of identity and the credit card used to make the reservation will be required upon arrival..\" \/>\n<meta name=\"robots\" content=\"index, follow, max-snippet:-1, max-image-preview:large, max-video-preview:-1\" \/>\n<link rel=\"canonical\" href=\"https:\/\/www.residence-paris-asnieres.com\/en\/\" \/>\n<meta property=\"og:locale\" content=\"en_US\" \/>\n<meta property=\"og:type\" content=\"article\" \/>\n<meta property=\"og:title\" content=\"Residence Paris Asni\u00e8res - R\u00e9sidence Paris Asni\u00e8res\" \/>\n<meta property=\"og:description\" content=\"Our aparthotel, located in the city center of Asni\u00e8res sur Seine, consists of 50 furnished apartments with hotel services: free Internet connection, equipped kitchenette, cleaning kit, bathroom kit, sweet kit, savory kit, organic breakfast buffet, free access to the gym, coworking space, vending machines for organic dishes, laundry, dry cleaning\u2026 You can live there as if you were at home! Information: Proof of identity and the credit card used to make the reservation will be required upon arrival..\" \/>\n<meta property=\"og:url\" content=\"https:\/\/www.residence-paris-asnieres.com\/en\/\" \/>\n<meta property=\"og:site_name\" content=\"R\u00e9sidence Paris Asni\u00e8res\" \/>\n<meta property=\"article:modified_time\" content=\"2024-11-08T16:06:42+00:00\" \/>\n<meta property=\"og:image\" content=\"https:\/\/www.residence-paris-asnieres.com\/wp-content\/uploads\/sites\/178\/2024\/11\/residence_asnieres_home_slide01-1.jpg\" \/>\n\t<meta property=\"og:image:width\" content=\"2200\" \/>\n\t<meta property=\"og:image:height\" content=\"1200\" \/>\n\t<meta property=\"og:image:type\" content=\"image\/jpeg\" \/>\n<meta name=\"twitter:card\" content=\"summary_large_image\" \/>\n<meta name=\"twitter:label1\" content=\"Est. reading time\" \/>\n\t<meta name=\"twitter:data1\" content=\"1 minute\" \/>\n<script type=\"application\/ld+json\" class=\"yoast-schema-graph\">{\"@context\":\"https:\/\/schema.org\",\"@graph\":[{\"@type\":\"WebPage\",\"@id\":\"https:\/\/www.residence-paris-asnieres.com\/en\/\",\"url\":\"https:\/\/www.residence-paris-asnieres.com\/en\/\",\"name\":\"Residence Paris Asni\u00e8res - R\u00e9sidence Paris Asni\u00e8res\",\"isPartOf\":{\"@id\":\"https:\/\/www.residence-paris-asnieres.com\/en\/#website\"},\"datePublished\":\"2024-10-23T16:01:48+00:00\",\"dateModified\":\"2024-11-08T16:06:42+00:00\",\"description\":\"Our aparthotel, located in the city center of Asni\u00e8res sur Seine, consists of 50 furnished apartments with hotel services: free Internet connection, equipped kitchenette, cleaning kit, bathroom kit, sweet kit, savory kit, organic breakfast buffet, free access to the gym, coworking space, vending machines for organic dishes, laundry, dry cleaning\u2026 You can live there as if you were at home! Information: Proof of identity and the credit card used to make the reservation will be required upon arrival. .\",\"breadcrumb\":{\"@id\":\"https:\/\/www.residence-paris-asnieres.com\/en\/#breadcrumb\"},\"inLanguage\":\"en-US\",\"potentialAction\":[{\"@type\":\"ReadAction\",\"target\":[\"https:\/\/www.residence-paris-asnieres.com\/en\/\"]}]},{\"@type\":\"BreadcrumbList\",\"@id\":\"https:\/\/www.residence-paris-asnieres.com\/en\/#breadcrumb\",\"itemListElement\":[{\"@type\":\"ListItem\",\"position\":1,\"name\":\"Home\",\"item\":\"https:\/\/www.residence-paris-asnieres.com\/en\/\"},{\"@type\":\"ListItem\",\"position\":2,\"name\":\"Residence Paris Asni\u00e8res\"}]},{\"@type\":\"WebSite\",\"@id\":\"https:\/\/www.residence-paris-asnieres.com\/en\/#website\",\"url\":\"https:\/\/www.residence-paris-asnieres.com\/en\/\",\"name\":\"R\u00e9sidence Paris Asni\u00e8res\",\"description\":\"\",\"publisher\":{\"@id\":\"https:\/\/www.residence-paris-asnieres.com\/en\/#organization\"},\"potentialAction\":[{\"@type\":\"SearchAction\",\"target\":{\"@type\":\"EntryPoint\",\"urlTemplate\":\"https:\/\/www.residence-paris-asnieres.com\/en\/?s={search_term_string}\"},\"query-input\":\"required name=search_term_string\"}],\"inLanguage\":\"en-US\"},{\"@type\":\"Organization\",\"@id\":\"https:\/\/www.residence-paris-asnieres.com\/en\/#organization\",\"name\":\"R\u00e9sidence Paris Asni\u00e8res\",\"url\":\"https:\/\/www.residence-paris-asnieres.com\/en\/\",\"logo\":{\"@type\":\"ImageObject\",\"inLanguage\":\"en-US\",\"@id\":\"https:\/\/www.residence-paris-asnieres.com\/en\/#\/schema\/logo\/image\/\",\"url\":\"https:\/\/residence-paris-asnieres.ms2.decms.eu\/wp-content\/uploads\/sites\/178\/2024\/11\/logo-RESIDENCE_PARIS_ASNIERES-21.png\",\"contentUrl\":\"https:\/\/residence-paris-asnieres.ms2.decms.eu\/wp-content\/uploads\/sites\/178\/2024\/11\/logo-RESIDENCE_PARIS_ASNIERES-21.png\",\"width\":346,\"height\":77,\"caption\":\"R\u00e9sidence Paris Asni\u00e8res\"},\"image\":{\"@id\":\"https:\/\/www.residence-paris-asnieres.com\/en\/#\/schema\/logo\/image\/\"}}]}<\/script>\n<!-- \/ Yoast SEO plugin. -->","yoast_head_json":{"title":"Residence Paris Asni\u00e8res - R\u00e9sidence Paris Asni\u00e8res","description":"Our aparthotel, located in the city center of Asni\u00e8res sur Seine, consists of 50 furnished apartments with hotel services: free Internet connection, equipped kitchenette, cleaning kit, bathroom kit, sweet kit, savory kit, organic breakfast buffet, free access to the gym, coworking space, vending machines for organic dishes, laundry, dry cleaning\u2026 You can live there as if you were at home! Information: Proof of identity and the credit card used to make the reservation will be required upon arrival..","robots":{"index":"index","follow":"follow","max-snippet":"max-snippet:-1","max-image-preview":"max-image-preview:large","max-video-preview":"max-video-preview:-1"},"canonical":"https:\/\/www.residence-paris-asnieres.com\/en\/","og_locale":"en_US","og_type":"article","og_title":"Residence Paris Asni\u00e8res - R\u00e9sidence Paris Asni\u00e8res","og_description":"Our aparthotel, located in the city center of Asni\u00e8res sur Seine, consists of 50 furnished apartments with hotel services: free Internet connection, equipped kitchenette, cleaning kit, bathroom kit, sweet kit, savory kit, organic breakfast buffet, free access to the gym, coworking space, vending machines for organic dishes, laundry, dry cleaning\u2026 You can live there as if you were at home! Information: Proof of identity and the credit card used to make the reservation will be required upon arrival..","og_url":"https:\/\/www.residence-paris-asnieres.com\/en\/","og_site_name":"R\u00e9sidence Paris Asni\u00e8res","article_modified_time":"2024-11-08T16:06:42+00:00","og_image":[{"width":2200,"height":1200,"url":"https:\/\/www.residence-paris-asnieres.com\/wp-content\/uploads\/sites\/178\/2024\/11\/residence_asnieres_home_slide01-1.jpg","type":"image\/jpeg"}],"twitter_card":"summary_large_image","twitter_misc":{"Est. reading time":"1 minute"},"schema":{"@context":"https:\/\/schema.org","@graph":[{"@type":"WebPage","@id":"https:\/\/www.residence-paris-asnieres.com\/en\/","url":"https:\/\/www.residence-paris-asnieres.com\/en\/","name":"Residence Paris Asni\u00e8res - R\u00e9sidence Paris Asni\u00e8res","isPartOf":{"@id":"https:\/\/www.residence-paris-asnieres.com\/en\/#website"},"datePublished":"2024-10-23T16:01:48+00:00","dateModified":"2024-11-08T16:06:42+00:00","description":"Our aparthotel, located in the city center of Asni\u00e8res sur Seine, consists of 50 furnished apartments with hotel services: free Internet connection, equipped kitchenette, cleaning kit, bathroom kit, sweet kit, savory kit, organic breakfast buffet, free access to the gym, coworking space, vending machines for organic dishes, laundry, dry cleaning\u2026 You can live there as if you were at home! Information: Proof of identity and the credit card used to make the reservation will be required upon arrival. .","breadcrumb":{"@id":"https:\/\/www.residence-paris-asnieres.com\/en\/#breadcrumb"},"inLanguage":"en-US","potentialAction":[{"@type":"ReadAction","target":["https:\/\/www.residence-paris-asnieres.com\/en\/"]}]},{"@type":"BreadcrumbList","@id":"https:\/\/www.residence-paris-asnieres.com\/en\/#breadcrumb","itemListElement":[{"@type":"ListItem","position":1,"name":"Home","item":"https:\/\/www.residence-paris-asnieres.com\/en\/"},{"@type":"ListItem","position":2,"name":"Residence Paris Asni\u00e8res"}]},{"@type":"WebSite","@id":"https:\/\/www.residence-paris-asnieres.com\/en\/#website","url":"https:\/\/www.residence-paris-asnieres.com\/en\/","name":"R\u00e9sidence Paris Asni\u00e8res","description":"","publisher":{"@id":"https:\/\/www.residence-paris-asnieres.com\/en\/#organization"},"potentialAction":[{"@type":"SearchAction","target":{"@type":"EntryPoint","urlTemplate":"https:\/\/www.residence-paris-asnieres.com\/en\/?s={search_term_string}"},"query-input":"required name=search_term_string"}],"inLanguage":"en-US"},{"@type":"Organization","@id":"https:\/\/www.residence-paris-asnieres.com\/en\/#organization","name":"R\u00e9sidence Paris Asni\u00e8res","url":"https:\/\/www.residence-paris-asnieres.com\/en\/","logo":{"@type":"ImageObject","inLanguage":"en-US","@id":"https:\/\/www.residence-paris-asnieres.com\/en\/#\/schema\/logo\/image\/","url":"https:\/\/residence-paris-asnieres.ms2.decms.eu\/wp-content\/uploads\/sites\/178\/2024\/11\/logo-RESIDENCE_PARIS_ASNIERES-21.png","contentUrl":"https:\/\/residence-paris-asnieres.ms2.decms.eu\/wp-content\/uploads\/sites\/178\/2024\/11\/logo-RESIDENCE_PARIS_ASNIERES-21.png","width":346,"height":77,"caption":"R\u00e9sidence Paris Asni\u00e8res"},"image":{"@id":"https:\/\/www.residence-paris-asnieres.com\/en\/#\/schema\/logo\/image\/"}}]}},"acf":[],"_links":{"self":[{"href":"https:\/\/www.residence-paris-asnieres.com\/en\/wp-json\/wp\/v2\/pages\/4"}],"collection":[{"href":"https:\/\/www.residence-paris-asnieres.com\/en\/wp-json\/wp\/v2\/pages"}],"about":[{"href":"https:\/\/www.residence-paris-asnieres.com\/en\/wp-json\/wp\/v2\/types\/page"}],"author":[{"embeddable":true,"href":"https:\/\/www.residence-paris-asnieres.com\/en\/wp-json\/wp\/v2\/users\/13"}],"replies":[{"embeddable":true,"href":"https:\/\/www.residence-paris-asnieres.com\/en\/wp-json\/wp\/v2\/comments?post=4"}],"version-history":[{"count":0,"href":"https:\/\/www.residence-paris-asnieres.com\/en\/wp-json\/wp\/v2\/pages\/4\/revisions"}],"wp:attachment":[{"href":"https:\/\/www.residence-paris-asnieres.com\/en\/wp-json\/wp\/v2\/media?parent=4"}],"curies":[{"name":"wp","href":"https:\/\/api.w.org\/{rel}","templated":true}]}}