
{"id":219,"date":"2024-11-08T10:22:07","date_gmt":"2024-11-08T10:22:07","guid":{"rendered":"https:\/\/residence-paris-asnieres.ms2.decms.eu\/?page_id=219"},"modified":"2025-02-26T15:01:03","modified_gmt":"2025-02-26T15:01:03","slug":"leisure","status":"publish","type":"page","link":"https:\/\/www.residence-paris-asnieres.com\/en\/leisure\/","title":{"rendered":"Leisure"},"content":{"rendered":"<h2>Paris<\/h2>\n<p>Thanks to its location near the gates of Paris, the aparthotel R\u00e9sidence Paris Asni\u00e8res allows you to enjoy the endless tourist and cultural opportunities of the capital.<\/p>\n<p>Such proximity offers everyone the opportunity to discover Paris and its monuments, exhibitions, department stores and more generally the intensity and diversity of Parisian life.<\/p>\n<p>From some apartments of our residence, you can enjoy a magnificent view of the Eiffel Tower and the roofs of Paris.<\/p>\n<p>&nbsp;<\/p>\n<h2>Asni\u00e8res-sur-Seine<\/h2>\n<p><strong>Sports City<\/strong><\/p>\n<p>The city of Asni\u00e8res offers a wide range of sports facilities: a dozen gymnasiums, six stadiums, a shooting range and two tennis clubs.<\/p>\n<p>A pool and an Olympic ice rink are grouped together in a large sports complex, called the Center des Courtilles, located north of the city. The addresses and opening hours of all these sports facilities are listed on the website of the city of Asni\u00e8res on &#8220;sport&#8221; page.<\/p>\n<p>&nbsp;<\/p>\n<p><strong>His curiosities<\/strong><\/p>\n<p>The city of Asni\u00e8res has a rich historical heritage. One can visit its castle which is very representative of 18th century architecture. The Town Hall is a fine example of the republican ceremonial architecture that develops from 1895.<\/p>\n<p>Among the other curiosities to visit in Asnieres sur Seine, the Vuitton museum. Indeed, Louis Vuitton settled in 1860 in Asni\u00e8res where he built a house and its first workshops. The famous Vuitton House, a success story that has never been denied, was born in Asn\u00e8res. Also worthy of mention is the surprising cemetery for dogs, known to be the oldest animal cemetery in the world.<\/p>\n<p>&nbsp;<\/p>\n<p><strong>Cultural City<\/strong><\/p>\n<p>In Asni\u00e8res two theaters welcome you with a large selection of very diversified shows and for all tastes: plays, ballets, concerts &#8230;.<\/p>\n<p><strong>Theater Armande B\u00e9jart:<\/strong> 16, Place de l&#8217;H\u00f4tel de Ville &#8211; Tel: <a href=\"tel:+33 1 41 11 14 58\">+33 1 41 11 14 58<\/a><br \/>\n<strong>The Studio Theater:<\/strong> 3 Edmond Fantin Street &#8211; Tel: <a href=\"tel:+33 1 47 90 95 33\">+33 1 47 90 95 33<\/a><br \/>\n<strong>The Alcazar<\/strong> cinema offers four screens with more than 120 screenings a week, exclusive films and arthouse films &#8211; 1 Station Street \/ Reservations: <a href=\"tel:+33 8 92 68 81 13\">+33 8 92 68 81 13<\/a><\/p>\n","protected":false},"excerpt":{"rendered":"<p>Paris Thanks to its location near the gates of Paris, the aparthotel R\u00e9sidence Paris Asni\u00e8res allows you to enjoy the endless tourist and cultural opportunities of the capital. Such proximity offers everyone the opportunity to discover Paris and its monuments, exhibitions, department stores and more generally the intensity and diversity of Parisian life. From some [&hellip;]<\/p>\n","protected":false},"author":13,"featured_media":0,"parent":0,"menu_order":60,"comment_status":"closed","ping_status":"closed","template":"template-surroundings.php","meta":{"footnotes":""},"class_list":["post-219","page","type-page","status-publish","hentry"],"yoast_head":"<!-- This site is optimized with the Yoast SEO plugin v27.3 - https:\/\/yoast.com\/product\/yoast-seo-wordpress\/ -->\n<title>Leisure - R\u00e9sidence Paris Asni\u00e8res<\/title>\n<meta name=\"description\" content=\"Paris Thanks to its location near the gates of Paris, the aparthotel R\u00e9sidence Paris Asni\u00e8res allows you to enjoy the endless tourist and cultural opportunities of the capital.  Such proximity offers everyone the opportunity to discover Paris and its monuments, exhibitions, department stores and more generally the intensity and diversity of Parisian life.  From some apartments of our residence, you can enjoy a magnificent view of the Eiffel Tower and the roofs of Paris.  &nbsp; Asni\u00e8res-sur-Seine Sports City  The city of Asni\u00e8res offers a wide range of sports facilities: a dozen gymnasiums, six stadiums, a shooting range and two tennis clubs.  A pool and an Olympic ice rink are grouped together in a large sports complex, called the Center des Courtilles, located north of the city. The addresses and opening hours of all these sports facilities are listed on the website of the city of Asni\u00e8res on &quot;sport&quot; page.  &nbsp;  His curiosities  The city of Asni\u00e8res has a rich historical heritage\" \/>\n<meta name=\"robots\" content=\"index, follow, max-snippet:-1, max-image-preview:large, max-video-preview:-1\" \/>\n<link rel=\"canonical\" href=\"https:\/\/www.residence-paris-asnieres.com\/en\/leisure\/\" \/>\n<meta property=\"og:locale\" content=\"en_US\" \/>\n<meta property=\"og:type\" content=\"article\" \/>\n<meta property=\"og:title\" content=\"Leisure - R\u00e9sidence Paris Asni\u00e8res\" \/>\n<meta property=\"og:description\" content=\"Paris Thanks to its location near the gates of Paris, the aparthotel R\u00e9sidence Paris Asni\u00e8res allows you to enjoy the endless tourist and cultural opportunities of the capital.  Such proximity offers everyone the opportunity to discover Paris and its monuments, exhibitions, department stores and more generally the intensity and diversity of Parisian life.  From some apartments of our residence, you can enjoy a magnificent view of the Eiffel Tower and the roofs of Paris.  &nbsp; Asni\u00e8res-sur-Seine Sports City  The city of Asni\u00e8res offers a wide range of sports facilities: a dozen gymnasiums, six stadiums, a shooting range and two tennis clubs.  A pool and an Olympic ice rink are grouped together in a large sports complex, called the Center des Courtilles, located north of the city. The addresses and opening hours of all these sports facilities are listed on the website of the city of Asni\u00e8res on &quot;sport&quot; page.  &nbsp;  His curiosities  The city of Asni\u00e8res has a rich historical heritage\" \/>\n<meta property=\"og:url\" content=\"https:\/\/www.residence-paris-asnieres.com\/en\/leisure\/\" \/>\n<meta property=\"og:site_name\" content=\"R\u00e9sidence Paris Asni\u00e8res\" \/>\n<meta property=\"article:modified_time\" content=\"2025-02-26T15:01:03+00:00\" \/>\n<meta property=\"og:image\" content=\"https:\/\/www.residence-paris-asnieres.com\/wp-content\/uploads\/sites\/178\/2024\/11\/residence_asnieres_home_slide01-1.jpg\" \/>\n\t<meta property=\"og:image:width\" content=\"2200\" \/>\n\t<meta property=\"og:image:height\" content=\"1200\" \/>\n\t<meta property=\"og:image:type\" content=\"image\/jpeg\" \/>\n<meta name=\"twitter:card\" content=\"summary_large_image\" \/>\n<meta name=\"twitter:label1\" content=\"Est. reading time\" \/>\n\t<meta name=\"twitter:data1\" content=\"2 minutes\" \/>\n<script type=\"application\/ld+json\" class=\"yoast-schema-graph\">{\"@context\":\"https:\\\/\\\/schema.org\",\"@graph\":[{\"@type\":\"WebPage\",\"@id\":\"https:\\\/\\\/www.residence-paris-asnieres.com\\\/en\\\/leisure\\\/\",\"url\":\"https:\\\/\\\/www.residence-paris-asnieres.com\\\/en\\\/leisure\\\/\",\"name\":\"Leisure - R\u00e9sidence Paris Asni\u00e8res\",\"isPartOf\":{\"@id\":\"https:\\\/\\\/www.residence-paris-asnieres.com\\\/en\\\/#website\"},\"datePublished\":\"2024-11-08T10:22:07+00:00\",\"dateModified\":\"2025-02-26T15:01:03+00:00\",\"description\":\"Paris Thanks to its location near the gates of Paris, the aparthotel R\u00e9sidence Paris Asni\u00e8res allows you to enjoy the endless tourist and cultural opportunities of the capital. Such proximity offers everyone the opportunity to discover Paris and its monuments, exhibitions, department stores and more generally the intensity and diversity of Parisian life. From some apartments of our residence, you can enjoy a magnificent view of the Eiffel Tower and the roofs of Paris. &nbsp; Asni\u00e8res-sur-Seine Sports City The city of Asni\u00e8res offers a wide range of sports facilities: a dozen gymnasiums, six stadiums, a shooting range and two tennis clubs. A pool and an Olympic ice rink are grouped together in a large sports complex, called the Center des Courtilles, located north of the city. The addresses and opening hours of all these sports facilities are listed on the website of the city of Asni\u00e8res on \\\"sport\\\" page. &nbsp; His curiosities The city of Asni\u00e8res has a rich historical heritage\",\"breadcrumb\":{\"@id\":\"https:\\\/\\\/www.residence-paris-asnieres.com\\\/en\\\/leisure\\\/#breadcrumb\"},\"inLanguage\":\"en-US\",\"potentialAction\":[{\"@type\":\"ReadAction\",\"target\":[\"https:\\\/\\\/www.residence-paris-asnieres.com\\\/en\\\/leisure\\\/\"]}]},{\"@type\":\"BreadcrumbList\",\"@id\":\"https:\\\/\\\/www.residence-paris-asnieres.com\\\/en\\\/leisure\\\/#breadcrumb\",\"itemListElement\":[{\"@type\":\"ListItem\",\"position\":1,\"name\":\"Home\",\"item\":\"https:\\\/\\\/www.residence-paris-asnieres.com\\\/en\\\/\"},{\"@type\":\"ListItem\",\"position\":2,\"name\":\"Leisure\"}]},{\"@type\":\"WebSite\",\"@id\":\"https:\\\/\\\/www.residence-paris-asnieres.com\\\/en\\\/#website\",\"url\":\"https:\\\/\\\/www.residence-paris-asnieres.com\\\/en\\\/\",\"name\":\"R\u00e9sidence Paris Asni\u00e8res\",\"description\":\"\",\"publisher\":{\"@id\":\"https:\\\/\\\/www.residence-paris-asnieres.com\\\/en\\\/#organization\"},\"potentialAction\":[{\"@type\":\"SearchAction\",\"target\":{\"@type\":\"EntryPoint\",\"urlTemplate\":\"https:\\\/\\\/www.residence-paris-asnieres.com\\\/en\\\/?s={search_term_string}\"},\"query-input\":{\"@type\":\"PropertyValueSpecification\",\"valueRequired\":true,\"valueName\":\"search_term_string\"}}],\"inLanguage\":\"en-US\"},{\"@type\":\"Organization\",\"@id\":\"https:\\\/\\\/www.residence-paris-asnieres.com\\\/en\\\/#organization\",\"name\":\"R\u00e9sidence Paris Asni\u00e8res\",\"url\":\"https:\\\/\\\/www.residence-paris-asnieres.com\\\/en\\\/\",\"logo\":{\"@type\":\"ImageObject\",\"inLanguage\":\"en-US\",\"@id\":\"https:\\\/\\\/www.residence-paris-asnieres.com\\\/en\\\/#\\\/schema\\\/logo\\\/image\\\/\",\"url\":\"https:\\\/\\\/residence-paris-asnieres.ms2.decms.eu\\\/wp-content\\\/uploads\\\/sites\\\/178\\\/2024\\\/11\\\/logo-RESIDENCE_PARIS_ASNIERES-21.png\",\"contentUrl\":\"https:\\\/\\\/residence-paris-asnieres.ms2.decms.eu\\\/wp-content\\\/uploads\\\/sites\\\/178\\\/2024\\\/11\\\/logo-RESIDENCE_PARIS_ASNIERES-21.png\",\"width\":346,\"height\":77,\"caption\":\"R\u00e9sidence Paris Asni\u00e8res\"},\"image\":{\"@id\":\"https:\\\/\\\/www.residence-paris-asnieres.com\\\/en\\\/#\\\/schema\\\/logo\\\/image\\\/\"}}]}<\/script>\n<!-- \/ Yoast SEO plugin. -->","yoast_head_json":{"title":"Leisure - R\u00e9sidence Paris Asni\u00e8res","description":"Paris Thanks to its location near the gates of Paris, the aparthotel R\u00e9sidence Paris Asni\u00e8res allows you to enjoy the endless tourist and cultural opportunities of the capital.  Such proximity offers everyone the opportunity to discover Paris and its monuments, exhibitions, department stores and more generally the intensity and diversity of Parisian life.  From some apartments of our residence, you can enjoy a magnificent view of the Eiffel Tower and the roofs of Paris.  &nbsp; Asni\u00e8res-sur-Seine Sports City  The city of Asni\u00e8res offers a wide range of sports facilities: a dozen gymnasiums, six stadiums, a shooting range and two tennis clubs.  A pool and an Olympic ice rink are grouped together in a large sports complex, called the Center des Courtilles, located north of the city. The addresses and opening hours of all these sports facilities are listed on the website of the city of Asni\u00e8res on \"sport\" page.  &nbsp;  His curiosities  The city of Asni\u00e8res has a rich historical heritage","robots":{"index":"index","follow":"follow","max-snippet":"max-snippet:-1","max-image-preview":"max-image-preview:large","max-video-preview":"max-video-preview:-1"},"canonical":"https:\/\/www.residence-paris-asnieres.com\/en\/leisure\/","og_locale":"en_US","og_type":"article","og_title":"Leisure - R\u00e9sidence Paris Asni\u00e8res","og_description":"Paris Thanks to its location near the gates of Paris, the aparthotel R\u00e9sidence Paris Asni\u00e8res allows you to enjoy the endless tourist and cultural opportunities of the capital.  Such proximity offers everyone the opportunity to discover Paris and its monuments, exhibitions, department stores and more generally the intensity and diversity of Parisian life.  From some apartments of our residence, you can enjoy a magnificent view of the Eiffel Tower and the roofs of Paris.  &nbsp; Asni\u00e8res-sur-Seine Sports City  The city of Asni\u00e8res offers a wide range of sports facilities: a dozen gymnasiums, six stadiums, a shooting range and two tennis clubs.  A pool and an Olympic ice rink are grouped together in a large sports complex, called the Center des Courtilles, located north of the city. The addresses and opening hours of all these sports facilities are listed on the website of the city of Asni\u00e8res on \"sport\" page.  &nbsp;  His curiosities  The city of Asni\u00e8res has a rich historical heritage","og_url":"https:\/\/www.residence-paris-asnieres.com\/en\/leisure\/","og_site_name":"R\u00e9sidence Paris Asni\u00e8res","article_modified_time":"2025-02-26T15:01:03+00:00","og_image":[{"width":2200,"height":1200,"url":"https:\/\/www.residence-paris-asnieres.com\/wp-content\/uploads\/sites\/178\/2024\/11\/residence_asnieres_home_slide01-1.jpg","type":"image\/jpeg"}],"twitter_card":"summary_large_image","twitter_misc":{"Est. reading time":"2 minutes"},"schema":{"@context":"https:\/\/schema.org","@graph":[{"@type":"WebPage","@id":"https:\/\/www.residence-paris-asnieres.com\/en\/leisure\/","url":"https:\/\/www.residence-paris-asnieres.com\/en\/leisure\/","name":"Leisure - R\u00e9sidence Paris Asni\u00e8res","isPartOf":{"@id":"https:\/\/www.residence-paris-asnieres.com\/en\/#website"},"datePublished":"2024-11-08T10:22:07+00:00","dateModified":"2025-02-26T15:01:03+00:00","description":"Paris Thanks to its location near the gates of Paris, the aparthotel R\u00e9sidence Paris Asni\u00e8res allows you to enjoy the endless tourist and cultural opportunities of the capital. Such proximity offers everyone the opportunity to discover Paris and its monuments, exhibitions, department stores and more generally the intensity and diversity of Parisian life. From some apartments of our residence, you can enjoy a magnificent view of the Eiffel Tower and the roofs of Paris. &nbsp; Asni\u00e8res-sur-Seine Sports City The city of Asni\u00e8res offers a wide range of sports facilities: a dozen gymnasiums, six stadiums, a shooting range and two tennis clubs. A pool and an Olympic ice rink are grouped together in a large sports complex, called the Center des Courtilles, located north of the city. The addresses and opening hours of all these sports facilities are listed on the website of the city of Asni\u00e8res on \"sport\" page. &nbsp; His curiosities The city of Asni\u00e8res has a rich historical heritage","breadcrumb":{"@id":"https:\/\/www.residence-paris-asnieres.com\/en\/leisure\/#breadcrumb"},"inLanguage":"en-US","potentialAction":[{"@type":"ReadAction","target":["https:\/\/www.residence-paris-asnieres.com\/en\/leisure\/"]}]},{"@type":"BreadcrumbList","@id":"https:\/\/www.residence-paris-asnieres.com\/en\/leisure\/#breadcrumb","itemListElement":[{"@type":"ListItem","position":1,"name":"Home","item":"https:\/\/www.residence-paris-asnieres.com\/en\/"},{"@type":"ListItem","position":2,"name":"Leisure"}]},{"@type":"WebSite","@id":"https:\/\/www.residence-paris-asnieres.com\/en\/#website","url":"https:\/\/www.residence-paris-asnieres.com\/en\/","name":"R\u00e9sidence Paris Asni\u00e8res","description":"","publisher":{"@id":"https:\/\/www.residence-paris-asnieres.com\/en\/#organization"},"potentialAction":[{"@type":"SearchAction","target":{"@type":"EntryPoint","urlTemplate":"https:\/\/www.residence-paris-asnieres.com\/en\/?s={search_term_string}"},"query-input":{"@type":"PropertyValueSpecification","valueRequired":true,"valueName":"search_term_string"}}],"inLanguage":"en-US"},{"@type":"Organization","@id":"https:\/\/www.residence-paris-asnieres.com\/en\/#organization","name":"R\u00e9sidence Paris Asni\u00e8res","url":"https:\/\/www.residence-paris-asnieres.com\/en\/","logo":{"@type":"ImageObject","inLanguage":"en-US","@id":"https:\/\/www.residence-paris-asnieres.com\/en\/#\/schema\/logo\/image\/","url":"https:\/\/residence-paris-asnieres.ms2.decms.eu\/wp-content\/uploads\/sites\/178\/2024\/11\/logo-RESIDENCE_PARIS_ASNIERES-21.png","contentUrl":"https:\/\/residence-paris-asnieres.ms2.decms.eu\/wp-content\/uploads\/sites\/178\/2024\/11\/logo-RESIDENCE_PARIS_ASNIERES-21.png","width":346,"height":77,"caption":"R\u00e9sidence Paris Asni\u00e8res"},"image":{"@id":"https:\/\/www.residence-paris-asnieres.com\/en\/#\/schema\/logo\/image\/"}}]}},"acf":[],"_links":{"self":[{"href":"https:\/\/www.residence-paris-asnieres.com\/en\/wp-json\/wp\/v2\/pages\/219","targetHints":{"allow":["GET"]}}],"collection":[{"href":"https:\/\/www.residence-paris-asnieres.com\/en\/wp-json\/wp\/v2\/pages"}],"about":[{"href":"https:\/\/www.residence-paris-asnieres.com\/en\/wp-json\/wp\/v2\/types\/page"}],"author":[{"embeddable":true,"href":"https:\/\/www.residence-paris-asnieres.com\/en\/wp-json\/wp\/v2\/users\/13"}],"replies":[{"embeddable":true,"href":"https:\/\/www.residence-paris-asnieres.com\/en\/wp-json\/wp\/v2\/comments?post=219"}],"version-history":[{"count":0,"href":"https:\/\/www.residence-paris-asnieres.com\/en\/wp-json\/wp\/v2\/pages\/219\/revisions"}],"wp:attachment":[{"href":"https:\/\/www.residence-paris-asnieres.com\/en\/wp-json\/wp\/v2\/media?parent=219"}],"curies":[{"name":"wp","href":"https:\/\/api.w.org\/{rel}","templated":true}]}}