
{"id":162,"date":"2024-11-04T16:34:41","date_gmt":"2024-11-04T16:34:41","guid":{"rendered":"https:\/\/residence-paris-asnieres.ms2.decms.eu\/?page_id=162"},"modified":"2025-02-26T14:04:12","modified_gmt":"2025-02-26T14:04:12","slug":"special-offers","status":"publish","type":"page","link":"https:\/\/www.residence-paris-asnieres.com\/en\/special-offers\/","title":{"rendered":"Special Offers"},"content":{"rendered":"","protected":false},"excerpt":{"rendered":"","protected":false},"author":13,"featured_media":0,"parent":0,"menu_order":30,"comment_status":"closed","ping_status":"closed","template":"template-offers.php","meta":{"footnotes":""},"yoast_head":"<!-- This site is optimized with the Yoast SEO plugin v22.3 - https:\/\/yoast.com\/wordpress\/plugins\/seo\/ -->\n<title>Special Offers - R\u00e9sidence Paris Asni\u00e8res<\/title>\n<meta name=\"description\" content=\"Discover all the special offers of the R\u00e9sidence Paris Asni\u00e8res. Don&#039;t hesitate, book and come stay there!\" \/>\n<meta name=\"robots\" content=\"index, follow, max-snippet:-1, max-image-preview:large, max-video-preview:-1\" \/>\n<link rel=\"canonical\" href=\"https:\/\/www.residence-paris-asnieres.com\/en\/special-offers\/\" \/>\n<meta property=\"og:locale\" content=\"en_US\" \/>\n<meta property=\"og:type\" content=\"article\" \/>\n<meta property=\"og:title\" content=\"Special Offers - R\u00e9sidence Paris Asni\u00e8res\" \/>\n<meta property=\"og:description\" content=\"Discover all the special offers of the R\u00e9sidence Paris Asni\u00e8res. Don&#039;t hesitate, book and come stay there!\" \/>\n<meta property=\"og:url\" content=\"https:\/\/www.residence-paris-asnieres.com\/en\/special-offers\/\" \/>\n<meta property=\"og:site_name\" content=\"R\u00e9sidence Paris Asni\u00e8res\" \/>\n<meta property=\"article:modified_time\" content=\"2025-02-26T14:04:12+00:00\" \/>\n<meta property=\"og:image\" content=\"https:\/\/www.residence-paris-asnieres.com\/wp-content\/uploads\/sites\/178\/2024\/11\/residence_asnieres_home_slide01-1.jpg\" \/>\n\t<meta property=\"og:image:width\" content=\"2200\" \/>\n\t<meta property=\"og:image:height\" content=\"1200\" \/>\n\t<meta property=\"og:image:type\" content=\"image\/jpeg\" \/>\n<meta name=\"twitter:card\" content=\"summary_large_image\" \/>\n<script type=\"application\/ld+json\" class=\"yoast-schema-graph\">{\"@context\":\"https:\/\/schema.org\",\"@graph\":[{\"@type\":\"WebPage\",\"@id\":\"https:\/\/www.residence-paris-asnieres.com\/en\/special-offers\/\",\"url\":\"https:\/\/www.residence-paris-asnieres.com\/en\/special-offers\/\",\"name\":\"Special Offers - R\u00e9sidence Paris Asni\u00e8res\",\"isPartOf\":{\"@id\":\"https:\/\/www.residence-paris-asnieres.com\/en\/#website\"},\"datePublished\":\"2024-11-04T16:34:41+00:00\",\"dateModified\":\"2025-02-26T14:04:12+00:00\",\"description\":\"Discover all the special offers of the R\u00e9sidence Paris Asni\u00e8res. Don't hesitate, book and come stay there!\",\"breadcrumb\":{\"@id\":\"https:\/\/www.residence-paris-asnieres.com\/en\/special-offers\/#breadcrumb\"},\"inLanguage\":\"en-US\",\"potentialAction\":[{\"@type\":\"ReadAction\",\"target\":[\"https:\/\/www.residence-paris-asnieres.com\/en\/special-offers\/\"]}]},{\"@type\":\"BreadcrumbList\",\"@id\":\"https:\/\/www.residence-paris-asnieres.com\/en\/special-offers\/#breadcrumb\",\"itemListElement\":[{\"@type\":\"ListItem\",\"position\":1,\"name\":\"Home\",\"item\":\"https:\/\/www.residence-paris-asnieres.com\/en\/\"},{\"@type\":\"ListItem\",\"position\":2,\"name\":\"Special Offers\"}]},{\"@type\":\"WebSite\",\"@id\":\"https:\/\/www.residence-paris-asnieres.com\/en\/#website\",\"url\":\"https:\/\/www.residence-paris-asnieres.com\/en\/\",\"name\":\"R\u00e9sidence Paris Asni\u00e8res\",\"description\":\"\",\"publisher\":{\"@id\":\"https:\/\/www.residence-paris-asnieres.com\/en\/#organization\"},\"potentialAction\":[{\"@type\":\"SearchAction\",\"target\":{\"@type\":\"EntryPoint\",\"urlTemplate\":\"https:\/\/www.residence-paris-asnieres.com\/en\/?s={search_term_string}\"},\"query-input\":\"required name=search_term_string\"}],\"inLanguage\":\"en-US\"},{\"@type\":\"Organization\",\"@id\":\"https:\/\/www.residence-paris-asnieres.com\/en\/#organization\",\"name\":\"R\u00e9sidence Paris Asni\u00e8res\",\"url\":\"https:\/\/www.residence-paris-asnieres.com\/en\/\",\"logo\":{\"@type\":\"ImageObject\",\"inLanguage\":\"en-US\",\"@id\":\"https:\/\/www.residence-paris-asnieres.com\/en\/#\/schema\/logo\/image\/\",\"url\":\"https:\/\/residence-paris-asnieres.ms2.decms.eu\/wp-content\/uploads\/sites\/178\/2024\/11\/logo-RESIDENCE_PARIS_ASNIERES-21.png\",\"contentUrl\":\"https:\/\/residence-paris-asnieres.ms2.decms.eu\/wp-content\/uploads\/sites\/178\/2024\/11\/logo-RESIDENCE_PARIS_ASNIERES-21.png\",\"width\":346,\"height\":77,\"caption\":\"R\u00e9sidence Paris Asni\u00e8res\"},\"image\":{\"@id\":\"https:\/\/www.residence-paris-asnieres.com\/en\/#\/schema\/logo\/image\/\"}}]}<\/script>\n<!-- \/ Yoast SEO plugin. -->","yoast_head_json":{"title":"Special Offers - R\u00e9sidence Paris Asni\u00e8res","description":"Discover all the special offers of the R\u00e9sidence Paris Asni\u00e8res. Don't hesitate, book and come stay there!","robots":{"index":"index","follow":"follow","max-snippet":"max-snippet:-1","max-image-preview":"max-image-preview:large","max-video-preview":"max-video-preview:-1"},"canonical":"https:\/\/www.residence-paris-asnieres.com\/en\/special-offers\/","og_locale":"en_US","og_type":"article","og_title":"Special Offers - R\u00e9sidence Paris Asni\u00e8res","og_description":"Discover all the special offers of the R\u00e9sidence Paris Asni\u00e8res. Don't hesitate, book and come stay there!","og_url":"https:\/\/www.residence-paris-asnieres.com\/en\/special-offers\/","og_site_name":"R\u00e9sidence Paris Asni\u00e8res","article_modified_time":"2025-02-26T14:04:12+00:00","og_image":[{"width":2200,"height":1200,"url":"https:\/\/www.residence-paris-asnieres.com\/wp-content\/uploads\/sites\/178\/2024\/11\/residence_asnieres_home_slide01-1.jpg","type":"image\/jpeg"}],"twitter_card":"summary_large_image","schema":{"@context":"https:\/\/schema.org","@graph":[{"@type":"WebPage","@id":"https:\/\/www.residence-paris-asnieres.com\/en\/special-offers\/","url":"https:\/\/www.residence-paris-asnieres.com\/en\/special-offers\/","name":"Special Offers - R\u00e9sidence Paris Asni\u00e8res","isPartOf":{"@id":"https:\/\/www.residence-paris-asnieres.com\/en\/#website"},"datePublished":"2024-11-04T16:34:41+00:00","dateModified":"2025-02-26T14:04:12+00:00","description":"Discover all the special offers of the R\u00e9sidence Paris Asni\u00e8res. Don't hesitate, book and come stay there!","breadcrumb":{"@id":"https:\/\/www.residence-paris-asnieres.com\/en\/special-offers\/#breadcrumb"},"inLanguage":"en-US","potentialAction":[{"@type":"ReadAction","target":["https:\/\/www.residence-paris-asnieres.com\/en\/special-offers\/"]}]},{"@type":"BreadcrumbList","@id":"https:\/\/www.residence-paris-asnieres.com\/en\/special-offers\/#breadcrumb","itemListElement":[{"@type":"ListItem","position":1,"name":"Home","item":"https:\/\/www.residence-paris-asnieres.com\/en\/"},{"@type":"ListItem","position":2,"name":"Special Offers"}]},{"@type":"WebSite","@id":"https:\/\/www.residence-paris-asnieres.com\/en\/#website","url":"https:\/\/www.residence-paris-asnieres.com\/en\/","name":"R\u00e9sidence Paris Asni\u00e8res","description":"","publisher":{"@id":"https:\/\/www.residence-paris-asnieres.com\/en\/#organization"},"potentialAction":[{"@type":"SearchAction","target":{"@type":"EntryPoint","urlTemplate":"https:\/\/www.residence-paris-asnieres.com\/en\/?s={search_term_string}"},"query-input":"required name=search_term_string"}],"inLanguage":"en-US"},{"@type":"Organization","@id":"https:\/\/www.residence-paris-asnieres.com\/en\/#organization","name":"R\u00e9sidence Paris Asni\u00e8res","url":"https:\/\/www.residence-paris-asnieres.com\/en\/","logo":{"@type":"ImageObject","inLanguage":"en-US","@id":"https:\/\/www.residence-paris-asnieres.com\/en\/#\/schema\/logo\/image\/","url":"https:\/\/residence-paris-asnieres.ms2.decms.eu\/wp-content\/uploads\/sites\/178\/2024\/11\/logo-RESIDENCE_PARIS_ASNIERES-21.png","contentUrl":"https:\/\/residence-paris-asnieres.ms2.decms.eu\/wp-content\/uploads\/sites\/178\/2024\/11\/logo-RESIDENCE_PARIS_ASNIERES-21.png","width":346,"height":77,"caption":"R\u00e9sidence Paris Asni\u00e8res"},"image":{"@id":"https:\/\/www.residence-paris-asnieres.com\/en\/#\/schema\/logo\/image\/"}}]}},"acf":[],"_links":{"self":[{"href":"https:\/\/www.residence-paris-asnieres.com\/en\/wp-json\/wp\/v2\/pages\/162"}],"collection":[{"href":"https:\/\/www.residence-paris-asnieres.com\/en\/wp-json\/wp\/v2\/pages"}],"about":[{"href":"https:\/\/www.residence-paris-asnieres.com\/en\/wp-json\/wp\/v2\/types\/page"}],"author":[{"embeddable":true,"href":"https:\/\/www.residence-paris-asnieres.com\/en\/wp-json\/wp\/v2\/users\/13"}],"replies":[{"embeddable":true,"href":"https:\/\/www.residence-paris-asnieres.com\/en\/wp-json\/wp\/v2\/comments?post=162"}],"version-history":[{"count":0,"href":"https:\/\/www.residence-paris-asnieres.com\/en\/wp-json\/wp\/v2\/pages\/162\/revisions"}],"wp:attachment":[{"href":"https:\/\/www.residence-paris-asnieres.com\/en\/wp-json\/wp\/v2\/media?parent=162"}],"curies":[{"name":"wp","href":"https:\/\/api.w.org\/{rel}","templated":true}]}}